{"id":144,"date":"2025-12-15T12:22:52","date_gmt":"2025-12-15T11:22:52","guid":{"rendered":"https:\/\/navigatio.es\/?page_id=144"},"modified":"2025-12-24T11:32:19","modified_gmt":"2025-12-24T10:32:19","slug":"vision-y-mision","status":"publish","type":"page","link":"https:\/\/navigatio.es\/index.php\/vision-y-mision\/","title":{"rendered":"Visi\u00f3n y Misi\u00f3n"},"content":{"rendered":"\t\t<div data-elementor-type=\"wp-page\" data-elementor-id=\"144\" class=\"elementor elementor-144\" data-elementor-post-type=\"page\">\n\t\t\t\t<div class=\"elementor-element elementor-element-4c00ce56 e-con-full e-flex e-con e-parent\" data-id=\"4c00ce56\" data-element_type=\"container\" data-e-type=\"container\" data-settings=\"{&quot;background_background&quot;:&quot;classic&quot;}\">\n\t\t<div class=\"elementor-element elementor-element-2e081ca4 e-con-full e-flex e-con e-child\" data-id=\"2e081ca4\" data-element_type=\"container\" data-e-type=\"container\">\n\t\t\t\t<div class=\"elementor-element elementor-element-2e3969c0 elementor-widget elementor-widget-heading\" data-id=\"2e3969c0\" data-element_type=\"widget\" data-e-type=\"widget\" data-widget_type=\"heading.default\">\n\t\t\t\t\t<p class=\"elementor-heading-title elementor-size-default\">Un laboratorio abierto de Econom\u00eda Azul y ciudadan\u00eda activa en la Bah\u00eda de Santander.<\/p>\t\t\t\t<\/div>\n\t\t\t\t<div class=\"elementor-element elementor-element-3da5147 elementor-widget elementor-widget-heading\" data-id=\"3da5147\" data-element_type=\"widget\" data-e-type=\"widget\" data-widget_type=\"heading.default\">\n\t\t\t\t\t<h1 class=\"elementor-heading-title elementor-size-default\">Visi\u00f3n y Misi\u00f3n<\/h1>\t\t\t\t<\/div>\n\t\t\t\t<div class=\"elementor-element elementor-element-5174c9f8 elementor-widget elementor-widget-text-editor\" data-id=\"5174c9f8\" data-element_type=\"widget\" data-e-type=\"widget\" data-widget_type=\"text-editor.default\">\n\t\t\t\t\t\t\t\t\t<p>Nuestra visi\u00f3n y misi\u00f3n gu\u00edan cada acci\u00f3n de Navigatio, conectando tradici\u00f3n, participaci\u00f3n y sostenibilidad oce\u00e1nica.<\/p>\t\t\t\t\t\t\t\t<\/div>\n\t\t\t\t<div class=\"elementor-element elementor-element-2e862cc7 elementor-widget elementor-widget-button\" data-id=\"2e862cc7\" data-element_type=\"widget\" data-e-type=\"widget\" data-widget_type=\"button.default\">\n\t\t\t\t\t\t\t\t\t\t<a class=\"elementor-button elementor-button-link elementor-size-sm\" href=\"#\">\n\t\t\t\t\t\t<span class=\"elementor-button-content-wrapper\">\n\t\t\t\t\t\t\t\t\t<span class=\"elementor-button-text\">Conoce m\u00e1s<\/span>\n\t\t\t\t\t<\/span>\n\t\t\t\t\t<\/a>\n\t\t\t\t\t\t\t\t<\/div>\n\t\t\t\t<\/div>\n\t\t\t\t<\/div>\n\t\t<div class=\"elementor-element elementor-element-c3ab6fd e-flex e-con-boxed e-con e-parent\" data-id=\"c3ab6fd\" data-element_type=\"container\" data-e-type=\"container\">\n\t\t\t\t\t<div class=\"e-con-inner\">\n\t\t\t\t<div class=\"elementor-element elementor-element-7adee1b elementor-widget elementor-widget-text-editor\" data-id=\"7adee1b\" data-element_type=\"widget\" data-e-type=\"widget\" data-widget_type=\"text-editor.default\">\n\t\t\t\t\t\t\t\t\t<nav class=\"breadcrumb\" aria-label=\"Breadcrumb\"><ol><li style=\"list-style-type: none;\"><ol><li><a href=\"https:\/\/navigatio.es\/\">Inicio<\/a><\/li><li><a>Qui\u00e9nes somos<\/a><\/li><li class=\"current\" aria-current=\"page\">Visi\u00f3n y Misi\u00f3n<\/li><\/ol><\/li><\/ol><\/nav>\t\t\t\t\t\t\t\t<\/div>\n\t\t\t\t\t<\/div>\n\t\t\t\t<\/div>\n\t\t<div class=\"elementor-element elementor-element-356e9f0 e-flex e-con-boxed e-con e-parent\" data-id=\"356e9f0\" data-element_type=\"container\" data-e-type=\"container\">\n\t\t\t\t\t<div class=\"e-con-inner\">\n\t\t<div class=\"elementor-element elementor-element-f48bc7e e-con-full e-flex e-con e-child\" data-id=\"f48bc7e\" data-element_type=\"container\" data-e-type=\"container\">\n\t\t\t\t<div class=\"elementor-element elementor-element-447b6be elementor-widget elementor-widget-heading\" data-id=\"447b6be\" data-element_type=\"widget\" data-e-type=\"widget\" data-widget_type=\"heading.default\">\n\t\t\t\t\t<p class=\"elementor-heading-title elementor-size-default\"><a href=\"#vision\">Nuestra Visi\u00f3n<\/a><\/p>\t\t\t\t<\/div>\n\t\t\t\t<div class=\"elementor-element elementor-element-57e75d1 elementor-align-start elementor-icon-list--layout-traditional elementor-list-item-link-full_width elementor-widget elementor-widget-icon-list\" data-id=\"57e75d1\" data-element_type=\"widget\" data-e-type=\"widget\" data-widget_type=\"icon-list.default\">\n\t\t\t\t\t\t\t<ul class=\"elementor-icon-list-items\">\n\t\t\t\t\t\t\t<li class=\"elementor-icon-list-item\">\n\t\t\t\t\t\t\t\t\t\t\t<span class=\"elementor-icon-list-icon\">\n\t\t\t\t\t\t\t<svg aria-hidden=\"true\" class=\"e-font-icon-svg e-fas-check\" viewBox=\"0 0 512 512\" xmlns=\"http:\/\/www.w3.org\/2000\/svg\"><path d=\"M173.898 439.404l-166.4-166.4c-9.997-9.997-9.997-26.206 0-36.204l36.203-36.204c9.997-9.998 26.207-9.998 36.204 0L192 312.69 432.095 72.596c9.997-9.997 26.207-9.997 36.204 0l36.203 36.204c9.997 9.997 9.997 26.206 0 36.204l-294.4 294.401c-9.998 9.997-26.207 9.997-36.204-.001z\"><\/path><\/svg>\t\t\t\t\t\t<\/span>\n\t\t\t\t\t\t\t\t\t\t<span class=\"elementor-icon-list-text\">Ser una referencia en educaci\u00f3n mar\u00edtima y participaci\u00f3n.<\/span>\n\t\t\t\t\t\t\t\t\t<\/li>\n\t\t\t\t\t\t\t\t<li class=\"elementor-icon-list-item\">\n\t\t\t\t\t\t\t\t\t\t\t<span class=\"elementor-icon-list-icon\">\n\t\t\t\t\t\t\t<svg aria-hidden=\"true\" class=\"e-font-icon-svg e-fas-check\" viewBox=\"0 0 512 512\" xmlns=\"http:\/\/www.w3.org\/2000\/svg\"><path d=\"M173.898 439.404l-166.4-166.4c-9.997-9.997-9.997-26.206 0-36.204l36.203-36.204c9.997-9.998 26.207-9.998 36.204 0L192 312.69 432.095 72.596c9.997-9.997 26.207-9.997 36.204 0l36.203 36.204c9.997 9.997 9.997 26.206 0 36.204l-294.4 294.401c-9.998 9.997-26.207 9.997-36.204-.001z\"><\/path><\/svg>\t\t\t\t\t\t<\/span>\n\t\t\t\t\t\t\t\t\t\t<span class=\"elementor-icon-list-text\">Crear una red de mareantes comprometidos con el oc\u00e9ano.<\/span>\n\t\t\t\t\t\t\t\t\t<\/li>\n\t\t\t\t\t\t\t\t<li class=\"elementor-icon-list-item\">\n\t\t\t\t\t\t\t\t\t\t\t<span class=\"elementor-icon-list-icon\">\n\t\t\t\t\t\t\t<svg aria-hidden=\"true\" class=\"e-font-icon-svg e-fas-check\" viewBox=\"0 0 512 512\" xmlns=\"http:\/\/www.w3.org\/2000\/svg\"><path d=\"M173.898 439.404l-166.4-166.4c-9.997-9.997-9.997-26.206 0-36.204l36.203-36.204c9.997-9.998 26.207-9.998 36.204 0L192 312.69 432.095 72.596c9.997-9.997 26.207-9.997 36.204 0l36.203 36.204c9.997 9.997 9.997 26.206 0 36.204l-294.4 294.401c-9.998 9.997-26.207 9.997-36.204-.001z\"><\/path><\/svg>\t\t\t\t\t\t<\/span>\n\t\t\t\t\t\t\t\t\t\t<span class=\"elementor-icon-list-text\">Inspirar a nuevas generaciones a cuidar y disfrutar del mar<\/span>\n\t\t\t\t\t\t\t\t\t<\/li>\n\t\t\t\t\t\t<\/ul>\n\t\t\t\t\t\t<\/div>\n\t\t\t\t<\/div>\n\t\t<div class=\"elementor-element elementor-element-08b9ac7 e-con-full e-flex e-con e-child\" data-id=\"08b9ac7\" data-element_type=\"container\" data-e-type=\"container\">\n\t\t\t\t<div class=\"elementor-element elementor-element-420d5b9 elementor-widget elementor-widget-heading\" data-id=\"420d5b9\" data-element_type=\"widget\" data-e-type=\"widget\" data-widget_type=\"heading.default\">\n\t\t\t\t\t<p class=\"elementor-heading-title elementor-size-default\"><a href=\"#mision\">Nuestra Misi\u00f3n<\/a><\/p>\t\t\t\t<\/div>\n\t\t\t\t<div class=\"elementor-element elementor-element-79d0057 elementor-align-start elementor-icon-list--layout-traditional elementor-list-item-link-full_width elementor-widget elementor-widget-icon-list\" data-id=\"79d0057\" data-element_type=\"widget\" data-e-type=\"widget\" data-widget_type=\"icon-list.default\">\n\t\t\t\t\t\t\t<ul class=\"elementor-icon-list-items\">\n\t\t\t\t\t\t\t<li class=\"elementor-icon-list-item\">\n\t\t\t\t\t\t\t\t\t\t\t<span class=\"elementor-icon-list-icon\">\n\t\t\t\t\t\t\t<svg aria-hidden=\"true\" class=\"e-font-icon-svg e-fas-check\" viewBox=\"0 0 512 512\" xmlns=\"http:\/\/www.w3.org\/2000\/svg\"><path d=\"M173.898 439.404l-166.4-166.4c-9.997-9.997-9.997-26.206 0-36.204l36.203-36.204c9.997-9.998 26.207-9.998 36.204 0L192 312.69 432.095 72.596c9.997-9.997 26.207-9.997 36.204 0l36.203 36.204c9.997 9.997 9.997 26.206 0 36.204l-294.4 294.401c-9.998 9.997-26.207 9.997-36.204-.001z\"><\/path><\/svg>\t\t\t\t\t\t<\/span>\n\t\t\t\t\t\t\t\t\t\t<span class=\"elementor-icon-list-text\">Conectar a la ciudadan\u00eda con el mar a trav\u00e9s de experiencias.<\/span>\n\t\t\t\t\t\t\t\t\t<\/li>\n\t\t\t\t\t\t\t\t<li class=\"elementor-icon-list-item\">\n\t\t\t\t\t\t\t\t\t\t\t<span class=\"elementor-icon-list-icon\">\n\t\t\t\t\t\t\t<svg aria-hidden=\"true\" class=\"e-font-icon-svg e-fas-check\" viewBox=\"0 0 512 512\" xmlns=\"http:\/\/www.w3.org\/2000\/svg\"><path d=\"M173.898 439.404l-166.4-166.4c-9.997-9.997-9.997-26.206 0-36.204l36.203-36.204c9.997-9.998 26.207-9.998 36.204 0L192 312.69 432.095 72.596c9.997-9.997 26.207-9.997 36.204 0l36.203 36.204c9.997 9.997 9.997 26.206 0 36.204l-294.4 294.401c-9.998 9.997-26.207 9.997-36.204-.001z\"><\/path><\/svg>\t\t\t\t\t\t<\/span>\n\t\t\t\t\t\t\t\t\t\t<span class=\"elementor-icon-list-text\">Fomentar la conciencia ambiental y la conservaci\u00f3n del mar.<\/span>\n\t\t\t\t\t\t\t\t\t<\/li>\n\t\t\t\t\t\t\t\t<li class=\"elementor-icon-list-item\">\n\t\t\t\t\t\t\t\t\t\t\t<span class=\"elementor-icon-list-icon\">\n\t\t\t\t\t\t\t<svg aria-hidden=\"true\" class=\"e-font-icon-svg e-fas-check\" viewBox=\"0 0 512 512\" xmlns=\"http:\/\/www.w3.org\/2000\/svg\"><path d=\"M173.898 439.404l-166.4-166.4c-9.997-9.997-9.997-26.206 0-36.204l36.203-36.204c9.997-9.998 26.207-9.998 36.204 0L192 312.69 432.095 72.596c9.997-9.997 26.207-9.997 36.204 0l36.203 36.204c9.997 9.997 9.997 26.206 0 36.204l-294.4 294.401c-9.998 9.997-26.207 9.997-36.204-.001z\"><\/path><\/svg>\t\t\t\t\t\t<\/span>\n\t\t\t\t\t\t\t\t\t\t<span class=\"elementor-icon-list-text\">Promover olaboraci\u00f3n y participaci\u00f3n activa de los mareantes.<\/span>\n\t\t\t\t\t\t\t\t\t<\/li>\n\t\t\t\t\t\t<\/ul>\n\t\t\t\t\t\t<\/div>\n\t\t\t\t<\/div>\n\t\t\t\t\t<\/div>\n\t\t\t\t<\/div>\n\t\t<div class=\"elementor-element elementor-element-a5e6aa7 e-con-full e-flex e-con e-parent\" data-id=\"a5e6aa7\" data-element_type=\"container\" data-e-type=\"container\">\n\t\t<div class=\"elementor-element elementor-element-b842149 e-flex e-con-boxed e-con e-child\" data-id=\"b842149\" data-element_type=\"container\" data-e-type=\"container\">\n\t\t\t\t\t<div class=\"e-con-inner\">\n\t\t\t\t<div class=\"elementor-element elementor-element-4b7017e elementor-widget elementor-widget-heading\" data-id=\"4b7017e\" data-element_type=\"widget\" data-e-type=\"widget\" id=\"vision\" data-widget_type=\"heading.default\">\n\t\t\t\t\t<h2 class=\"elementor-heading-title elementor-size-default\">Visi\u00f3n<\/h2>\t\t\t\t<\/div>\n\t\t\t\t<div class=\"elementor-element elementor-element-f08666a elementor-widget elementor-widget-heading\" data-id=\"f08666a\" data-element_type=\"widget\" data-e-type=\"widget\" data-widget_type=\"heading.default\">\n\t\t\t\t\t<p class=\"elementor-heading-title elementor-size-default\">Transformar la Bah\u00eda de Santander en un laboratorio abierto de Econom\u00eda Azul y ciudadan\u00eda activa.<\/p>\t\t\t\t<\/div>\n\t\t\t\t\t<\/div>\n\t\t\t\t<\/div>\n\t\t<div class=\"elementor-element elementor-element-6cb28da e-flex e-con-boxed e-con e-child\" data-id=\"6cb28da\" data-element_type=\"container\" data-e-type=\"container\">\n\t\t\t\t\t<div class=\"e-con-inner\">\n\t\t<div class=\"elementor-element elementor-element-5ae17b8 e-con-full e-flex e-con e-child\" data-id=\"5ae17b8\" data-element_type=\"container\" data-e-type=\"container\" data-settings=\"{&quot;background_background&quot;:&quot;classic&quot;}\">\n\t\t\t\t<\/div>\n\t\t<div class=\"elementor-element elementor-element-868f80f e-con-full e-flex e-con e-child\" data-id=\"868f80f\" data-element_type=\"container\" data-e-type=\"container\">\n\t\t\t\t<div class=\"elementor-element elementor-element-6524c36 elementor-widget elementor-widget-text-editor\" data-id=\"6524c36\" data-element_type=\"widget\" data-e-type=\"widget\" data-widget_type=\"text-editor.default\">\n\t\t\t\t\t\t\t\t\t<p>Queremos convertir la Bah\u00eda de Santander en un gran laboratorio abierto para comprender la Econom\u00eda Azul y conciliar sus sectores a trav\u00e9s de la Alfabetizaci\u00f3n Oce\u00e1nica. Aspiramos a que este espacio sea un referente internacional, donde ciudadan\u00eda, instituciones y agentes sociales colaboren para construir un futuro sostenible desde el mar.<\/p>\t\t\t\t\t\t\t\t<\/div>\n\t\t\t\t<\/div>\n\t\t\t\t\t<\/div>\n\t\t\t\t<\/div>\n\t\t\t\t<\/div>\n\t\t<div class=\"elementor-element elementor-element-c0bcc86 e-con-full e-flex e-con e-parent\" data-id=\"c0bcc86\" data-element_type=\"container\" data-e-type=\"container\">\n\t\t<div class=\"elementor-element elementor-element-a10d34e e-flex e-con-boxed e-con e-child\" data-id=\"a10d34e\" data-element_type=\"container\" data-e-type=\"container\">\n\t\t\t\t\t<div class=\"e-con-inner\">\n\t\t\t\t<div class=\"elementor-element elementor-element-aceee66 elementor-widget elementor-widget-heading\" data-id=\"aceee66\" data-element_type=\"widget\" data-e-type=\"widget\" id=\"mision\" data-widget_type=\"heading.default\">\n\t\t\t\t\t<h2 class=\"elementor-heading-title elementor-size-default\">Misi\u00f3n<\/h2>\t\t\t\t<\/div>\n\t\t\t\t<div class=\"elementor-element elementor-element-811d42d elementor-widget elementor-widget-heading\" data-id=\"811d42d\" data-element_type=\"widget\" data-e-type=\"widget\" data-widget_type=\"heading.default\">\n\t\t\t\t\t<p class=\"elementor-heading-title elementor-size-default\">Conectar patrimonio n\u00e1utico, cultura oce\u00e1nica y participaci\u00f3n ciudadana a trav\u00e9s de acciones locales e internacionales.<\/p>\t\t\t\t<\/div>\n\t\t\t\t\t<\/div>\n\t\t\t\t<\/div>\n\t\t<div class=\"elementor-element elementor-element-a6c2f11 e-flex e-con-boxed e-con e-child\" data-id=\"a6c2f11\" data-element_type=\"container\" data-e-type=\"container\">\n\t\t\t\t\t<div class=\"e-con-inner\">\n\t\t<div class=\"elementor-element elementor-element-98bd382 e-con-full e-flex e-con e-child\" data-id=\"98bd382\" data-element_type=\"container\" data-e-type=\"container\">\n\t\t\t\t<div class=\"elementor-element elementor-element-e1141fa elementor-widget elementor-widget-text-editor\" data-id=\"e1141fa\" data-element_type=\"widget\" data-e-type=\"widget\" data-widget_type=\"text-editor.default\">\n\t\t\t\t\t\t\t\t\t<p>Nuestra misi\u00f3n se concreta en acciones tangibles que acercan el patrimonio n\u00e1utico y la cultura oce\u00e1nica a la ciudadan\u00eda: dar carta de naturaleza a las embarcaciones tradicionales de Cantabria dentro del patrimonio europeo y ponerlas a disposici\u00f3n p\u00fablica; tejer una red internacional con grupos afines en Reino Unido, Italia, Irlanda, Francia y Pa\u00edses Bajos; participar en los grandes eventos europeos; asumir un papel activo en las propuestas de la Uni\u00f3n Europea sobre sostenibilidad y alfabetizaci\u00f3n oce\u00e1nica; y construir talleres tem\u00e1ticos estables que conecten cultura, patrimonio y participaci\u00f3n ciudadana.<\/p>\t\t\t\t\t\t\t\t<\/div>\n\t\t\t\t<\/div>\n\t\t<div class=\"elementor-element elementor-element-b0323ba e-con-full e-flex e-con e-child\" data-id=\"b0323ba\" data-element_type=\"container\" data-e-type=\"container\" data-settings=\"{&quot;background_background&quot;:&quot;classic&quot;}\">\n\t\t\t\t<\/div>\n\t\t\t\t\t<\/div>\n\t\t\t\t<\/div>\n\t\t\t\t<\/div>\n\t\t\t\t<\/div>\n\t\t","protected":false},"excerpt":{"rendered":"<p>Un laboratorio abierto de Econom\u00eda Azul y ciudadan\u00eda activa en la Bah\u00eda de Santander. Visi\u00f3n y Misi\u00f3n Nuestra visi\u00f3n y misi\u00f3n gu\u00edan cada acci\u00f3n de Navigatio, conectando tradici\u00f3n, participaci\u00f3n y sostenibilidad oce\u00e1nica. Conoce m\u00e1s Inicio Qui\u00e9nes somos Visi\u00f3n y Misi\u00f3n Nuestra Visi\u00f3n Ser una referencia en educaci\u00f3n mar\u00edtima y participaci\u00f3n. Crear una red de mareantes [&hellip;]<\/p>\n","protected":false},"author":1,"featured_media":0,"parent":0,"menu_order":0,"comment_status":"closed","ping_status":"closed","template":"elementor_header_footer","meta":{"footnotes":""},"class_list":["post-144","page","type-page","status-publish","hentry"],"yoast_head":"<!-- This site is optimized with the Yoast SEO plugin v27.4 - https:\/\/yoast.com\/product\/yoast-seo-wordpress\/ -->\n<title>Visi\u00f3n y Misi\u00f3n - Navigatio<\/title>\n<meta name=\"robots\" content=\"index, follow, max-snippet:-1, max-image-preview:large, max-video-preview:-1\" \/>\n<link rel=\"canonical\" href=\"https:\/\/navigatio.es\/index.php\/vision-y-mision\/\" \/>\n<meta property=\"og:locale\" content=\"es_ES\" \/>\n<meta property=\"og:type\" content=\"article\" \/>\n<meta property=\"og:title\" content=\"Visi\u00f3n y Misi\u00f3n - Navigatio\" \/>\n<meta property=\"og:description\" content=\"Un laboratorio abierto de Econom\u00eda Azul y ciudadan\u00eda activa en la Bah\u00eda de Santander. Visi\u00f3n y Misi\u00f3n Nuestra visi\u00f3n y misi\u00f3n gu\u00edan cada acci\u00f3n de Navigatio, conectando tradici\u00f3n, participaci\u00f3n y sostenibilidad oce\u00e1nica. Conoce m\u00e1s Inicio Qui\u00e9nes somos Visi\u00f3n y Misi\u00f3n Nuestra Visi\u00f3n Ser una referencia en educaci\u00f3n mar\u00edtima y participaci\u00f3n. Crear una red de mareantes [&hellip;]\" \/>\n<meta property=\"og:url\" content=\"https:\/\/navigatio.es\/index.php\/vision-y-mision\/\" \/>\n<meta property=\"og:site_name\" content=\"Navigatio\" \/>\n<meta property=\"article:modified_time\" content=\"2025-12-24T10:32:19+00:00\" \/>\n<meta name=\"twitter:card\" content=\"summary_large_image\" \/>\n<meta name=\"twitter:label1\" content=\"Tiempo de lectura\" \/>\n\t<meta name=\"twitter:data1\" content=\"2 minutos\" \/>\n<script type=\"application\/ld+json\" class=\"yoast-schema-graph\">{\"@context\":\"https:\\\/\\\/schema.org\",\"@graph\":[{\"@type\":\"WebPage\",\"@id\":\"https:\\\/\\\/navigatio.es\\\/index.php\\\/vision-y-mision\\\/\",\"url\":\"https:\\\/\\\/navigatio.es\\\/index.php\\\/vision-y-mision\\\/\",\"name\":\"Visi\u00f3n y Misi\u00f3n - Navigatio\",\"isPartOf\":{\"@id\":\"https:\\\/\\\/navigatio.es\\\/#website\"},\"datePublished\":\"2025-12-15T11:22:52+00:00\",\"dateModified\":\"2025-12-24T10:32:19+00:00\",\"breadcrumb\":{\"@id\":\"https:\\\/\\\/navigatio.es\\\/index.php\\\/vision-y-mision\\\/#breadcrumb\"},\"inLanguage\":\"es\",\"potentialAction\":[{\"@type\":\"ReadAction\",\"target\":[\"https:\\\/\\\/navigatio.es\\\/index.php\\\/vision-y-mision\\\/\"]}]},{\"@type\":\"BreadcrumbList\",\"@id\":\"https:\\\/\\\/navigatio.es\\\/index.php\\\/vision-y-mision\\\/#breadcrumb\",\"itemListElement\":[{\"@type\":\"ListItem\",\"position\":1,\"name\":\"Portada\",\"item\":\"https:\\\/\\\/navigatio.es\\\/\"},{\"@type\":\"ListItem\",\"position\":2,\"name\":\"Visi\u00f3n y Misi\u00f3n\"}]},{\"@type\":\"WebSite\",\"@id\":\"https:\\\/\\\/navigatio.es\\\/#website\",\"url\":\"https:\\\/\\\/navigatio.es\\\/\",\"name\":\"Navigatio\",\"description\":\"\",\"publisher\":{\"@id\":\"https:\\\/\\\/navigatio.es\\\/#organization\"},\"potentialAction\":[{\"@type\":\"SearchAction\",\"target\":{\"@type\":\"EntryPoint\",\"urlTemplate\":\"https:\\\/\\\/navigatio.es\\\/?s={search_term_string}\"},\"query-input\":{\"@type\":\"PropertyValueSpecification\",\"valueRequired\":true,\"valueName\":\"search_term_string\"}}],\"inLanguage\":\"es\"},{\"@type\":\"Organization\",\"@id\":\"https:\\\/\\\/navigatio.es\\\/#organization\",\"name\":\"Navigatio\",\"url\":\"https:\\\/\\\/navigatio.es\\\/\",\"logo\":{\"@type\":\"ImageObject\",\"inLanguage\":\"es\",\"@id\":\"https:\\\/\\\/navigatio.es\\\/#\\\/schema\\\/logo\\\/image\\\/\",\"url\":\"https:\\\/\\\/navigatio.es\\\/wp-content\\\/uploads\\\/2025\\\/12\\\/Logo-def-vectorizado_page-0001-e1765543556822.jpg\",\"contentUrl\":\"https:\\\/\\\/navigatio.es\\\/wp-content\\\/uploads\\\/2025\\\/12\\\/Logo-def-vectorizado_page-0001-e1765543556822.jpg\",\"width\":728,\"height\":722,\"caption\":\"Navigatio\"},\"image\":{\"@id\":\"https:\\\/\\\/navigatio.es\\\/#\\\/schema\\\/logo\\\/image\\\/\"}}]}<\/script>\n<!-- \/ Yoast SEO plugin. -->","yoast_head_json":{"title":"Visi\u00f3n y Misi\u00f3n - Navigatio","robots":{"index":"index","follow":"follow","max-snippet":"max-snippet:-1","max-image-preview":"max-image-preview:large","max-video-preview":"max-video-preview:-1"},"canonical":"https:\/\/navigatio.es\/index.php\/vision-y-mision\/","og_locale":"es_ES","og_type":"article","og_title":"Visi\u00f3n y Misi\u00f3n - Navigatio","og_description":"Un laboratorio abierto de Econom\u00eda Azul y ciudadan\u00eda activa en la Bah\u00eda de Santander. Visi\u00f3n y Misi\u00f3n Nuestra visi\u00f3n y misi\u00f3n gu\u00edan cada acci\u00f3n de Navigatio, conectando tradici\u00f3n, participaci\u00f3n y sostenibilidad oce\u00e1nica. Conoce m\u00e1s Inicio Qui\u00e9nes somos Visi\u00f3n y Misi\u00f3n Nuestra Visi\u00f3n Ser una referencia en educaci\u00f3n mar\u00edtima y participaci\u00f3n. Crear una red de mareantes [&hellip;]","og_url":"https:\/\/navigatio.es\/index.php\/vision-y-mision\/","og_site_name":"Navigatio","article_modified_time":"2025-12-24T10:32:19+00:00","twitter_card":"summary_large_image","twitter_misc":{"Tiempo de lectura":"2 minutos"},"schema":{"@context":"https:\/\/schema.org","@graph":[{"@type":"WebPage","@id":"https:\/\/navigatio.es\/index.php\/vision-y-mision\/","url":"https:\/\/navigatio.es\/index.php\/vision-y-mision\/","name":"Visi\u00f3n y Misi\u00f3n - Navigatio","isPartOf":{"@id":"https:\/\/navigatio.es\/#website"},"datePublished":"2025-12-15T11:22:52+00:00","dateModified":"2025-12-24T10:32:19+00:00","breadcrumb":{"@id":"https:\/\/navigatio.es\/index.php\/vision-y-mision\/#breadcrumb"},"inLanguage":"es","potentialAction":[{"@type":"ReadAction","target":["https:\/\/navigatio.es\/index.php\/vision-y-mision\/"]}]},{"@type":"BreadcrumbList","@id":"https:\/\/navigatio.es\/index.php\/vision-y-mision\/#breadcrumb","itemListElement":[{"@type":"ListItem","position":1,"name":"Portada","item":"https:\/\/navigatio.es\/"},{"@type":"ListItem","position":2,"name":"Visi\u00f3n y Misi\u00f3n"}]},{"@type":"WebSite","@id":"https:\/\/navigatio.es\/#website","url":"https:\/\/navigatio.es\/","name":"Navigatio","description":"","publisher":{"@id":"https:\/\/navigatio.es\/#organization"},"potentialAction":[{"@type":"SearchAction","target":{"@type":"EntryPoint","urlTemplate":"https:\/\/navigatio.es\/?s={search_term_string}"},"query-input":{"@type":"PropertyValueSpecification","valueRequired":true,"valueName":"search_term_string"}}],"inLanguage":"es"},{"@type":"Organization","@id":"https:\/\/navigatio.es\/#organization","name":"Navigatio","url":"https:\/\/navigatio.es\/","logo":{"@type":"ImageObject","inLanguage":"es","@id":"https:\/\/navigatio.es\/#\/schema\/logo\/image\/","url":"https:\/\/navigatio.es\/wp-content\/uploads\/2025\/12\/Logo-def-vectorizado_page-0001-e1765543556822.jpg","contentUrl":"https:\/\/navigatio.es\/wp-content\/uploads\/2025\/12\/Logo-def-vectorizado_page-0001-e1765543556822.jpg","width":728,"height":722,"caption":"Navigatio"},"image":{"@id":"https:\/\/navigatio.es\/#\/schema\/logo\/image\/"}}]}},"_links":{"self":[{"href":"https:\/\/navigatio.es\/index.php\/wp-json\/wp\/v2\/pages\/144","targetHints":{"allow":["GET"]}}],"collection":[{"href":"https:\/\/navigatio.es\/index.php\/wp-json\/wp\/v2\/pages"}],"about":[{"href":"https:\/\/navigatio.es\/index.php\/wp-json\/wp\/v2\/types\/page"}],"author":[{"embeddable":true,"href":"https:\/\/navigatio.es\/index.php\/wp-json\/wp\/v2\/users\/1"}],"replies":[{"embeddable":true,"href":"https:\/\/navigatio.es\/index.php\/wp-json\/wp\/v2\/comments?post=144"}],"version-history":[{"count":28,"href":"https:\/\/navigatio.es\/index.php\/wp-json\/wp\/v2\/pages\/144\/revisions"}],"predecessor-version":[{"id":939,"href":"https:\/\/navigatio.es\/index.php\/wp-json\/wp\/v2\/pages\/144\/revisions\/939"}],"wp:attachment":[{"href":"https:\/\/navigatio.es\/index.php\/wp-json\/wp\/v2\/media?parent=144"}],"curies":[{"name":"wp","href":"https:\/\/api.w.org\/{rel}","templated":true}]}}