{"id":226,"date":"2025-12-15T13:35:07","date_gmt":"2025-12-15T12:35:07","guid":{"rendered":"https:\/\/navigatio.es\/?page_id=226"},"modified":"2025-12-24T11:14:08","modified_gmt":"2025-12-24T10:14:08","slug":"como-participar","status":"publish","type":"page","link":"https:\/\/navigatio.es\/index.php\/como-participar\/","title":{"rendered":"C\u00f3mo participar"},"content":{"rendered":"\t\t<div data-elementor-type=\"wp-page\" data-elementor-id=\"226\" class=\"elementor elementor-226\" data-elementor-post-type=\"page\">\n\t\t\t\t<div class=\"elementor-element elementor-element-34c39443 e-con-full e-flex e-con e-parent\" data-id=\"34c39443\" data-element_type=\"container\" data-e-type=\"container\" data-settings=\"{&quot;background_background&quot;:&quot;classic&quot;}\">\n\t\t<div class=\"elementor-element elementor-element-1b7de669 e-con-full e-flex e-con e-child\" data-id=\"1b7de669\" data-element_type=\"container\" data-e-type=\"container\">\n\t\t\t\t<div class=\"elementor-element elementor-element-5293577e elementor-widget elementor-widget-heading\" data-id=\"5293577e\" data-element_type=\"widget\" data-e-type=\"widget\" data-widget_type=\"heading.default\">\n\t\t\t\t\t<p class=\"elementor-heading-title elementor-size-default\">Proyectos para involucrarse en el mundo marino.<\/p>\t\t\t\t<\/div>\n\t\t\t\t<div class=\"elementor-element elementor-element-5d1b6482 elementor-widget elementor-widget-heading\" data-id=\"5d1b6482\" data-element_type=\"widget\" data-e-type=\"widget\" data-widget_type=\"heading.default\">\n\t\t\t\t\t<h1 class=\"elementor-heading-title elementor-size-default\">C\u00f3mo participar<\/h1>\t\t\t\t<\/div>\n\t\t\t\t<div class=\"elementor-element elementor-element-3048bf61 elementor-widget elementor-widget-text-editor\" data-id=\"3048bf61\" data-element_type=\"widget\" data-e-type=\"widget\" data-widget_type=\"text-editor.default\">\n\t\t\t\t\t\t\t\t\t<p>La Asociaci\u00f3n Navigatio Bah\u00eda de Santander es una organizaci\u00f3n sin \u00e1nimo de lucro cuyos promotores trabajan desde hace catorce a\u00f1os con la ciudadan\u00eda que quiere convertirse en personas de acci\u00f3n desde la diversidad y la integraci\u00f3n en el medio marino.<\/p>\t\t\t\t\t\t\t\t<\/div>\n\t\t\t\t<div class=\"elementor-element elementor-element-9377cce elementor-widget elementor-widget-button\" data-id=\"9377cce\" data-element_type=\"widget\" data-e-type=\"widget\" data-widget_type=\"button.default\">\n\t\t\t\t\t\t\t\t\t\t<a class=\"elementor-button elementor-button-link elementor-size-sm\" href=\"#\">\n\t\t\t\t\t\t<span class=\"elementor-button-content-wrapper\">\n\t\t\t\t\t\t\t\t\t<span class=\"elementor-button-text\">Conoce m\u00e1s<\/span>\n\t\t\t\t\t<\/span>\n\t\t\t\t\t<\/a>\n\t\t\t\t\t\t\t\t<\/div>\n\t\t\t\t<\/div>\n\t\t\t\t<\/div>\n\t\t<div class=\"elementor-element elementor-element-26ae356b e-con-full e-flex e-con e-parent\" data-id=\"26ae356b\" data-element_type=\"container\" data-e-type=\"container\">\n\t\t<div class=\"elementor-element elementor-element-3e3bf639 e-flex e-con-boxed e-con e-child\" data-id=\"3e3bf639\" data-element_type=\"container\" data-e-type=\"container\">\n\t\t\t\t\t<div class=\"e-con-inner\">\n\t\t\t\t<div class=\"elementor-element elementor-element-5529ea61 elementor-widget elementor-widget-heading\" data-id=\"5529ea61\" data-element_type=\"widget\" data-e-type=\"widget\" data-widget_type=\"heading.default\">\n\t\t\t\t\t<h2 class=\"elementor-heading-title elementor-size-default\">Mar de J\u00fabilo<\/h2>\t\t\t\t<\/div>\n\t\t\t\t<div class=\"elementor-element elementor-element-7bd429c8 elementor-widget elementor-widget-heading\" data-id=\"7bd429c8\" data-element_type=\"widget\" data-e-type=\"widget\" data-widget_type=\"heading.default\">\n\t\t\t\t\t<p class=\"elementor-heading-title elementor-size-default\">Participar en Mar de J\u00fabilo significa formar parte de una comunidad abierta que conecta cultura, patrimonio y ciudadan\u00eda. Desde talleres tem\u00e1ticos hasta encuentros internacionales, cada persona puede encontrar su espacio para aportar y crecer en relaci\u00f3n con el mar.<\/p>\t\t\t\t<\/div>\n\t\t<div class=\"elementor-element elementor-element-42c3109a e-con-full e-flex e-con e-child\" data-id=\"42c3109a\" data-element_type=\"container\" data-e-type=\"container\">\n\t\t<div class=\"elementor-element elementor-element-5811541e e-con-full e-flex e-con e-child\" data-id=\"5811541e\" data-element_type=\"container\" data-e-type=\"container\" data-settings=\"{&quot;background_background&quot;:&quot;classic&quot;}\">\n\t\t\t\t<div class=\"elementor-element elementor-element-3db222d5 elementor-view-default elementor-widget elementor-widget-icon\" data-id=\"3db222d5\" data-element_type=\"widget\" data-e-type=\"widget\" data-widget_type=\"icon.default\">\n\t\t\t\t\t\t\t<div class=\"elementor-icon-wrapper\">\n\t\t\t<div class=\"elementor-icon\">\n\t\t\t<svg aria-hidden=\"true\" class=\"e-font-icon-svg e-fas-dharmachakra\" viewBox=\"0 0 512 512\" xmlns=\"http:\/\/www.w3.org\/2000\/svg\"><path d=\"M495 225.06l-17.22 1.08c-5.27-39.49-20.79-75.64-43.86-105.84l12.95-11.43c6.92-6.11 7.25-16.79.73-23.31L426.44 64.4c-6.53-6.53-17.21-6.19-23.31.73L391.7 78.07c-30.2-23.06-66.35-38.58-105.83-43.86L286.94 17c.58-9.21-6.74-17-15.97-17h-29.94c-9.23 0-16.54 7.79-15.97 17l1.08 17.22c-39.49 5.27-75.64 20.79-105.83 43.86l-11.43-12.95c-6.11-6.92-16.79-7.25-23.31-.73L64.4 85.56c-6.53 6.53-6.19 17.21.73 23.31l12.95 11.43c-23.06 30.2-38.58 66.35-43.86 105.84L17 225.06c-9.21-.58-17 6.74-17 15.97v29.94c0 9.23 7.79 16.54 17 15.97l17.22-1.08c5.27 39.49 20.79 75.64 43.86 105.83l-12.95 11.43c-6.92 6.11-7.25 16.79-.73 23.31l21.17 21.17c6.53 6.53 17.21 6.19 23.31-.73l11.43-12.95c30.2 23.06 66.35 38.58 105.84 43.86L225.06 495c-.58 9.21 6.74 17 15.97 17h29.94c9.23 0 16.54-7.79 15.97-17l-1.08-17.22c39.49-5.27 75.64-20.79 105.84-43.86l11.43 12.95c6.11 6.92 16.79 7.25 23.31.73l21.17-21.17c6.53-6.53 6.19-17.21-.73-23.31l-12.95-11.43c23.06-30.2 38.58-66.35 43.86-105.83l17.22 1.08c9.21.58 17-6.74 17-15.97v-29.94c-.01-9.23-7.8-16.54-17.01-15.97zM281.84 98.61c24.81 4.07 47.63 13.66 67.23 27.78l-42.62 48.29c-8.73-5.44-18.32-9.54-28.62-11.95l4.01-64.12zm-51.68 0l4.01 64.12c-10.29 2.41-19.89 6.52-28.62 11.95l-42.62-48.29c19.6-14.12 42.42-23.71 67.23-27.78zm-103.77 64.33l48.3 42.61c-5.44 8.73-9.54 18.33-11.96 28.62l-64.12-4.01c4.07-24.81 13.66-47.62 27.78-67.22zm-27.78 118.9l64.12-4.01c2.41 10.29 6.52 19.89 11.95 28.62l-48.29 42.62c-14.12-19.6-23.71-42.42-27.78-67.23zm131.55 131.55c-24.81-4.07-47.63-13.66-67.23-27.78l42.61-48.3c8.73 5.44 18.33 9.54 28.62 11.96l-4 64.12zM256 288c-17.67 0-32-14.33-32-32s14.33-32 32-32 32 14.33 32 32-14.33 32-32 32zm25.84 125.39l-4.01-64.12c10.29-2.41 19.89-6.52 28.62-11.96l42.61 48.3c-19.6 14.12-42.41 23.71-67.22 27.78zm103.77-64.33l-48.29-42.62c5.44-8.73 9.54-18.32 11.95-28.62l64.12 4.01c-4.07 24.82-13.66 47.64-27.78 67.23zm-36.34-114.89c-2.41-10.29-6.52-19.89-11.96-28.62l48.3-42.61c14.12 19.6 23.71 42.42 27.78 67.23l-64.12 4z\"><\/path><\/svg>\t\t\t<\/div>\n\t\t<\/div>\n\t\t\t\t\t\t<\/div>\n\t\t\t\t<div class=\"elementor-element elementor-element-39b65d9a elementor-widget elementor-widget-heading\" data-id=\"39b65d9a\" data-element_type=\"widget\" data-e-type=\"widget\" data-widget_type=\"heading.default\">\n\t\t\t\t\t<h3 class=\"elementor-heading-title elementor-size-default\">Actividades y talleres <\/h3>\t\t\t\t<\/div>\n\t\t\t\t<div class=\"elementor-element elementor-element-737aba1d elementor-widget elementor-widget-text-editor\" data-id=\"737aba1d\" data-element_type=\"widget\" data-e-type=\"widget\" data-widget_type=\"text-editor.default\">\n\t\t\t\t\t\t\t\t\t<p><em>Espacios pr\u00e1cticos donde se aprende y se comparte, desde la navegaci\u00f3n hasta la alfabetizaci\u00f3n oce\u00e1nica.<\/em><\/p>\t\t\t\t\t\t\t\t<\/div>\n\t\t\t\t<div class=\"elementor-element elementor-element-8d46b7d elementor-align-center elementor-widget elementor-widget-button\" data-id=\"8d46b7d\" data-element_type=\"widget\" data-e-type=\"widget\" data-widget_type=\"button.default\">\n\t\t\t\t\t\t\t\t\t\t<a class=\"elementor-button elementor-button-link elementor-size-sm\" href=\"#\">\n\t\t\t\t\t\t<span class=\"elementor-button-content-wrapper\">\n\t\t\t\t\t\t\t\t\t<span class=\"elementor-button-text\">Explora actividades<\/span>\n\t\t\t\t\t<\/span>\n\t\t\t\t\t<\/a>\n\t\t\t\t\t\t\t\t<\/div>\n\t\t\t\t<\/div>\n\t\t<div class=\"elementor-element elementor-element-31e5f30d e-con-full e-flex e-con e-child\" data-id=\"31e5f30d\" data-element_type=\"container\" data-e-type=\"container\" data-settings=\"{&quot;background_background&quot;:&quot;classic&quot;}\">\n\t\t\t\t<div class=\"elementor-element elementor-element-4987b0f4 elementor-view-default elementor-widget elementor-widget-icon\" data-id=\"4987b0f4\" data-element_type=\"widget\" data-e-type=\"widget\" data-widget_type=\"icon.default\">\n\t\t\t\t\t\t\t<div class=\"elementor-icon-wrapper\">\n\t\t\t<div class=\"elementor-icon\">\n\t\t\t<svg aria-hidden=\"true\" class=\"e-font-icon-svg e-fas-address-card\" viewBox=\"0 0 576 512\" xmlns=\"http:\/\/www.w3.org\/2000\/svg\"><path d=\"M528 32H48C21.5 32 0 53.5 0 80v352c0 26.5 21.5 48 48 48h480c26.5 0 48-21.5 48-48V80c0-26.5-21.5-48-48-48zm-352 96c35.3 0 64 28.7 64 64s-28.7 64-64 64-64-28.7-64-64 28.7-64 64-64zm112 236.8c0 10.6-10 19.2-22.4 19.2H86.4C74 384 64 375.4 64 364.8v-19.2c0-31.8 30.1-57.6 67.2-57.6h5c12.3 5.1 25.7 8 39.8 8s27.6-2.9 39.8-8h5c37.1 0 67.2 25.8 67.2 57.6v19.2zM512 312c0 4.4-3.6 8-8 8H360c-4.4 0-8-3.6-8-8v-16c0-4.4 3.6-8 8-8h144c4.4 0 8 3.6 8 8v16zm0-64c0 4.4-3.6 8-8 8H360c-4.4 0-8-3.6-8-8v-16c0-4.4 3.6-8 8-8h144c4.4 0 8 3.6 8 8v16zm0-64c0 4.4-3.6 8-8 8H360c-4.4 0-8-3.6-8-8v-16c0-4.4 3.6-8 8-8h144c4.4 0 8 3.6 8 8v16z\"><\/path><\/svg>\t\t\t<\/div>\n\t\t<\/div>\n\t\t\t\t\t\t<\/div>\n\t\t\t\t<div class=\"elementor-element elementor-element-4af4d1a3 elementor-widget elementor-widget-heading\" data-id=\"4af4d1a3\" data-element_type=\"widget\" data-e-type=\"widget\" data-widget_type=\"heading.default\">\n\t\t\t\t\t<h3 class=\"elementor-heading-title elementor-size-default\">Carnet de mareante <\/h3>\t\t\t\t<\/div>\n\t\t\t\t<div class=\"elementor-element elementor-element-1ec8ded1 elementor-widget elementor-widget-text-editor\" data-id=\"1ec8ded1\" data-element_type=\"widget\" data-e-type=\"widget\" data-widget_type=\"text-editor.default\">\n\t\t\t\t\t\t\t\t\t<p><em>Tu acceso directo a las sedes, proyectos y encuentros de Navigatio. Un s\u00edmbolo de pertenencia y compromiso ciudadano.<\/em><\/p>\t\t\t\t\t\t\t\t<\/div>\n\t\t\t\t<div class=\"elementor-element elementor-element-6ec7153 elementor-align-center elementor-widget elementor-widget-button\" data-id=\"6ec7153\" data-element_type=\"widget\" data-e-type=\"widget\" data-widget_type=\"button.default\">\n\t\t\t\t\t\t\t\t\t\t<a class=\"elementor-button elementor-button-link elementor-size-sm\" href=\"#\">\n\t\t\t\t\t\t<span class=\"elementor-button-content-wrapper\">\n\t\t\t\t\t\t\t\t\t<span class=\"elementor-button-text\">Solicita tu carnet<\/span>\n\t\t\t\t\t<\/span>\n\t\t\t\t\t<\/a>\n\t\t\t\t\t\t\t\t<\/div>\n\t\t\t\t<\/div>\n\t\t<div class=\"elementor-element elementor-element-1a987919 e-con-full e-flex e-con e-child\" data-id=\"1a987919\" data-element_type=\"container\" data-e-type=\"container\" data-settings=\"{&quot;background_background&quot;:&quot;classic&quot;}\">\n\t\t\t\t<div class=\"elementor-element elementor-element-1a8ce9d9 elementor-view-default elementor-widget elementor-widget-icon\" data-id=\"1a8ce9d9\" data-element_type=\"widget\" data-e-type=\"widget\" data-widget_type=\"icon.default\">\n\t\t\t\t\t\t\t<div class=\"elementor-icon-wrapper\">\n\t\t\t<div class=\"elementor-icon\">\n\t\t\t<svg aria-hidden=\"true\" class=\"e-font-icon-svg e-fas-anchor\" viewBox=\"0 0 576 512\" xmlns=\"http:\/\/www.w3.org\/2000\/svg\"><path d=\"M12.971 352h32.394C67.172 454.735 181.944 512 288 512c106.229 0 220.853-57.38 242.635-160h32.394c10.691 0 16.045-12.926 8.485-20.485l-67.029-67.029c-4.686-4.686-12.284-4.686-16.971 0l-67.029 67.029c-7.56 7.56-2.206 20.485 8.485 20.485h35.146c-20.29 54.317-84.963 86.588-144.117 94.015V256h52c6.627 0 12-5.373 12-12v-40c0-6.627-5.373-12-12-12h-52v-5.47c37.281-13.178 63.995-48.725 64-90.518C384.005 43.772 341.605.738 289.37.01 235.723-.739 192 42.525 192 96c0 41.798 26.716 77.35 64 90.53V192h-52c-6.627 0-12 5.373-12 12v40c0 6.627 5.373 12 12 12h52v190.015c-58.936-7.399-123.82-39.679-144.117-94.015h35.146c10.691 0 16.045-12.926 8.485-20.485l-67.029-67.029c-4.686-4.686-12.284-4.686-16.971 0L4.485 331.515C-3.074 339.074 2.28 352 12.971 352zM288 64c17.645 0 32 14.355 32 32s-14.355 32-32 32-32-14.355-32-32 14.355-32 32-32z\"><\/path><\/svg>\t\t\t<\/div>\n\t\t<\/div>\n\t\t\t\t\t\t<\/div>\n\t\t\t\t<div class=\"elementor-element elementor-element-1cac1cc8 elementor-widget elementor-widget-heading\" data-id=\"1cac1cc8\" data-element_type=\"widget\" data-e-type=\"widget\" data-widget_type=\"heading.default\">\n\t\t\t\t\t<h3 class=\"elementor-heading-title elementor-size-default\">Micromecenazgo <\/h3>\t\t\t\t<\/div>\n\t\t\t\t<div class=\"elementor-element elementor-element-12e5aa53 elementor-widget elementor-widget-text-editor\" data-id=\"12e5aa53\" data-element_type=\"widget\" data-e-type=\"widget\" data-widget_type=\"text-editor.default\">\n\t\t\t\t\t\t\t\t\t<p><em>Para apoyar iniciativas ciudadanas y culturales vinculadas al mar, impulsando proyectos desde la Bah\u00eda hacia Europa.<\/em><\/p>\t\t\t\t\t\t\t\t<\/div>\n\t\t\t\t<div class=\"elementor-element elementor-element-c7aac49 elementor-align-center elementor-widget elementor-widget-button\" data-id=\"c7aac49\" data-element_type=\"widget\" data-e-type=\"widget\" data-widget_type=\"button.default\">\n\t\t\t\t\t\t\t\t\t\t<a class=\"elementor-button elementor-button-link elementor-size-sm\" href=\"#\">\n\t\t\t\t\t\t<span class=\"elementor-button-content-wrapper\">\n\t\t\t\t\t\t\t\t\t<span class=\"elementor-button-text\">Descubre proyectos<\/span>\n\t\t\t\t\t<\/span>\n\t\t\t\t\t<\/a>\n\t\t\t\t\t\t\t\t<\/div>\n\t\t\t\t<\/div>\n\t\t\t\t<\/div>\n\t\t\t\t\t<\/div>\n\t\t\t\t<\/div>\n\t\t\t\t<\/div>\n\t\t\t\t<\/div>\n\t\t","protected":false},"excerpt":{"rendered":"<p>Proyectos para involucrarse en el mundo marino. C\u00f3mo participar La Asociaci\u00f3n Navigatio Bah\u00eda de Santander es una organizaci\u00f3n sin \u00e1nimo de lucro cuyos promotores trabajan desde hace catorce a\u00f1os con la ciudadan\u00eda que quiere convertirse en personas de acci\u00f3n desde la diversidad y la integraci\u00f3n en el medio marino. Conoce m\u00e1s Mar de J\u00fabilo Participar [&hellip;]<\/p>\n","protected":false},"author":1,"featured_media":0,"parent":0,"menu_order":0,"comment_status":"closed","ping_status":"closed","template":"elementor_header_footer","meta":{"footnotes":""},"class_list":["post-226","page","type-page","status-publish","hentry"],"yoast_head":"<!-- This site is optimized with the Yoast SEO plugin v27.4 - https:\/\/yoast.com\/product\/yoast-seo-wordpress\/ -->\n<title>C\u00f3mo participar - Navigatio<\/title>\n<meta name=\"robots\" content=\"index, follow, max-snippet:-1, max-image-preview:large, max-video-preview:-1\" \/>\n<link rel=\"canonical\" href=\"https:\/\/navigatio.es\/index.php\/como-participar\/\" \/>\n<meta property=\"og:locale\" content=\"es_ES\" \/>\n<meta property=\"og:type\" content=\"article\" \/>\n<meta property=\"og:title\" content=\"C\u00f3mo participar - Navigatio\" \/>\n<meta property=\"og:description\" content=\"Proyectos para involucrarse en el mundo marino. C\u00f3mo participar La Asociaci\u00f3n Navigatio Bah\u00eda de Santander es una organizaci\u00f3n sin \u00e1nimo de lucro cuyos promotores trabajan desde hace catorce a\u00f1os con la ciudadan\u00eda que quiere convertirse en personas de acci\u00f3n desde la diversidad y la integraci\u00f3n en el medio marino. Conoce m\u00e1s Mar de J\u00fabilo Participar [&hellip;]\" \/>\n<meta property=\"og:url\" content=\"https:\/\/navigatio.es\/index.php\/como-participar\/\" \/>\n<meta property=\"og:site_name\" content=\"Navigatio\" \/>\n<meta property=\"article:modified_time\" content=\"2025-12-24T10:14:08+00:00\" \/>\n<meta name=\"twitter:card\" content=\"summary_large_image\" \/>\n<meta name=\"twitter:label1\" content=\"Tiempo de lectura\" \/>\n\t<meta name=\"twitter:data1\" content=\"1 minuto\" \/>\n<script type=\"application\/ld+json\" class=\"yoast-schema-graph\">{\"@context\":\"https:\\\/\\\/schema.org\",\"@graph\":[{\"@type\":\"WebPage\",\"@id\":\"https:\\\/\\\/navigatio.es\\\/index.php\\\/como-participar\\\/\",\"url\":\"https:\\\/\\\/navigatio.es\\\/index.php\\\/como-participar\\\/\",\"name\":\"C\u00f3mo participar - Navigatio\",\"isPartOf\":{\"@id\":\"https:\\\/\\\/navigatio.es\\\/#website\"},\"datePublished\":\"2025-12-15T12:35:07+00:00\",\"dateModified\":\"2025-12-24T10:14:08+00:00\",\"breadcrumb\":{\"@id\":\"https:\\\/\\\/navigatio.es\\\/index.php\\\/como-participar\\\/#breadcrumb\"},\"inLanguage\":\"es\",\"potentialAction\":[{\"@type\":\"ReadAction\",\"target\":[\"https:\\\/\\\/navigatio.es\\\/index.php\\\/como-participar\\\/\"]}]},{\"@type\":\"BreadcrumbList\",\"@id\":\"https:\\\/\\\/navigatio.es\\\/index.php\\\/como-participar\\\/#breadcrumb\",\"itemListElement\":[{\"@type\":\"ListItem\",\"position\":1,\"name\":\"Portada\",\"item\":\"https:\\\/\\\/navigatio.es\\\/\"},{\"@type\":\"ListItem\",\"position\":2,\"name\":\"C\u00f3mo participar\"}]},{\"@type\":\"WebSite\",\"@id\":\"https:\\\/\\\/navigatio.es\\\/#website\",\"url\":\"https:\\\/\\\/navigatio.es\\\/\",\"name\":\"Navigatio\",\"description\":\"\",\"publisher\":{\"@id\":\"https:\\\/\\\/navigatio.es\\\/#organization\"},\"potentialAction\":[{\"@type\":\"SearchAction\",\"target\":{\"@type\":\"EntryPoint\",\"urlTemplate\":\"https:\\\/\\\/navigatio.es\\\/?s={search_term_string}\"},\"query-input\":{\"@type\":\"PropertyValueSpecification\",\"valueRequired\":true,\"valueName\":\"search_term_string\"}}],\"inLanguage\":\"es\"},{\"@type\":\"Organization\",\"@id\":\"https:\\\/\\\/navigatio.es\\\/#organization\",\"name\":\"Navigatio\",\"url\":\"https:\\\/\\\/navigatio.es\\\/\",\"logo\":{\"@type\":\"ImageObject\",\"inLanguage\":\"es\",\"@id\":\"https:\\\/\\\/navigatio.es\\\/#\\\/schema\\\/logo\\\/image\\\/\",\"url\":\"https:\\\/\\\/navigatio.es\\\/wp-content\\\/uploads\\\/2025\\\/12\\\/Logo-def-vectorizado_page-0001-e1765543556822.jpg\",\"contentUrl\":\"https:\\\/\\\/navigatio.es\\\/wp-content\\\/uploads\\\/2025\\\/12\\\/Logo-def-vectorizado_page-0001-e1765543556822.jpg\",\"width\":728,\"height\":722,\"caption\":\"Navigatio\"},\"image\":{\"@id\":\"https:\\\/\\\/navigatio.es\\\/#\\\/schema\\\/logo\\\/image\\\/\"}}]}<\/script>\n<!-- \/ Yoast SEO plugin. -->","yoast_head_json":{"title":"C\u00f3mo participar - Navigatio","robots":{"index":"index","follow":"follow","max-snippet":"max-snippet:-1","max-image-preview":"max-image-preview:large","max-video-preview":"max-video-preview:-1"},"canonical":"https:\/\/navigatio.es\/index.php\/como-participar\/","og_locale":"es_ES","og_type":"article","og_title":"C\u00f3mo participar - Navigatio","og_description":"Proyectos para involucrarse en el mundo marino. C\u00f3mo participar La Asociaci\u00f3n Navigatio Bah\u00eda de Santander es una organizaci\u00f3n sin \u00e1nimo de lucro cuyos promotores trabajan desde hace catorce a\u00f1os con la ciudadan\u00eda que quiere convertirse en personas de acci\u00f3n desde la diversidad y la integraci\u00f3n en el medio marino. Conoce m\u00e1s Mar de J\u00fabilo Participar [&hellip;]","og_url":"https:\/\/navigatio.es\/index.php\/como-participar\/","og_site_name":"Navigatio","article_modified_time":"2025-12-24T10:14:08+00:00","twitter_card":"summary_large_image","twitter_misc":{"Tiempo de lectura":"1 minuto"},"schema":{"@context":"https:\/\/schema.org","@graph":[{"@type":"WebPage","@id":"https:\/\/navigatio.es\/index.php\/como-participar\/","url":"https:\/\/navigatio.es\/index.php\/como-participar\/","name":"C\u00f3mo participar - Navigatio","isPartOf":{"@id":"https:\/\/navigatio.es\/#website"},"datePublished":"2025-12-15T12:35:07+00:00","dateModified":"2025-12-24T10:14:08+00:00","breadcrumb":{"@id":"https:\/\/navigatio.es\/index.php\/como-participar\/#breadcrumb"},"inLanguage":"es","potentialAction":[{"@type":"ReadAction","target":["https:\/\/navigatio.es\/index.php\/como-participar\/"]}]},{"@type":"BreadcrumbList","@id":"https:\/\/navigatio.es\/index.php\/como-participar\/#breadcrumb","itemListElement":[{"@type":"ListItem","position":1,"name":"Portada","item":"https:\/\/navigatio.es\/"},{"@type":"ListItem","position":2,"name":"C\u00f3mo participar"}]},{"@type":"WebSite","@id":"https:\/\/navigatio.es\/#website","url":"https:\/\/navigatio.es\/","name":"Navigatio","description":"","publisher":{"@id":"https:\/\/navigatio.es\/#organization"},"potentialAction":[{"@type":"SearchAction","target":{"@type":"EntryPoint","urlTemplate":"https:\/\/navigatio.es\/?s={search_term_string}"},"query-input":{"@type":"PropertyValueSpecification","valueRequired":true,"valueName":"search_term_string"}}],"inLanguage":"es"},{"@type":"Organization","@id":"https:\/\/navigatio.es\/#organization","name":"Navigatio","url":"https:\/\/navigatio.es\/","logo":{"@type":"ImageObject","inLanguage":"es","@id":"https:\/\/navigatio.es\/#\/schema\/logo\/image\/","url":"https:\/\/navigatio.es\/wp-content\/uploads\/2025\/12\/Logo-def-vectorizado_page-0001-e1765543556822.jpg","contentUrl":"https:\/\/navigatio.es\/wp-content\/uploads\/2025\/12\/Logo-def-vectorizado_page-0001-e1765543556822.jpg","width":728,"height":722,"caption":"Navigatio"},"image":{"@id":"https:\/\/navigatio.es\/#\/schema\/logo\/image\/"}}]}},"_links":{"self":[{"href":"https:\/\/navigatio.es\/index.php\/wp-json\/wp\/v2\/pages\/226","targetHints":{"allow":["GET"]}}],"collection":[{"href":"https:\/\/navigatio.es\/index.php\/wp-json\/wp\/v2\/pages"}],"about":[{"href":"https:\/\/navigatio.es\/index.php\/wp-json\/wp\/v2\/types\/page"}],"author":[{"embeddable":true,"href":"https:\/\/navigatio.es\/index.php\/wp-json\/wp\/v2\/users\/1"}],"replies":[{"embeddable":true,"href":"https:\/\/navigatio.es\/index.php\/wp-json\/wp\/v2\/comments?post=226"}],"version-history":[{"count":10,"href":"https:\/\/navigatio.es\/index.php\/wp-json\/wp\/v2\/pages\/226\/revisions"}],"predecessor-version":[{"id":872,"href":"https:\/\/navigatio.es\/index.php\/wp-json\/wp\/v2\/pages\/226\/revisions\/872"}],"wp:attachment":[{"href":"https:\/\/navigatio.es\/index.php\/wp-json\/wp\/v2\/media?parent=226"}],"curies":[{"name":"wp","href":"https:\/\/api.w.org\/{rel}","templated":true}]}}