{"id":242,"date":"2025-12-15T13:49:20","date_gmt":"2025-12-15T12:49:20","guid":{"rendered":"https:\/\/navigatio.es\/?page_id=242"},"modified":"2025-12-24T11:30:32","modified_gmt":"2025-12-24T10:30:32","slug":"carnet-de-mareante","status":"publish","type":"page","link":"https:\/\/navigatio.es\/index.php\/una-bahia-abierta-a-la-ciudadania\/carnet-de-mareante\/","title":{"rendered":"Carnet de Mareante"},"content":{"rendered":"\t\t<div data-elementor-type=\"wp-page\" data-elementor-id=\"242\" class=\"elementor elementor-242\" data-elementor-post-type=\"page\">\n\t\t\t\t<div class=\"elementor-element elementor-element-6616f113 e-con-full e-flex e-con e-parent\" data-id=\"6616f113\" data-element_type=\"container\" data-e-type=\"container\" data-settings=\"{&quot;background_background&quot;:&quot;classic&quot;}\">\n\t\t<div class=\"elementor-element elementor-element-3c310bc5 e-con-full e-flex e-con e-child\" data-id=\"3c310bc5\" data-element_type=\"container\" data-e-type=\"container\">\n\t\t\t\t<div class=\"elementor-element elementor-element-2795535e elementor-widget elementor-widget-heading\" data-id=\"2795535e\" data-element_type=\"widget\" data-e-type=\"widget\" data-widget_type=\"heading.default\">\n\t\t\t\t\t<p class=\"elementor-heading-title elementor-size-default\">Tu acceso a actividades, sedes y proyectos de Navigatio.<\/p>\t\t\t\t<\/div>\n\t\t\t\t<div class=\"elementor-element elementor-element-72e8705f elementor-widget elementor-widget-heading\" data-id=\"72e8705f\" data-element_type=\"widget\" data-e-type=\"widget\" data-widget_type=\"heading.default\">\n\t\t\t\t\t<h1 class=\"elementor-heading-title elementor-size-default\">Carnet de Mareante<\/h1>\t\t\t\t<\/div>\n\t\t\t\t<div class=\"elementor-element elementor-element-4ea7eee1 elementor-widget elementor-widget-text-editor\" data-id=\"4ea7eee1\" data-element_type=\"widget\" data-e-type=\"widget\" data-widget_type=\"text-editor.default\">\n\t\t\t\t\t\t\t\t\t<p>El carnet de mareante es la forma m\u00e1s sencilla de integrarte en la comunidad mar\u00edtima y participar activamente en la red Navigatio.<\/p>\t\t\t\t\t\t\t\t<\/div>\n\t\t\t\t<div class=\"elementor-element elementor-element-21edf3fb elementor-widget elementor-widget-button\" data-id=\"21edf3fb\" data-element_type=\"widget\" data-e-type=\"widget\" data-widget_type=\"button.default\">\n\t\t\t\t\t\t\t\t\t\t<a class=\"elementor-button elementor-button-link elementor-size-sm\" href=\"#\">\n\t\t\t\t\t\t<span class=\"elementor-button-content-wrapper\">\n\t\t\t\t\t\t\t\t\t<span class=\"elementor-button-text\">Acceso Mareante<\/span>\n\t\t\t\t\t<\/span>\n\t\t\t\t\t<\/a>\n\t\t\t\t\t\t\t\t<\/div>\n\t\t\t\t<\/div>\n\t\t\t\t<\/div>\n\t\t<div class=\"elementor-element elementor-element-20219a52 e-con-full e-flex e-con e-parent\" data-id=\"20219a52\" data-element_type=\"container\" data-e-type=\"container\">\n\t\t<div class=\"elementor-element elementor-element-78cbef47 e-flex e-con-boxed e-con e-child\" data-id=\"78cbef47\" data-element_type=\"container\" data-e-type=\"container\">\n\t\t\t\t\t<div class=\"e-con-inner\">\n\t\t\t\t<div class=\"elementor-element elementor-element-14cb78dd elementor-widget elementor-widget-heading\" data-id=\"14cb78dd\" data-element_type=\"widget\" data-e-type=\"widget\" data-widget_type=\"heading.default\">\n\t\t\t\t\t<h2 class=\"elementor-heading-title elementor-size-default\">Una forma sencilla de ser parte activa<\/h2>\t\t\t\t<\/div>\n\t\t\t\t<div class=\"elementor-element elementor-element-7bcbc3e elementor-widget elementor-widget-heading\" data-id=\"7bcbc3e\" data-element_type=\"widget\" data-e-type=\"widget\" data-widget_type=\"heading.default\">\n\t\t\t\t\t<p class=\"elementor-heading-title elementor-size-default\">El carnet de mareante es un s\u00edmbolo de pertenencia y compromiso con la Bah\u00eda de Santander y con la red internacional de Mar de J\u00fabilo. Con \u00e9l, cada persona se convierte en protagonista de actividades, talleres y proyectos que conectan tradici\u00f3n n\u00e1utica, cultura oce\u00e1nica y participaci\u00f3n ciudadana.<\/p>\t\t\t\t<\/div>\n\t\t<div class=\"elementor-element elementor-element-7d11c26 e-con-full e-flex e-con e-child\" data-id=\"7d11c26\" data-element_type=\"container\" data-e-type=\"container\">\n\t\t<div class=\"elementor-element elementor-element-f381927 e-con-full e-flex e-con e-child\" data-id=\"f381927\" data-element_type=\"container\" data-e-type=\"container\" data-settings=\"{&quot;background_background&quot;:&quot;classic&quot;}\">\n\t\t\t\t<\/div>\n\t\t<div class=\"elementor-element elementor-element-29c498c e-con-full e-flex e-con e-child\" data-id=\"29c498c\" data-element_type=\"container\" data-e-type=\"container\">\n\t\t\t\t<div class=\"elementor-element elementor-element-abc2845 elementor-widget elementor-widget-heading\" data-id=\"abc2845\" data-element_type=\"widget\" data-e-type=\"widget\" data-widget_type=\"heading.default\">\n\t\t\t\t\t<h3 class=\"elementor-heading-title elementor-size-default\">Beneficios del carnet<\/h3>\t\t\t\t<\/div>\n\t\t\t\t<div class=\"elementor-element elementor-element-5a8a35d elementor-widget-divider--view-line elementor-widget elementor-widget-divider\" data-id=\"5a8a35d\" data-element_type=\"widget\" data-e-type=\"widget\" data-widget_type=\"divider.default\">\n\t\t\t\t\t\t\t<div class=\"elementor-divider\">\n\t\t\t<span class=\"elementor-divider-separator\">\n\t\t\t\t\t\t<\/span>\n\t\t<\/div>\n\t\t\t\t\t\t<\/div>\n\t\t\t\t<div class=\"elementor-element elementor-element-9a8bb5e elementor-icon-list--layout-traditional elementor-list-item-link-full_width elementor-widget elementor-widget-icon-list\" data-id=\"9a8bb5e\" data-element_type=\"widget\" data-e-type=\"widget\" data-widget_type=\"icon-list.default\">\n\t\t\t\t\t\t\t<ul class=\"elementor-icon-list-items\">\n\t\t\t\t\t\t\t<li class=\"elementor-icon-list-item\">\n\t\t\t\t\t\t\t\t\t\t\t<span class=\"elementor-icon-list-icon\">\n\t\t\t\t\t\t\t<svg aria-hidden=\"true\" class=\"e-font-icon-svg e-fas-check\" viewBox=\"0 0 512 512\" xmlns=\"http:\/\/www.w3.org\/2000\/svg\"><path d=\"M173.898 439.404l-166.4-166.4c-9.997-9.997-9.997-26.206 0-36.204l36.203-36.204c9.997-9.998 26.207-9.998 36.204 0L192 312.69 432.095 72.596c9.997-9.997 26.207-9.997 36.204 0l36.203 36.204c9.997 9.997 9.997 26.206 0 36.204l-294.4 294.401c-9.998 9.997-26.207 9.997-36.204-.001z\"><\/path><\/svg>\t\t\t\t\t\t<\/span>\n\t\t\t\t\t\t\t\t\t\t<span class=\"elementor-icon-list-text\">Acceso a actividades y talleres <\/span>\n\t\t\t\t\t\t\t\t\t<\/li>\n\t\t\t\t\t\t\t\t<li class=\"elementor-icon-list-item\">\n\t\t\t\t\t\t\t\t\t\t\t<span class=\"elementor-icon-list-icon\">\n\t\t\t\t\t\t\t<svg aria-hidden=\"true\" class=\"e-font-icon-svg e-fas-check\" viewBox=\"0 0 512 512\" xmlns=\"http:\/\/www.w3.org\/2000\/svg\"><path d=\"M173.898 439.404l-166.4-166.4c-9.997-9.997-9.997-26.206 0-36.204l36.203-36.204c9.997-9.998 26.207-9.998 36.204 0L192 312.69 432.095 72.596c9.997-9.997 26.207-9.997 36.204 0l36.203 36.204c9.997 9.997 9.997 26.206 0 36.204l-294.4 294.401c-9.998 9.997-26.207 9.997-36.204-.001z\"><\/path><\/svg>\t\t\t\t\t\t<\/span>\n\t\t\t\t\t\t\t\t\t\t<span class=\"elementor-icon-list-text\">Entrada a sedes locales e internacionales <\/span>\n\t\t\t\t\t\t\t\t\t<\/li>\n\t\t\t\t\t\t\t\t<li class=\"elementor-icon-list-item\">\n\t\t\t\t\t\t\t\t\t\t\t<span class=\"elementor-icon-list-icon\">\n\t\t\t\t\t\t\t<svg aria-hidden=\"true\" class=\"e-font-icon-svg e-fas-check\" viewBox=\"0 0 512 512\" xmlns=\"http:\/\/www.w3.org\/2000\/svg\"><path d=\"M173.898 439.404l-166.4-166.4c-9.997-9.997-9.997-26.206 0-36.204l36.203-36.204c9.997-9.998 26.207-9.998 36.204 0L192 312.69 432.095 72.596c9.997-9.997 26.207-9.997 36.204 0l36.203 36.204c9.997 9.997 9.997 26.206 0 36.204l-294.4 294.401c-9.998 9.997-26.207 9.997-36.204-.001z\"><\/path><\/svg>\t\t\t\t\t\t<\/span>\n\t\t\t\t\t\t\t\t\t\t<span class=\"elementor-icon-list-text\">Participaci\u00f3n en proyectos y eventos <\/span>\n\t\t\t\t\t\t\t\t\t<\/li>\n\t\t\t\t\t\t\t\t<li class=\"elementor-icon-list-item\">\n\t\t\t\t\t\t\t\t\t\t\t<span class=\"elementor-icon-list-icon\">\n\t\t\t\t\t\t\t<svg aria-hidden=\"true\" class=\"e-font-icon-svg e-fas-check\" viewBox=\"0 0 512 512\" xmlns=\"http:\/\/www.w3.org\/2000\/svg\"><path d=\"M173.898 439.404l-166.4-166.4c-9.997-9.997-9.997-26.206 0-36.204l36.203-36.204c9.997-9.998 26.207-9.998 36.204 0L192 312.69 432.095 72.596c9.997-9.997 26.207-9.997 36.204 0l36.203 36.204c9.997 9.997 9.997 26.206 0 36.204l-294.4 294.401c-9.998 9.997-26.207 9.997-36.204-.001z\"><\/path><\/svg>\t\t\t\t\t\t<\/span>\n\t\t\t\t\t\t\t\t\t\t<span class=\"elementor-icon-list-text\">Reconocimiento como mareante<\/span>\n\t\t\t\t\t\t\t\t\t<\/li>\n\t\t\t\t\t\t<\/ul>\n\t\t\t\t\t\t<\/div>\n\t\t\t\t<\/div>\n\t\t\t\t<\/div>\n\t\t\t\t\t<\/div>\n\t\t\t\t<\/div>\n\t\t\t\t<\/div>\n\t\t<div class=\"elementor-element elementor-element-6fcfeed e-con-full e-flex e-con e-parent\" data-id=\"6fcfeed\" data-element_type=\"container\" data-e-type=\"container\" data-settings=\"{&quot;background_background&quot;:&quot;classic&quot;}\">\n\t\t<div class=\"elementor-element elementor-element-2d7b868 e-con-full e-flex e-con e-child\" data-id=\"2d7b868\" data-element_type=\"container\" data-e-type=\"container\">\n\t\t\t\t<div class=\"elementor-element elementor-element-34c2abb elementor-widget elementor-widget-heading\" data-id=\"34c2abb\" data-element_type=\"widget\" data-e-type=\"widget\" data-widget_type=\"heading.default\">\n\t\t\t\t\t<h2 class=\"elementor-heading-title elementor-size-default\">\"Ser mareante es abrir tu vida al mar y compartirlo con la comunidad\"<\/h2>\t\t\t\t<\/div>\n\t\t\t\t<\/div>\n\t\t\t\t<\/div>\n\t\t\t\t<\/div>\n\t\t","protected":false},"excerpt":{"rendered":"<p>Tu acceso a actividades, sedes y proyectos de Navigatio. Carnet de Mareante El carnet de mareante es la forma m\u00e1s sencilla de integrarte en la comunidad mar\u00edtima y participar activamente en la red Navigatio. Acceso Mareante Una forma sencilla de ser parte activa El carnet de mareante es un s\u00edmbolo de pertenencia y compromiso con [&hellip;]<\/p>\n","protected":false},"author":1,"featured_media":0,"parent":170,"menu_order":0,"comment_status":"closed","ping_status":"closed","template":"elementor_header_footer","meta":{"footnotes":""},"class_list":["post-242","page","type-page","status-publish","hentry"],"yoast_head":"<!-- This site is optimized with the Yoast SEO plugin v27.4 - https:\/\/yoast.com\/product\/yoast-seo-wordpress\/ -->\n<title>Carnet de Mareante - Navigatio<\/title>\n<meta name=\"robots\" content=\"index, follow, max-snippet:-1, max-image-preview:large, max-video-preview:-1\" \/>\n<link rel=\"canonical\" href=\"https:\/\/navigatio.es\/index.php\/una-bahia-abierta-a-la-ciudadania\/carnet-de-mareante\/\" \/>\n<meta property=\"og:locale\" content=\"es_ES\" \/>\n<meta property=\"og:type\" content=\"article\" \/>\n<meta property=\"og:title\" content=\"Carnet de Mareante - Navigatio\" \/>\n<meta property=\"og:description\" content=\"Tu acceso a actividades, sedes y proyectos de Navigatio. Carnet de Mareante El carnet de mareante es la forma m\u00e1s sencilla de integrarte en la comunidad mar\u00edtima y participar activamente en la red Navigatio. Acceso Mareante Una forma sencilla de ser parte activa El carnet de mareante es un s\u00edmbolo de pertenencia y compromiso con [&hellip;]\" \/>\n<meta property=\"og:url\" content=\"https:\/\/navigatio.es\/index.php\/una-bahia-abierta-a-la-ciudadania\/carnet-de-mareante\/\" \/>\n<meta property=\"og:site_name\" content=\"Navigatio\" \/>\n<meta property=\"article:modified_time\" content=\"2025-12-24T10:30:32+00:00\" \/>\n<meta name=\"twitter:card\" content=\"summary_large_image\" \/>\n<meta name=\"twitter:label1\" content=\"Tiempo de lectura\" \/>\n\t<meta name=\"twitter:data1\" content=\"1 minuto\" \/>\n<script type=\"application\/ld+json\" class=\"yoast-schema-graph\">{\"@context\":\"https:\\\/\\\/schema.org\",\"@graph\":[{\"@type\":\"WebPage\",\"@id\":\"https:\\\/\\\/navigatio.es\\\/index.php\\\/una-bahia-abierta-a-la-ciudadania\\\/carnet-de-mareante\\\/\",\"url\":\"https:\\\/\\\/navigatio.es\\\/index.php\\\/una-bahia-abierta-a-la-ciudadania\\\/carnet-de-mareante\\\/\",\"name\":\"Carnet de Mareante - Navigatio\",\"isPartOf\":{\"@id\":\"https:\\\/\\\/navigatio.es\\\/#website\"},\"datePublished\":\"2025-12-15T12:49:20+00:00\",\"dateModified\":\"2025-12-24T10:30:32+00:00\",\"breadcrumb\":{\"@id\":\"https:\\\/\\\/navigatio.es\\\/index.php\\\/una-bahia-abierta-a-la-ciudadania\\\/carnet-de-mareante\\\/#breadcrumb\"},\"inLanguage\":\"es\",\"potentialAction\":[{\"@type\":\"ReadAction\",\"target\":[\"https:\\\/\\\/navigatio.es\\\/index.php\\\/una-bahia-abierta-a-la-ciudadania\\\/carnet-de-mareante\\\/\"]}]},{\"@type\":\"BreadcrumbList\",\"@id\":\"https:\\\/\\\/navigatio.es\\\/index.php\\\/una-bahia-abierta-a-la-ciudadania\\\/carnet-de-mareante\\\/#breadcrumb\",\"itemListElement\":[{\"@type\":\"ListItem\",\"position\":1,\"name\":\"Portada\",\"item\":\"https:\\\/\\\/navigatio.es\\\/\"},{\"@type\":\"ListItem\",\"position\":2,\"name\":\"Una bah\u00eda abierta a la ciudadan\u00eda\",\"item\":\"https:\\\/\\\/navigatio.es\\\/index.php\\\/una-bahia-abierta-a-la-ciudadania\\\/\"},{\"@type\":\"ListItem\",\"position\":3,\"name\":\"Carnet de Mareante\"}]},{\"@type\":\"WebSite\",\"@id\":\"https:\\\/\\\/navigatio.es\\\/#website\",\"url\":\"https:\\\/\\\/navigatio.es\\\/\",\"name\":\"Navigatio\",\"description\":\"\",\"publisher\":{\"@id\":\"https:\\\/\\\/navigatio.es\\\/#organization\"},\"potentialAction\":[{\"@type\":\"SearchAction\",\"target\":{\"@type\":\"EntryPoint\",\"urlTemplate\":\"https:\\\/\\\/navigatio.es\\\/?s={search_term_string}\"},\"query-input\":{\"@type\":\"PropertyValueSpecification\",\"valueRequired\":true,\"valueName\":\"search_term_string\"}}],\"inLanguage\":\"es\"},{\"@type\":\"Organization\",\"@id\":\"https:\\\/\\\/navigatio.es\\\/#organization\",\"name\":\"Navigatio\",\"url\":\"https:\\\/\\\/navigatio.es\\\/\",\"logo\":{\"@type\":\"ImageObject\",\"inLanguage\":\"es\",\"@id\":\"https:\\\/\\\/navigatio.es\\\/#\\\/schema\\\/logo\\\/image\\\/\",\"url\":\"https:\\\/\\\/navigatio.es\\\/wp-content\\\/uploads\\\/2025\\\/12\\\/Logo-def-vectorizado_page-0001-e1765543556822.jpg\",\"contentUrl\":\"https:\\\/\\\/navigatio.es\\\/wp-content\\\/uploads\\\/2025\\\/12\\\/Logo-def-vectorizado_page-0001-e1765543556822.jpg\",\"width\":728,\"height\":722,\"caption\":\"Navigatio\"},\"image\":{\"@id\":\"https:\\\/\\\/navigatio.es\\\/#\\\/schema\\\/logo\\\/image\\\/\"}}]}<\/script>\n<!-- \/ Yoast SEO plugin. -->","yoast_head_json":{"title":"Carnet de Mareante - Navigatio","robots":{"index":"index","follow":"follow","max-snippet":"max-snippet:-1","max-image-preview":"max-image-preview:large","max-video-preview":"max-video-preview:-1"},"canonical":"https:\/\/navigatio.es\/index.php\/una-bahia-abierta-a-la-ciudadania\/carnet-de-mareante\/","og_locale":"es_ES","og_type":"article","og_title":"Carnet de Mareante - Navigatio","og_description":"Tu acceso a actividades, sedes y proyectos de Navigatio. Carnet de Mareante El carnet de mareante es la forma m\u00e1s sencilla de integrarte en la comunidad mar\u00edtima y participar activamente en la red Navigatio. Acceso Mareante Una forma sencilla de ser parte activa El carnet de mareante es un s\u00edmbolo de pertenencia y compromiso con [&hellip;]","og_url":"https:\/\/navigatio.es\/index.php\/una-bahia-abierta-a-la-ciudadania\/carnet-de-mareante\/","og_site_name":"Navigatio","article_modified_time":"2025-12-24T10:30:32+00:00","twitter_card":"summary_large_image","twitter_misc":{"Tiempo de lectura":"1 minuto"},"schema":{"@context":"https:\/\/schema.org","@graph":[{"@type":"WebPage","@id":"https:\/\/navigatio.es\/index.php\/una-bahia-abierta-a-la-ciudadania\/carnet-de-mareante\/","url":"https:\/\/navigatio.es\/index.php\/una-bahia-abierta-a-la-ciudadania\/carnet-de-mareante\/","name":"Carnet de Mareante - Navigatio","isPartOf":{"@id":"https:\/\/navigatio.es\/#website"},"datePublished":"2025-12-15T12:49:20+00:00","dateModified":"2025-12-24T10:30:32+00:00","breadcrumb":{"@id":"https:\/\/navigatio.es\/index.php\/una-bahia-abierta-a-la-ciudadania\/carnet-de-mareante\/#breadcrumb"},"inLanguage":"es","potentialAction":[{"@type":"ReadAction","target":["https:\/\/navigatio.es\/index.php\/una-bahia-abierta-a-la-ciudadania\/carnet-de-mareante\/"]}]},{"@type":"BreadcrumbList","@id":"https:\/\/navigatio.es\/index.php\/una-bahia-abierta-a-la-ciudadania\/carnet-de-mareante\/#breadcrumb","itemListElement":[{"@type":"ListItem","position":1,"name":"Portada","item":"https:\/\/navigatio.es\/"},{"@type":"ListItem","position":2,"name":"Una bah\u00eda abierta a la ciudadan\u00eda","item":"https:\/\/navigatio.es\/index.php\/una-bahia-abierta-a-la-ciudadania\/"},{"@type":"ListItem","position":3,"name":"Carnet de Mareante"}]},{"@type":"WebSite","@id":"https:\/\/navigatio.es\/#website","url":"https:\/\/navigatio.es\/","name":"Navigatio","description":"","publisher":{"@id":"https:\/\/navigatio.es\/#organization"},"potentialAction":[{"@type":"SearchAction","target":{"@type":"EntryPoint","urlTemplate":"https:\/\/navigatio.es\/?s={search_term_string}"},"query-input":{"@type":"PropertyValueSpecification","valueRequired":true,"valueName":"search_term_string"}}],"inLanguage":"es"},{"@type":"Organization","@id":"https:\/\/navigatio.es\/#organization","name":"Navigatio","url":"https:\/\/navigatio.es\/","logo":{"@type":"ImageObject","inLanguage":"es","@id":"https:\/\/navigatio.es\/#\/schema\/logo\/image\/","url":"https:\/\/navigatio.es\/wp-content\/uploads\/2025\/12\/Logo-def-vectorizado_page-0001-e1765543556822.jpg","contentUrl":"https:\/\/navigatio.es\/wp-content\/uploads\/2025\/12\/Logo-def-vectorizado_page-0001-e1765543556822.jpg","width":728,"height":722,"caption":"Navigatio"},"image":{"@id":"https:\/\/navigatio.es\/#\/schema\/logo\/image\/"}}]}},"_links":{"self":[{"href":"https:\/\/navigatio.es\/index.php\/wp-json\/wp\/v2\/pages\/242","targetHints":{"allow":["GET"]}}],"collection":[{"href":"https:\/\/navigatio.es\/index.php\/wp-json\/wp\/v2\/pages"}],"about":[{"href":"https:\/\/navigatio.es\/index.php\/wp-json\/wp\/v2\/types\/page"}],"author":[{"embeddable":true,"href":"https:\/\/navigatio.es\/index.php\/wp-json\/wp\/v2\/users\/1"}],"replies":[{"embeddable":true,"href":"https:\/\/navigatio.es\/index.php\/wp-json\/wp\/v2\/comments?post=242"}],"version-history":[{"count":22,"href":"https:\/\/navigatio.es\/index.php\/wp-json\/wp\/v2\/pages\/242\/revisions"}],"predecessor-version":[{"id":936,"href":"https:\/\/navigatio.es\/index.php\/wp-json\/wp\/v2\/pages\/242\/revisions\/936"}],"up":[{"embeddable":true,"href":"https:\/\/navigatio.es\/index.php\/wp-json\/wp\/v2\/pages\/170"}],"wp:attachment":[{"href":"https:\/\/navigatio.es\/index.php\/wp-json\/wp\/v2\/media?parent=242"}],"curies":[{"name":"wp","href":"https:\/\/api.w.org\/{rel}","templated":true}]}}