{"id":289,"date":"2025-12-15T14:47:28","date_gmt":"2025-12-15T13:47:28","guid":{"rendered":"https:\/\/navigatio.es\/?page_id=289"},"modified":"2025-12-24T11:16:34","modified_gmt":"2025-12-24T10:16:34","slug":"sedes-internacionales","status":"publish","type":"page","link":"https:\/\/navigatio.es\/index.php\/las-orillas\/sedes-internacionales\/","title":{"rendered":"Sedes internacionales"},"content":{"rendered":"\t\t<div data-elementor-type=\"wp-page\" data-elementor-id=\"289\" class=\"elementor elementor-289\" data-elementor-post-type=\"page\">\n\t\t\t\t<div class=\"elementor-element elementor-element-4e8a9e1f e-con-full e-flex e-con e-parent\" data-id=\"4e8a9e1f\" data-element_type=\"container\" data-e-type=\"container\" data-settings=\"{&quot;background_background&quot;:&quot;classic&quot;}\">\n\t\t<div class=\"elementor-element elementor-element-32a9a888 e-con-full e-flex e-con e-child\" data-id=\"32a9a888\" data-element_type=\"container\" data-e-type=\"container\">\n\t\t\t\t<div class=\"elementor-element elementor-element-495f1870 elementor-widget elementor-widget-heading\" data-id=\"495f1870\" data-element_type=\"widget\" data-e-type=\"widget\" data-widget_type=\"heading.default\">\n\t\t\t\t\t<p class=\"elementor-heading-title elementor-size-default\">Puentes culturales y mar\u00edtimos que conectan la Bah\u00eda de Santander con Europa.<\/p>\t\t\t\t<\/div>\n\t\t\t\t<div class=\"elementor-element elementor-element-1c99d923 elementor-widget elementor-widget-heading\" data-id=\"1c99d923\" data-element_type=\"widget\" data-e-type=\"widget\" data-widget_type=\"heading.default\">\n\t\t\t\t\t<h1 class=\"elementor-heading-title elementor-size-default\">Sedes internacionales<\/h1>\t\t\t\t<\/div>\n\t\t\t\t<div class=\"elementor-element elementor-element-2a322fd4 elementor-widget elementor-widget-text-editor\" data-id=\"2a322fd4\" data-element_type=\"widget\" data-e-type=\"widget\" data-widget_type=\"text-editor.default\">\n\t\t\t\t\t\t\t\t\t<p>Navigatio extiende su red m\u00e1s all\u00e1 de Cantabria, creando v\u00ednculos con ciudades europeas que comparten tradici\u00f3n n\u00e1utica y cultura oce\u00e1nica.<\/p>\t\t\t\t\t\t\t\t<\/div>\n\t\t\t\t<div class=\"elementor-element elementor-element-613bbf30 elementor-widget elementor-widget-button\" data-id=\"613bbf30\" data-element_type=\"widget\" data-e-type=\"widget\" data-widget_type=\"button.default\">\n\t\t\t\t\t\t\t\t\t\t<a class=\"elementor-button elementor-button-link elementor-size-sm\" href=\"https:\/\/navigatio.es\/index.php\/sedes-locales\/\">\n\t\t\t\t\t\t<span class=\"elementor-button-content-wrapper\">\n\t\t\t\t\t\t\t\t\t<span class=\"elementor-button-text\">Conoce las sedes locales<\/span>\n\t\t\t\t\t<\/span>\n\t\t\t\t\t<\/a>\n\t\t\t\t\t\t\t\t<\/div>\n\t\t\t\t<\/div>\n\t\t\t\t<\/div>\n\t\t<div class=\"elementor-element elementor-element-1377f714 e-con-full e-flex e-con e-parent\" data-id=\"1377f714\" data-element_type=\"container\" data-e-type=\"container\">\n\t\t<div class=\"elementor-element elementor-element-2d14e24f e-flex e-con-boxed e-con e-child\" data-id=\"2d14e24f\" data-element_type=\"container\" data-e-type=\"container\">\n\t\t\t\t\t<div class=\"e-con-inner\">\n\t\t\t\t<div class=\"elementor-element elementor-element-66b849da elementor-widget elementor-widget-heading\" data-id=\"66b849da\" data-element_type=\"widget\" data-e-type=\"widget\" data-widget_type=\"heading.default\">\n\t\t\t\t\t<h2 class=\"elementor-heading-title elementor-size-default\">Las sedes internacionales de Mar de J\u00fabilo<\/h2>\t\t\t\t<\/div>\n\t\t\t\t<div class=\"elementor-element elementor-element-6caf6bc3 elementor-widget elementor-widget-heading\" data-id=\"6caf6bc3\" data-element_type=\"widget\" data-e-type=\"widget\" data-widget_type=\"heading.default\">\n\t\t\t\t\t<p class=\"elementor-heading-title elementor-size-default\">Son puntos de encuentro que refuerzan la vocaci\u00f3n europea de Navigatio. Cada ciudad aporta su propia tradici\u00f3n mar\u00edtima y cultural, generando un intercambio vivo que conecta la Bah\u00eda de Santander con el Mediterr\u00e1neo, el Atl\u00e1ntico y el norte de Europa.<\/p>\t\t\t\t<\/div>\n\t\t\t\t\t<\/div>\n\t\t\t\t<\/div>\n\t\t<div class=\"elementor-element elementor-element-0dea4ec e-con-full e-flex e-con e-child\" data-id=\"0dea4ec\" data-element_type=\"container\" data-e-type=\"container\">\n\t\t<div class=\"elementor-element elementor-element-bbd5e3b e-con-full e-flex e-con e-child\" data-id=\"bbd5e3b\" data-element_type=\"container\" data-e-type=\"container\">\n\t\t<div class=\"elementor-element elementor-element-c1bf9ef e-con-full e-flex e-con e-child\" data-id=\"c1bf9ef\" data-element_type=\"container\" data-e-type=\"container\">\n\t\t\t\t<div class=\"elementor-element elementor-element-577478d elementor-widget elementor-widget-heading\" data-id=\"577478d\" data-element_type=\"widget\" data-e-type=\"widget\" data-widget_type=\"heading.default\">\n\t\t\t\t\t<h2 class=\"elementor-heading-title elementor-size-default\"> Londres <\/h2>\t\t\t\t<\/div>\n\t\t\t\t<div class=\"elementor-element elementor-element-0e7b284 elementor-widget elementor-widget-heading\" data-id=\"0e7b284\" data-element_type=\"widget\" data-e-type=\"widget\" data-widget_type=\"heading.default\">\n\t\t\t\t\t<p class=\"elementor-heading-title elementor-size-default\">Puente internacional que conecta la Bah\u00eda de Santander con redes culturales y mar\u00edtimas europeas, fomentando la divulgaci\u00f3n oce\u00e1nica y la participaci\u00f3n ciudadana.<\/p>\t\t\t\t<\/div>\n\t\t<div class=\"elementor-element elementor-element-46f5776 e-con-full e-flex e-con e-child\" data-id=\"46f5776\" data-element_type=\"container\" data-e-type=\"container\">\n\t\t<div class=\"elementor-element elementor-element-9dedcde e-con-full e-flex e-con e-child\" data-id=\"9dedcde\" data-element_type=\"container\" data-e-type=\"container\" data-settings=\"{&quot;background_background&quot;:&quot;classic&quot;}\">\n\t\t\t\t<\/div>\n\t\t<div class=\"elementor-element elementor-element-a8b48ca e-con-full e-flex e-con e-child\" data-id=\"a8b48ca\" data-element_type=\"container\" data-e-type=\"container\">\n\t\t\t\t<div class=\"elementor-element elementor-element-fbbb652 elementor-widget elementor-widget-text-editor\" data-id=\"fbbb652\" data-element_type=\"widget\" data-e-type=\"widget\" data-widget_type=\"text-editor.default\">\n\t\t\t\t\t\t\t\t\t<p>Londres es una de las orillas internacionales m\u00e1s significativas de Navigatio. Su papel es tender <strong>puentes entre la Bah\u00eda de Santander y las redes culturales y mar\u00edtimas europeas<\/strong>, aprovechando la tradici\u00f3n n\u00e1utica del T\u00e1mesis y la vitalidad ciudadana de la capital brit\u00e1nica. <br \/>Desde esta sede se promueven encuentros de <strong>divulgaci\u00f3n oce\u00e1nica, colaboraciones con asociaciones afines y actividades<\/strong> que conectan a la di\u00e1spora c\u00e1ntabra con su patrimonio mar\u00edtimo. <br \/><br \/>Londres se convierte as\u00ed en un nodo estrat\u00e9gico para la internacionalizaci\u00f3n de Mar de J\u00fabilo, facilitando <strong>visibilidad y participaci\u00f3n<\/strong> en programas europeos.<\/p>\t\t\t\t\t\t\t\t<\/div>\n\t\t\t\t<\/div>\n\t\t\t\t<\/div>\n\t\t\t\t<\/div>\n\t\t\t\t<div class=\"elementor-element elementor-element-ab48b34 elementor-widget-divider--view-line elementor-widget elementor-widget-divider\" data-id=\"ab48b34\" data-element_type=\"widget\" data-e-type=\"widget\" data-widget_type=\"divider.default\">\n\t\t\t\t\t\t\t<div class=\"elementor-divider\">\n\t\t\t<span class=\"elementor-divider-separator\">\n\t\t\t\t\t\t<\/span>\n\t\t<\/div>\n\t\t\t\t\t\t<\/div>\n\t\t<div class=\"elementor-element elementor-element-117c049 e-flex e-con-boxed e-con e-child\" data-id=\"117c049\" data-element_type=\"container\" data-e-type=\"container\">\n\t\t\t\t\t<div class=\"e-con-inner\">\n\t\t\t\t<div class=\"elementor-element elementor-element-38e8821 elementor-widget elementor-widget-heading\" data-id=\"38e8821\" data-element_type=\"widget\" data-e-type=\"widget\" data-widget_type=\"heading.default\">\n\t\t\t\t\t<h2 class=\"elementor-heading-title elementor-size-default\">Cork <\/h2>\t\t\t\t<\/div>\n\t\t\t\t<div class=\"elementor-element elementor-element-ad37149 elementor-widget elementor-widget-heading\" data-id=\"ad37149\" data-element_type=\"widget\" data-e-type=\"widget\" data-widget_type=\"heading.default\">\n\t\t\t\t\t<p class=\"elementor-heading-title elementor-size-default\">Nodo atl\u00e1ntico que fortalece la red de Navigatio, impulsando actividades ciudadanas y v\u00ednculos con comunidades mar\u00edtimas locales.<\/p>\t\t\t\t<\/div>\n\t\t<div class=\"elementor-element elementor-element-c4b2dcb e-con-full e-flex e-con e-child\" data-id=\"c4b2dcb\" data-element_type=\"container\" data-e-type=\"container\">\n\t\t<div class=\"elementor-element elementor-element-61fc796 e-con-full e-flex e-con e-child\" data-id=\"61fc796\" data-element_type=\"container\" data-e-type=\"container\" data-settings=\"{&quot;background_background&quot;:&quot;classic&quot;}\">\n\t\t\t\t<\/div>\n\t\t<div class=\"elementor-element elementor-element-3a3ec55 e-con-full e-flex e-con e-child\" data-id=\"3a3ec55\" data-element_type=\"container\" data-e-type=\"container\">\n\t\t\t\t<div class=\"elementor-element elementor-element-9d7a7ec elementor-widget elementor-widget-text-editor\" data-id=\"9d7a7ec\" data-element_type=\"widget\" data-e-type=\"widget\" data-widget_type=\"text-editor.default\">\n\t\t\t\t\t\t\t\t\t<p>Cork es la orilla atl\u00e1ntica de Navigatio,<strong> un puerto irland\u00e9s con fuerte arraigo comunitario y tradici\u00f3n mar\u00edtima<\/strong>. La sede en Cork fortalece la red internacional al impulsar actividades ciudadanas y v\u00ednculos con comunidades locales que viven de cara al mar. <br \/>Desde aqu\u00ed se promueven proyectos de participaci\u00f3n, talleres y encuentros que refuerzan <strong>la conexi\u00f3n<\/strong> entre el Atl\u00e1ntico y la Bah\u00eda de Santander. <br \/><br \/>Cork aporta energ\u00eda y diversidad a la red, consolidando la vocaci\u00f3n europea de Mar de J\u00fabilo y ampliando su alcance hacia <strong>nuevas comunidades mar\u00edtimas<\/strong>.<\/p>\t\t\t\t\t\t\t\t<\/div>\n\t\t\t\t<\/div>\n\t\t\t\t<\/div>\n\t\t\t\t\t<\/div>\n\t\t\t\t<\/div>\n\t\t\t\t<div class=\"elementor-element elementor-element-a3857ca elementor-widget-divider--view-line elementor-widget elementor-widget-divider\" data-id=\"a3857ca\" data-element_type=\"widget\" data-e-type=\"widget\" data-widget_type=\"divider.default\">\n\t\t\t\t\t\t\t<div class=\"elementor-divider\">\n\t\t\t<span class=\"elementor-divider-separator\">\n\t\t\t\t\t\t<\/span>\n\t\t<\/div>\n\t\t\t\t\t\t<\/div>\n\t\t<div class=\"elementor-element elementor-element-c3ae626 e-con-full e-flex e-con e-child\" data-id=\"c3ae626\" data-element_type=\"container\" data-e-type=\"container\">\n\t\t\t\t<div class=\"elementor-element elementor-element-4b95d76 elementor-widget elementor-widget-heading\" data-id=\"4b95d76\" data-element_type=\"widget\" data-e-type=\"widget\" data-widget_type=\"heading.default\">\n\t\t\t\t\t<h2 class=\"elementor-heading-title elementor-size-default\"> Venecia <\/h2>\t\t\t\t<\/div>\n\t\t\t\t<div class=\"elementor-element elementor-element-bad3b49 elementor-widget elementor-widget-heading\" data-id=\"bad3b49\" data-element_type=\"widget\" data-e-type=\"widget\" data-widget_type=\"heading.default\">\n\t\t\t\t\t<p class=\"elementor-heading-title elementor-size-default\">Orilla mediterr\u00e1nea que aporta tradici\u00f3n n\u00e1utica y cultura mar\u00edtima, aliada en encuentros europeos y proyectos de patrimonio compartido.<\/p>\t\t\t\t<\/div>\n\t\t<div class=\"elementor-element elementor-element-26911f1 e-con-full e-flex e-con e-child\" data-id=\"26911f1\" data-element_type=\"container\" data-e-type=\"container\">\n\t\t<div class=\"elementor-element elementor-element-b97cf03 e-con-full e-flex e-con e-child\" data-id=\"b97cf03\" data-element_type=\"container\" data-e-type=\"container\" data-settings=\"{&quot;background_background&quot;:&quot;classic&quot;}\">\n\t\t\t\t<\/div>\n\t\t<div class=\"elementor-element elementor-element-09ce0a1 e-con-full e-flex e-con e-child\" data-id=\"09ce0a1\" data-element_type=\"container\" data-e-type=\"container\">\n\t\t\t\t<div class=\"elementor-element elementor-element-18692a8 elementor-widget elementor-widget-text-editor\" data-id=\"18692a8\" data-element_type=\"widget\" data-e-type=\"widget\" data-widget_type=\"text-editor.default\">\n\t\t\t\t\t\t\t\t\t<p>Venecia representa la conexi\u00f3n mediterr\u00e1nea de Navigatio, una ciudad con una <strong>historia mar\u00edtima \u00fanica<\/strong> y un<strong> patrimonio cultural<\/strong> reconocido mundialmente. La sede veneciana aporta tradici\u00f3n n\u00e1utica y experiencia en la gesti\u00f3n de embarcaciones hist\u00f3ricas, convirti\u00e9ndose en aliada en encuentros europeos y proyectos de patrimonio compartido. <br \/>Desde sus canales y su vocaci\u00f3n internacional, Venecia ofrece un <strong>espacio privilegiado para el intercambio cultural y la cooperaci\u00f3n<\/strong> en iniciativas que refuerzan la identidad oce\u00e1nica com\u00fan. <br \/><br \/>Su participaci\u00f3n en la red de Mar de J\u00fabilo permite que la Bah\u00eda de Santander dialogue con el Mediterr\u00e1neo en clave de <strong>cultura y ciudadan\u00eda<\/strong>.<\/p>\t\t\t\t\t\t\t\t<\/div>\n\t\t\t\t<\/div>\n\t\t\t\t<\/div>\n\t\t\t\t<\/div>\n\t\t\t\t<\/div>\n\t\t\t\t<\/div>\n\t\t\t\t<\/div>\n\t\t\t\t<\/div>\n\t\t","protected":false},"excerpt":{"rendered":"<p>Puentes culturales y mar\u00edtimos que conectan la Bah\u00eda de Santander con Europa. Sedes internacionales Navigatio extiende su red m\u00e1s all\u00e1 de Cantabria, creando v\u00ednculos con ciudades europeas que comparten tradici\u00f3n n\u00e1utica y cultura oce\u00e1nica. Conoce las sedes locales Las sedes internacionales de Mar de J\u00fabilo Son puntos de encuentro que refuerzan la vocaci\u00f3n europea de [&hellip;]<\/p>\n","protected":false},"author":1,"featured_media":0,"parent":205,"menu_order":0,"comment_status":"closed","ping_status":"closed","template":"elementor_header_footer","meta":{"footnotes":""},"class_list":["post-289","page","type-page","status-publish","hentry"],"yoast_head":"<!-- This site is optimized with the Yoast SEO plugin v27.4 - https:\/\/yoast.com\/product\/yoast-seo-wordpress\/ -->\n<title>Sedes internacionales - Navigatio<\/title>\n<meta name=\"robots\" content=\"index, follow, max-snippet:-1, max-image-preview:large, max-video-preview:-1\" \/>\n<link rel=\"canonical\" href=\"https:\/\/navigatio.es\/index.php\/las-orillas\/sedes-internacionales\/\" \/>\n<meta property=\"og:locale\" content=\"es_ES\" \/>\n<meta property=\"og:type\" content=\"article\" \/>\n<meta property=\"og:title\" content=\"Sedes internacionales - Navigatio\" \/>\n<meta property=\"og:description\" content=\"Puentes culturales y mar\u00edtimos que conectan la Bah\u00eda de Santander con Europa. Sedes internacionales Navigatio extiende su red m\u00e1s all\u00e1 de Cantabria, creando v\u00ednculos con ciudades europeas que comparten tradici\u00f3n n\u00e1utica y cultura oce\u00e1nica. Conoce las sedes locales Las sedes internacionales de Mar de J\u00fabilo Son puntos de encuentro que refuerzan la vocaci\u00f3n europea de [&hellip;]\" \/>\n<meta property=\"og:url\" content=\"https:\/\/navigatio.es\/index.php\/las-orillas\/sedes-internacionales\/\" \/>\n<meta property=\"og:site_name\" content=\"Navigatio\" \/>\n<meta property=\"article:modified_time\" content=\"2025-12-24T10:16:34+00:00\" \/>\n<meta name=\"twitter:card\" content=\"summary_large_image\" \/>\n<meta name=\"twitter:label1\" content=\"Tiempo de lectura\" \/>\n\t<meta name=\"twitter:data1\" content=\"2 minutos\" \/>\n<script type=\"application\/ld+json\" class=\"yoast-schema-graph\">{\"@context\":\"https:\\\/\\\/schema.org\",\"@graph\":[{\"@type\":\"WebPage\",\"@id\":\"https:\\\/\\\/navigatio.es\\\/index.php\\\/las-orillas\\\/sedes-internacionales\\\/\",\"url\":\"https:\\\/\\\/navigatio.es\\\/index.php\\\/las-orillas\\\/sedes-internacionales\\\/\",\"name\":\"Sedes internacionales - Navigatio\",\"isPartOf\":{\"@id\":\"https:\\\/\\\/navigatio.es\\\/#website\"},\"datePublished\":\"2025-12-15T13:47:28+00:00\",\"dateModified\":\"2025-12-24T10:16:34+00:00\",\"breadcrumb\":{\"@id\":\"https:\\\/\\\/navigatio.es\\\/index.php\\\/las-orillas\\\/sedes-internacionales\\\/#breadcrumb\"},\"inLanguage\":\"es\",\"potentialAction\":[{\"@type\":\"ReadAction\",\"target\":[\"https:\\\/\\\/navigatio.es\\\/index.php\\\/las-orillas\\\/sedes-internacionales\\\/\"]}]},{\"@type\":\"BreadcrumbList\",\"@id\":\"https:\\\/\\\/navigatio.es\\\/index.php\\\/las-orillas\\\/sedes-internacionales\\\/#breadcrumb\",\"itemListElement\":[{\"@type\":\"ListItem\",\"position\":1,\"name\":\"Portada\",\"item\":\"https:\\\/\\\/navigatio.es\\\/\"},{\"@type\":\"ListItem\",\"position\":2,\"name\":\"Las orillas del Mar de J\u00fabilo\",\"item\":\"https:\\\/\\\/navigatio.es\\\/index.php\\\/las-orillas\\\/\"},{\"@type\":\"ListItem\",\"position\":3,\"name\":\"Sedes internacionales\"}]},{\"@type\":\"WebSite\",\"@id\":\"https:\\\/\\\/navigatio.es\\\/#website\",\"url\":\"https:\\\/\\\/navigatio.es\\\/\",\"name\":\"Navigatio\",\"description\":\"\",\"publisher\":{\"@id\":\"https:\\\/\\\/navigatio.es\\\/#organization\"},\"potentialAction\":[{\"@type\":\"SearchAction\",\"target\":{\"@type\":\"EntryPoint\",\"urlTemplate\":\"https:\\\/\\\/navigatio.es\\\/?s={search_term_string}\"},\"query-input\":{\"@type\":\"PropertyValueSpecification\",\"valueRequired\":true,\"valueName\":\"search_term_string\"}}],\"inLanguage\":\"es\"},{\"@type\":\"Organization\",\"@id\":\"https:\\\/\\\/navigatio.es\\\/#organization\",\"name\":\"Navigatio\",\"url\":\"https:\\\/\\\/navigatio.es\\\/\",\"logo\":{\"@type\":\"ImageObject\",\"inLanguage\":\"es\",\"@id\":\"https:\\\/\\\/navigatio.es\\\/#\\\/schema\\\/logo\\\/image\\\/\",\"url\":\"https:\\\/\\\/navigatio.es\\\/wp-content\\\/uploads\\\/2025\\\/12\\\/Logo-def-vectorizado_page-0001-e1765543556822.jpg\",\"contentUrl\":\"https:\\\/\\\/navigatio.es\\\/wp-content\\\/uploads\\\/2025\\\/12\\\/Logo-def-vectorizado_page-0001-e1765543556822.jpg\",\"width\":728,\"height\":722,\"caption\":\"Navigatio\"},\"image\":{\"@id\":\"https:\\\/\\\/navigatio.es\\\/#\\\/schema\\\/logo\\\/image\\\/\"}}]}<\/script>\n<!-- \/ Yoast SEO plugin. -->","yoast_head_json":{"title":"Sedes internacionales - Navigatio","robots":{"index":"index","follow":"follow","max-snippet":"max-snippet:-1","max-image-preview":"max-image-preview:large","max-video-preview":"max-video-preview:-1"},"canonical":"https:\/\/navigatio.es\/index.php\/las-orillas\/sedes-internacionales\/","og_locale":"es_ES","og_type":"article","og_title":"Sedes internacionales - Navigatio","og_description":"Puentes culturales y mar\u00edtimos que conectan la Bah\u00eda de Santander con Europa. Sedes internacionales Navigatio extiende su red m\u00e1s all\u00e1 de Cantabria, creando v\u00ednculos con ciudades europeas que comparten tradici\u00f3n n\u00e1utica y cultura oce\u00e1nica. Conoce las sedes locales Las sedes internacionales de Mar de J\u00fabilo Son puntos de encuentro que refuerzan la vocaci\u00f3n europea de [&hellip;]","og_url":"https:\/\/navigatio.es\/index.php\/las-orillas\/sedes-internacionales\/","og_site_name":"Navigatio","article_modified_time":"2025-12-24T10:16:34+00:00","twitter_card":"summary_large_image","twitter_misc":{"Tiempo de lectura":"2 minutos"},"schema":{"@context":"https:\/\/schema.org","@graph":[{"@type":"WebPage","@id":"https:\/\/navigatio.es\/index.php\/las-orillas\/sedes-internacionales\/","url":"https:\/\/navigatio.es\/index.php\/las-orillas\/sedes-internacionales\/","name":"Sedes internacionales - Navigatio","isPartOf":{"@id":"https:\/\/navigatio.es\/#website"},"datePublished":"2025-12-15T13:47:28+00:00","dateModified":"2025-12-24T10:16:34+00:00","breadcrumb":{"@id":"https:\/\/navigatio.es\/index.php\/las-orillas\/sedes-internacionales\/#breadcrumb"},"inLanguage":"es","potentialAction":[{"@type":"ReadAction","target":["https:\/\/navigatio.es\/index.php\/las-orillas\/sedes-internacionales\/"]}]},{"@type":"BreadcrumbList","@id":"https:\/\/navigatio.es\/index.php\/las-orillas\/sedes-internacionales\/#breadcrumb","itemListElement":[{"@type":"ListItem","position":1,"name":"Portada","item":"https:\/\/navigatio.es\/"},{"@type":"ListItem","position":2,"name":"Las orillas del Mar de J\u00fabilo","item":"https:\/\/navigatio.es\/index.php\/las-orillas\/"},{"@type":"ListItem","position":3,"name":"Sedes internacionales"}]},{"@type":"WebSite","@id":"https:\/\/navigatio.es\/#website","url":"https:\/\/navigatio.es\/","name":"Navigatio","description":"","publisher":{"@id":"https:\/\/navigatio.es\/#organization"},"potentialAction":[{"@type":"SearchAction","target":{"@type":"EntryPoint","urlTemplate":"https:\/\/navigatio.es\/?s={search_term_string}"},"query-input":{"@type":"PropertyValueSpecification","valueRequired":true,"valueName":"search_term_string"}}],"inLanguage":"es"},{"@type":"Organization","@id":"https:\/\/navigatio.es\/#organization","name":"Navigatio","url":"https:\/\/navigatio.es\/","logo":{"@type":"ImageObject","inLanguage":"es","@id":"https:\/\/navigatio.es\/#\/schema\/logo\/image\/","url":"https:\/\/navigatio.es\/wp-content\/uploads\/2025\/12\/Logo-def-vectorizado_page-0001-e1765543556822.jpg","contentUrl":"https:\/\/navigatio.es\/wp-content\/uploads\/2025\/12\/Logo-def-vectorizado_page-0001-e1765543556822.jpg","width":728,"height":722,"caption":"Navigatio"},"image":{"@id":"https:\/\/navigatio.es\/#\/schema\/logo\/image\/"}}]}},"_links":{"self":[{"href":"https:\/\/navigatio.es\/index.php\/wp-json\/wp\/v2\/pages\/289","targetHints":{"allow":["GET"]}}],"collection":[{"href":"https:\/\/navigatio.es\/index.php\/wp-json\/wp\/v2\/pages"}],"about":[{"href":"https:\/\/navigatio.es\/index.php\/wp-json\/wp\/v2\/types\/page"}],"author":[{"embeddable":true,"href":"https:\/\/navigatio.es\/index.php\/wp-json\/wp\/v2\/users\/1"}],"replies":[{"embeddable":true,"href":"https:\/\/navigatio.es\/index.php\/wp-json\/wp\/v2\/comments?post=289"}],"version-history":[{"count":31,"href":"https:\/\/navigatio.es\/index.php\/wp-json\/wp\/v2\/pages\/289\/revisions"}],"predecessor-version":[{"id":896,"href":"https:\/\/navigatio.es\/index.php\/wp-json\/wp\/v2\/pages\/289\/revisions\/896"}],"up":[{"embeddable":true,"href":"https:\/\/navigatio.es\/index.php\/wp-json\/wp\/v2\/pages\/205"}],"wp:attachment":[{"href":"https:\/\/navigatio.es\/index.php\/wp-json\/wp\/v2\/media?parent=289"}],"curies":[{"name":"wp","href":"https:\/\/api.w.org\/{rel}","templated":true}]}}