{"id":349,"date":"2025-12-16T07:58:41","date_gmt":"2025-12-16T06:58:41","guid":{"rendered":"https:\/\/navigatio.es\/?page_id=349"},"modified":"2025-12-24T11:16:06","modified_gmt":"2025-12-24T10:16:06","slug":"escapadas-mar-de-jubilo","status":"publish","type":"page","link":"https:\/\/navigatio.es\/index.php\/las-orillas\/actividades-especiales\/escapadas-mar-de-jubilo\/","title":{"rendered":"Escapadas a nuestro Mar de J\u00fabilo"},"content":{"rendered":"\t\t<div data-elementor-type=\"wp-page\" data-elementor-id=\"349\" class=\"elementor elementor-349\" data-elementor-post-type=\"page\">\n\t\t\t\t<div class=\"elementor-element elementor-element-4ba79fbe e-con-full e-flex e-con e-parent\" data-id=\"4ba79fbe\" data-element_type=\"container\" data-e-type=\"container\" data-settings=\"{&quot;background_background&quot;:&quot;classic&quot;}\">\n\t\t<div class=\"elementor-element elementor-element-276f94a5 e-con-full e-flex e-con e-child\" data-id=\"276f94a5\" data-element_type=\"container\" data-e-type=\"container\">\n\t\t\t\t<div class=\"elementor-element elementor-element-77694859 elementor-widget elementor-widget-heading\" data-id=\"77694859\" data-element_type=\"widget\" data-e-type=\"widget\" data-widget_type=\"heading.default\">\n\t\t\t\t\t<p class=\"elementor-heading-title elementor-size-default\">Vive la tradici\u00f3n mar\u00edtima y la naturaleza de Cantabria en experiencias \u00fanicas.<\/p>\t\t\t\t<\/div>\n\t\t\t\t<div class=\"elementor-element elementor-element-5ec97e37 elementor-widget elementor-widget-heading\" data-id=\"5ec97e37\" data-element_type=\"widget\" data-e-type=\"widget\" data-widget_type=\"heading.default\">\n\t\t\t\t\t<h1 class=\"elementor-heading-title elementor-size-default\">Escapadas Mar de J\u00fabilo<\/h1>\t\t\t\t<\/div>\n\t\t\t\t<div class=\"elementor-element elementor-element-182baf24 elementor-widget elementor-widget-text-editor\" data-id=\"182baf24\" data-element_type=\"widget\" data-e-type=\"widget\" data-widget_type=\"text-editor.default\">\n\t\t\t\t\t\t\t\t\t<p>Arraigados a la tradici\u00f3n y unidos a la naturaleza, las escapadas de Mar de J\u00fabilo son una invitaci\u00f3n a descubrir Cantabria desde el mar y la tierra. Cada programa combina actividades n\u00e1uticas, senderismo cultural y visitas patrimoniales, creando experiencias completas para quienes buscan conexi\u00f3n, aventura y autenticidad.<\/p>\t\t\t\t\t\t\t\t<\/div>\n\t\t\t\t<div class=\"elementor-element elementor-element-986c774 elementor-widget elementor-widget-button\" data-id=\"986c774\" data-element_type=\"widget\" data-e-type=\"widget\" data-widget_type=\"button.default\">\n\t\t\t\t\t\t\t\t\t\t<a class=\"elementor-button elementor-button-link elementor-size-sm\" href=\"https:\/\/navigatio.es\/index.php\/actividades-especiales\">\n\t\t\t\t\t\t<span class=\"elementor-button-content-wrapper\">\n\t\t\t\t\t\t\t\t\t<span class=\"elementor-button-text\">Conoce m\u00e1s actividades<\/span>\n\t\t\t\t\t<\/span>\n\t\t\t\t\t<\/a>\n\t\t\t\t\t\t\t\t<\/div>\n\t\t\t\t<\/div>\n\t\t\t\t<\/div>\n\t\t<div class=\"elementor-element elementor-element-74e1aeb4 e-con-full e-flex e-con e-parent\" data-id=\"74e1aeb4\" data-element_type=\"container\" data-e-type=\"container\">\n\t\t<div class=\"elementor-element elementor-element-3764aeb e-flex e-con-boxed e-con e-child\" data-id=\"3764aeb\" data-element_type=\"container\" data-e-type=\"container\">\n\t\t\t\t\t<div class=\"e-con-inner\">\n\t\t\t\t<div class=\"elementor-element elementor-element-70ebe2a4 elementor-widget elementor-widget-heading\" data-id=\"70ebe2a4\" data-element_type=\"widget\" data-e-type=\"widget\" data-widget_type=\"heading.default\">\n\t\t\t\t\t<h2 class=\"elementor-heading-title elementor-size-default\">3 noches \u2013 Santander<\/h2>\t\t\t\t<\/div>\n\t\t\t\t<div class=\"elementor-element elementor-element-224ffeb3 elementor-widget elementor-widget-heading\" data-id=\"224ffeb3\" data-element_type=\"widget\" data-e-type=\"widget\" data-widget_type=\"heading.default\">\n\t\t\t\t\t<p class=\"elementor-heading-title elementor-size-default\">Una experiencia breve pero intensa que combina remo tradicional y senderismo cultural, ideal para una primera inmersi\u00f3n en el esp\u00edritu de Navigatio.<\/p>\t\t\t\t<\/div>\n\t\t<div class=\"elementor-element elementor-element-58b90511 e-con-full e-flex e-con e-child\" data-id=\"58b90511\" data-element_type=\"container\" data-e-type=\"container\" data-settings=\"{&quot;background_background&quot;:&quot;classic&quot;}\">\n\t\t\t\t<div class=\"elementor-element elementor-element-2ee5875 elementor-widget elementor-widget-heading\" data-id=\"2ee5875\" data-element_type=\"widget\" data-e-type=\"widget\" data-widget_type=\"heading.default\">\n\t\t\t\t\t<h3 class=\"elementor-heading-title elementor-size-default\">Incluye:<\/h3>\t\t\t\t<\/div>\n\t\t\t\t<div class=\"elementor-element elementor-element-4e88825 elementor-widget elementor-widget-text-editor\" data-id=\"4e88825\" data-element_type=\"widget\" data-e-type=\"widget\" data-widget_type=\"text-editor.default\">\n\t\t\t\t\t\t\t\t\t<ul><li><p>1 jornada batelera en trainera por la Bah\u00eda de Santander<\/p><\/li><li><p>1 jornada Camino Lebaniego<\/p><\/li><li><p>1 Pack Navigatio (camiseta, mochila, cantimplora)<\/p><\/li><li><p>Transfer llegada y regreso (Santander\/Bilbao)<\/p><\/li><\/ul>\t\t\t\t\t\t\t\t<\/div>\n\t\t\t\t<\/div>\n\t\t\t\t\t<\/div>\n\t\t\t\t<\/div>\n\t\t\t\t<div class=\"elementor-element elementor-element-6ba122d elementor-widget-divider--view-line elementor-widget elementor-widget-divider\" data-id=\"6ba122d\" data-element_type=\"widget\" data-e-type=\"widget\" data-widget_type=\"divider.default\">\n\t\t\t\t\t\t\t<div class=\"elementor-divider\">\n\t\t\t<span class=\"elementor-divider-separator\">\n\t\t\t\t\t\t<\/span>\n\t\t<\/div>\n\t\t\t\t\t\t<\/div>\n\t\t<div class=\"elementor-element elementor-element-20b2cbe e-flex e-con-boxed e-con e-child\" data-id=\"20b2cbe\" data-element_type=\"container\" data-e-type=\"container\">\n\t\t\t\t\t<div class=\"e-con-inner\">\n\t\t\t\t<div class=\"elementor-element elementor-element-91f775c elementor-widget elementor-widget-heading\" data-id=\"91f775c\" data-element_type=\"widget\" data-e-type=\"widget\" data-widget_type=\"heading.default\">\n\t\t\t\t\t<h2 class=\"elementor-heading-title elementor-size-default\">4 noches \u2013 Santander<\/h2>\t\t\t\t<\/div>\n\t\t\t\t<div class=\"elementor-element elementor-element-7f88f58 elementor-widget elementor-widget-heading\" data-id=\"7f88f58\" data-element_type=\"widget\" data-e-type=\"widget\" data-widget_type=\"heading.default\">\n\t\t\t\t\t<p class=\"elementor-heading-title elementor-size-default\">Un programa m\u00e1s completo que une tradici\u00f3n mar\u00edtima, patrimonio hist\u00f3rico y naturaleza, perfecto para quienes buscan equilibrio entre cultura y actividad f\u00edsica.<\/p>\t\t\t\t<\/div>\n\t\t<div class=\"elementor-element elementor-element-d1fae62 e-con-full e-flex e-con e-child\" data-id=\"d1fae62\" data-element_type=\"container\" data-e-type=\"container\" data-settings=\"{&quot;background_background&quot;:&quot;classic&quot;}\">\n\t\t\t\t<div class=\"elementor-element elementor-element-b21d679 elementor-widget elementor-widget-heading\" data-id=\"b21d679\" data-element_type=\"widget\" data-e-type=\"widget\" data-widget_type=\"heading.default\">\n\t\t\t\t\t<h3 class=\"elementor-heading-title elementor-size-default\">Incluye:<\/h3>\t\t\t\t<\/div>\n\t\t\t\t<div class=\"elementor-element elementor-element-b03ef7c elementor-widget elementor-widget-text-editor\" data-id=\"b03ef7c\" data-element_type=\"widget\" data-e-type=\"widget\" data-widget_type=\"text-editor.default\">\n\t\t\t\t\t\t\t\t\t<ul><li><p>2 sesiones de remo en trainera por la Bah\u00eda de Santander<\/p><\/li><li><p>1 excursi\u00f3n a Santillana del Mar y Museo de Altamira<\/p><\/li><li><p>1 jornada Camino Lebaniego (ruta senderismo, Potes y Monasterio)<\/p><\/li><li><p>1 Pack Navigatio<\/p><\/li><li><p>Transfer llegada y regreso<\/p><\/li><\/ul>\t\t\t\t\t\t\t\t<\/div>\n\t\t\t\t<\/div>\n\t\t\t\t\t<\/div>\n\t\t\t\t<\/div>\n\t\t\t\t<div class=\"elementor-element elementor-element-0138040 elementor-widget-divider--view-line elementor-widget elementor-widget-divider\" data-id=\"0138040\" data-element_type=\"widget\" data-e-type=\"widget\" data-widget_type=\"divider.default\">\n\t\t\t\t\t\t\t<div class=\"elementor-divider\">\n\t\t\t<span class=\"elementor-divider-separator\">\n\t\t\t\t\t\t<\/span>\n\t\t<\/div>\n\t\t\t\t\t\t<\/div>\n\t\t<div class=\"elementor-element elementor-element-0fda67b e-flex e-con-boxed e-con e-child\" data-id=\"0fda67b\" data-element_type=\"container\" data-e-type=\"container\">\n\t\t\t\t\t<div class=\"e-con-inner\">\n\t\t\t\t<div class=\"elementor-element elementor-element-55c142f elementor-widget elementor-widget-heading\" data-id=\"55c142f\" data-element_type=\"widget\" data-e-type=\"widget\" data-widget_type=\"heading.default\">\n\t\t\t\t\t<h2 class=\"elementor-heading-title elementor-size-default\">5 noches \u2013 Santander<\/h2>\t\t\t\t<\/div>\n\t\t\t\t<div class=\"elementor-element elementor-element-61862a7 elementor-widget elementor-widget-heading\" data-id=\"61862a7\" data-element_type=\"widget\" data-e-type=\"widget\" data-widget_type=\"heading.default\">\n\t\t\t\t\t<p class=\"elementor-heading-title elementor-size-default\">La opci\u00f3n m\u00e1s completa: remo, senderismo, patrimonio y aventura subterr\u00e1nea. Una inmersi\u00f3n total en la cultura oce\u00e1nica y natural de Cantabria.<\/p>\t\t\t\t<\/div>\n\t\t<div class=\"elementor-element elementor-element-8b9e8e2 e-con-full e-flex e-con e-child\" data-id=\"8b9e8e2\" data-element_type=\"container\" data-e-type=\"container\" data-settings=\"{&quot;background_background&quot;:&quot;classic&quot;}\">\n\t\t\t\t<div class=\"elementor-element elementor-element-612ce20 elementor-widget elementor-widget-heading\" data-id=\"612ce20\" data-element_type=\"widget\" data-e-type=\"widget\" data-widget_type=\"heading.default\">\n\t\t\t\t\t<h3 class=\"elementor-heading-title elementor-size-default\">Incluye:<\/h3>\t\t\t\t<\/div>\n\t\t\t\t<div class=\"elementor-element elementor-element-c95d6bd elementor-widget elementor-widget-text-editor\" data-id=\"c95d6bd\" data-element_type=\"widget\" data-e-type=\"widget\" data-widget_type=\"text-editor.default\">\n\t\t\t\t\t\t\t\t\t<ul><li><p>2 sesiones de remo en trainera por la Bah\u00eda de Santander<\/p><\/li><li><p>1 excursi\u00f3n a Santillana del Mar y Museo de Altamira<\/p><\/li><li><p>1 jornada Camino Lebaniego (senderismo, Potes y Monasterio)<\/p><\/li><li><p>1 experiencia de espeleolog\u00eda en Minas de Ud\u00edas<\/p><\/li><li><p>1 Pack Navigatio<\/p><\/li><li><p>Transfer llegada y regreso<\/p><\/li><\/ul>\t\t\t\t\t\t\t\t<\/div>\n\t\t\t\t<\/div>\n\t\t\t\t\t<\/div>\n\t\t\t\t<\/div>\n\t\t\t\t<\/div>\n\t\t<div class=\"elementor-element elementor-element-58bca0a e-con-full e-flex e-con e-parent\" data-id=\"58bca0a\" data-element_type=\"container\" data-e-type=\"container\" data-settings=\"{&quot;background_background&quot;:&quot;classic&quot;}\">\n\t\t<div class=\"elementor-element elementor-element-74b45e6 e-con-full e-flex e-con e-child\" data-id=\"74b45e6\" data-element_type=\"container\" data-e-type=\"container\">\n\t\t\t\t<div class=\"elementor-element elementor-element-ae394ac elementor-widget elementor-widget-heading\" data-id=\"ae394ac\" data-element_type=\"widget\" data-e-type=\"widget\" data-widget_type=\"heading.default\">\n\t\t\t\t\t<p class=\"elementor-heading-title elementor-size-default\">Te ayudamos tambi\u00e9n a gestionar tu alojamiento, pregunta sin compromiso.<\/p>\t\t\t\t<\/div>\n\t\t\t\t<div class=\"elementor-element elementor-element-67c0191 elementor-widget elementor-widget-heading\" data-id=\"67c0191\" data-element_type=\"widget\" data-e-type=\"widget\" data-widget_type=\"heading.default\">\n\t\t\t\t\t<h2 class=\"elementor-heading-title elementor-size-default\">Solicita m\u00e1s informaci\u00f3n<\/h2>\t\t\t\t<\/div>\n\t\t\t\t<div class=\"elementor-element elementor-element-35870bb elementor-widget__width-initial elementor-widget-mobile__width-initial elementor-button-align-stretch elementor-widget elementor-widget-form\" data-id=\"35870bb\" data-element_type=\"widget\" data-e-type=\"widget\" data-settings=\"{&quot;step_next_label&quot;:&quot;Next&quot;,&quot;step_previous_label&quot;:&quot;Previous&quot;,&quot;button_width&quot;:&quot;100&quot;,&quot;step_type&quot;:&quot;number_text&quot;,&quot;step_icon_shape&quot;:&quot;circle&quot;}\" data-widget_type=\"form.default\">\n\t\t\t\t\t\t\t<form class=\"elementor-form\" method=\"post\" name=\"escapadas\" aria-label=\"escapadas\">\n\t\t\t<input type=\"hidden\" name=\"post_id\" value=\"349\"\/>\n\t\t\t<input type=\"hidden\" name=\"form_id\" value=\"35870bb\"\/>\n\t\t\t<input type=\"hidden\" name=\"referer_title\" value=\"Navigatio\" \/>\n\n\t\t\t\n\t\t\t<div class=\"elementor-form-fields-wrapper elementor-labels-\">\n\t\t\t\t\t\t\t\t<div class=\"elementor-field-type-text elementor-field-group elementor-column elementor-field-group-name elementor-col-100\">\n\t\t\t\t\t\t\t\t\t\t\t\t\t<input size=\"1\" type=\"text\" name=\"form_fields[name]\" id=\"form-field-name\" class=\"elementor-field elementor-size-sm  elementor-field-textual\" placeholder=\"Nombre\">\n\t\t\t\t\t\t\t\t\t\t\t<\/div>\n\t\t\t\t\t\t\t\t<div class=\"elementor-field-type-email elementor-field-group elementor-column elementor-field-group-email elementor-col-100 elementor-field-required\">\n\t\t\t\t\t\t\t\t\t\t\t\t<label for=\"form-field-email\" class=\"elementor-field-label elementor-screen-only\">\n\t\t\t\t\t\t\t\tEmail\t\t\t\t\t\t\t<\/label>\n\t\t\t\t\t\t\t\t\t\t\t\t\t\t<input size=\"1\" type=\"email\" name=\"form_fields[email]\" id=\"form-field-email\" class=\"elementor-field elementor-size-sm  elementor-field-textual\" placeholder=\"Email\" required=\"required\">\n\t\t\t\t\t\t\t\t\t\t\t<\/div>\n\t\t\t\t\t\t\t\t<div class=\"elementor-field-type-textarea elementor-field-group elementor-column elementor-field-group-message elementor-col-100\">\n\t\t\t\t\t<textarea class=\"elementor-field-textual elementor-field  elementor-size-sm\" name=\"form_fields[message]\" id=\"form-field-message\" rows=\"4\" placeholder=\"Mensaje\"><\/textarea>\t\t\t\t<\/div>\n\t\t\t\t\t\t\t\t<div class=\"elementor-field-type-acceptance elementor-field-group elementor-column elementor-field-group-field_54a212c elementor-col-100 elementor-field-required\">\n\t\t\t\t\t\t\t<div class=\"elementor-field-subgroup\">\n\t\t\t<span class=\"elementor-field-option\">\n\t\t\t\t<input type=\"checkbox\" name=\"form_fields[field_54a212c]\" id=\"form-field-field_54a212c\" class=\"elementor-field elementor-size-sm  elementor-acceptance-field\" required=\"required\">\n\t\t\t\t<label for=\"form-field-field_54a212c\">Aceptar los t\u00e9rminos de nuestra pol\u00edtica de uso de datos.<\/label>\t\t\t<\/span>\n\t\t<\/div>\n\t\t\t\t\t\t<\/div>\n\t\t\t\t\t\t\t\t<div class=\"elementor-field-group elementor-column elementor-field-type-submit elementor-col-100 e-form__buttons\">\n\t\t\t\t\t<button class=\"elementor-button elementor-size-sm\" type=\"submit\">\n\t\t\t\t\t\t<span class=\"elementor-button-content-wrapper\">\n\t\t\t\t\t\t\t\t\t\t\t\t\t\t\t\t\t\t\t\t\t\t<span class=\"elementor-button-text\">Enviar<\/span>\n\t\t\t\t\t\t\t\t\t\t\t\t\t<\/span>\n\t\t\t\t\t<\/button>\n\t\t\t\t<\/div>\n\t\t\t<\/div>\n\t\t<\/form>\n\t\t\t\t\t\t<\/div>\n\t\t\t\t<\/div>\n\t\t\t\t<\/div>\n\t\t\t\t<\/div>\n\t\t","protected":false},"excerpt":{"rendered":"<p>Vive la tradici\u00f3n mar\u00edtima y la naturaleza de Cantabria en experiencias \u00fanicas. Escapadas Mar de J\u00fabilo Arraigados a la tradici\u00f3n y unidos a la naturaleza, las escapadas de Mar de J\u00fabilo son una invitaci\u00f3n a descubrir Cantabria desde el mar y la tierra. Cada programa combina actividades n\u00e1uticas, senderismo cultural y visitas patrimoniales, creando experiencias [&hellip;]<\/p>\n","protected":false},"author":1,"featured_media":0,"parent":311,"menu_order":0,"comment_status":"closed","ping_status":"closed","template":"elementor_header_footer","meta":{"footnotes":""},"class_list":["post-349","page","type-page","status-publish","hentry"],"yoast_head":"<!-- This site is optimized with the Yoast SEO plugin v27.4 - https:\/\/yoast.com\/product\/yoast-seo-wordpress\/ -->\n<title>Escapadas a nuestro Mar de J\u00fabilo - Navigatio<\/title>\n<meta name=\"robots\" content=\"index, follow, max-snippet:-1, max-image-preview:large, max-video-preview:-1\" \/>\n<link rel=\"canonical\" href=\"https:\/\/navigatio.es\/index.php\/las-orillas\/actividades-especiales\/escapadas-mar-de-jubilo\/\" \/>\n<meta property=\"og:locale\" content=\"es_ES\" \/>\n<meta property=\"og:type\" content=\"article\" \/>\n<meta property=\"og:title\" content=\"Escapadas a nuestro Mar de J\u00fabilo - Navigatio\" \/>\n<meta property=\"og:description\" content=\"Vive la tradici\u00f3n mar\u00edtima y la naturaleza de Cantabria en experiencias \u00fanicas. Escapadas Mar de J\u00fabilo Arraigados a la tradici\u00f3n y unidos a la naturaleza, las escapadas de Mar de J\u00fabilo son una invitaci\u00f3n a descubrir Cantabria desde el mar y la tierra. Cada programa combina actividades n\u00e1uticas, senderismo cultural y visitas patrimoniales, creando experiencias [&hellip;]\" \/>\n<meta property=\"og:url\" content=\"https:\/\/navigatio.es\/index.php\/las-orillas\/actividades-especiales\/escapadas-mar-de-jubilo\/\" \/>\n<meta property=\"og:site_name\" content=\"Navigatio\" \/>\n<meta property=\"article:modified_time\" content=\"2025-12-24T10:16:06+00:00\" \/>\n<meta name=\"twitter:card\" content=\"summary_large_image\" \/>\n<meta name=\"twitter:label1\" content=\"Tiempo de lectura\" \/>\n\t<meta name=\"twitter:data1\" content=\"2 minutos\" \/>\n<script type=\"application\/ld+json\" class=\"yoast-schema-graph\">{\"@context\":\"https:\\\/\\\/schema.org\",\"@graph\":[{\"@type\":\"WebPage\",\"@id\":\"https:\\\/\\\/navigatio.es\\\/index.php\\\/las-orillas\\\/actividades-especiales\\\/escapadas-mar-de-jubilo\\\/\",\"url\":\"https:\\\/\\\/navigatio.es\\\/index.php\\\/las-orillas\\\/actividades-especiales\\\/escapadas-mar-de-jubilo\\\/\",\"name\":\"Escapadas a nuestro Mar de J\u00fabilo - Navigatio\",\"isPartOf\":{\"@id\":\"https:\\\/\\\/navigatio.es\\\/#website\"},\"datePublished\":\"2025-12-16T06:58:41+00:00\",\"dateModified\":\"2025-12-24T10:16:06+00:00\",\"breadcrumb\":{\"@id\":\"https:\\\/\\\/navigatio.es\\\/index.php\\\/las-orillas\\\/actividades-especiales\\\/escapadas-mar-de-jubilo\\\/#breadcrumb\"},\"inLanguage\":\"es\",\"potentialAction\":[{\"@type\":\"ReadAction\",\"target\":[\"https:\\\/\\\/navigatio.es\\\/index.php\\\/las-orillas\\\/actividades-especiales\\\/escapadas-mar-de-jubilo\\\/\"]}]},{\"@type\":\"BreadcrumbList\",\"@id\":\"https:\\\/\\\/navigatio.es\\\/index.php\\\/las-orillas\\\/actividades-especiales\\\/escapadas-mar-de-jubilo\\\/#breadcrumb\",\"itemListElement\":[{\"@type\":\"ListItem\",\"position\":1,\"name\":\"Portada\",\"item\":\"https:\\\/\\\/navigatio.es\\\/\"},{\"@type\":\"ListItem\",\"position\":2,\"name\":\"Las orillas del Mar de J\u00fabilo\",\"item\":\"https:\\\/\\\/navigatio.es\\\/index.php\\\/las-orillas\\\/\"},{\"@type\":\"ListItem\",\"position\":3,\"name\":\"Actividades especiales\",\"item\":\"https:\\\/\\\/navigatio.es\\\/index.php\\\/las-orillas\\\/actividades-especiales\\\/\"},{\"@type\":\"ListItem\",\"position\":4,\"name\":\"Escapadas a nuestro Mar de J\u00fabilo\"}]},{\"@type\":\"WebSite\",\"@id\":\"https:\\\/\\\/navigatio.es\\\/#website\",\"url\":\"https:\\\/\\\/navigatio.es\\\/\",\"name\":\"Navigatio\",\"description\":\"\",\"publisher\":{\"@id\":\"https:\\\/\\\/navigatio.es\\\/#organization\"},\"potentialAction\":[{\"@type\":\"SearchAction\",\"target\":{\"@type\":\"EntryPoint\",\"urlTemplate\":\"https:\\\/\\\/navigatio.es\\\/?s={search_term_string}\"},\"query-input\":{\"@type\":\"PropertyValueSpecification\",\"valueRequired\":true,\"valueName\":\"search_term_string\"}}],\"inLanguage\":\"es\"},{\"@type\":\"Organization\",\"@id\":\"https:\\\/\\\/navigatio.es\\\/#organization\",\"name\":\"Navigatio\",\"url\":\"https:\\\/\\\/navigatio.es\\\/\",\"logo\":{\"@type\":\"ImageObject\",\"inLanguage\":\"es\",\"@id\":\"https:\\\/\\\/navigatio.es\\\/#\\\/schema\\\/logo\\\/image\\\/\",\"url\":\"https:\\\/\\\/navigatio.es\\\/wp-content\\\/uploads\\\/2025\\\/12\\\/Logo-def-vectorizado_page-0001-e1765543556822.jpg\",\"contentUrl\":\"https:\\\/\\\/navigatio.es\\\/wp-content\\\/uploads\\\/2025\\\/12\\\/Logo-def-vectorizado_page-0001-e1765543556822.jpg\",\"width\":728,\"height\":722,\"caption\":\"Navigatio\"},\"image\":{\"@id\":\"https:\\\/\\\/navigatio.es\\\/#\\\/schema\\\/logo\\\/image\\\/\"}}]}<\/script>\n<!-- \/ Yoast SEO plugin. -->","yoast_head_json":{"title":"Escapadas a nuestro Mar de J\u00fabilo - Navigatio","robots":{"index":"index","follow":"follow","max-snippet":"max-snippet:-1","max-image-preview":"max-image-preview:large","max-video-preview":"max-video-preview:-1"},"canonical":"https:\/\/navigatio.es\/index.php\/las-orillas\/actividades-especiales\/escapadas-mar-de-jubilo\/","og_locale":"es_ES","og_type":"article","og_title":"Escapadas a nuestro Mar de J\u00fabilo - Navigatio","og_description":"Vive la tradici\u00f3n mar\u00edtima y la naturaleza de Cantabria en experiencias \u00fanicas. Escapadas Mar de J\u00fabilo Arraigados a la tradici\u00f3n y unidos a la naturaleza, las escapadas de Mar de J\u00fabilo son una invitaci\u00f3n a descubrir Cantabria desde el mar y la tierra. Cada programa combina actividades n\u00e1uticas, senderismo cultural y visitas patrimoniales, creando experiencias [&hellip;]","og_url":"https:\/\/navigatio.es\/index.php\/las-orillas\/actividades-especiales\/escapadas-mar-de-jubilo\/","og_site_name":"Navigatio","article_modified_time":"2025-12-24T10:16:06+00:00","twitter_card":"summary_large_image","twitter_misc":{"Tiempo de lectura":"2 minutos"},"schema":{"@context":"https:\/\/schema.org","@graph":[{"@type":"WebPage","@id":"https:\/\/navigatio.es\/index.php\/las-orillas\/actividades-especiales\/escapadas-mar-de-jubilo\/","url":"https:\/\/navigatio.es\/index.php\/las-orillas\/actividades-especiales\/escapadas-mar-de-jubilo\/","name":"Escapadas a nuestro Mar de J\u00fabilo - Navigatio","isPartOf":{"@id":"https:\/\/navigatio.es\/#website"},"datePublished":"2025-12-16T06:58:41+00:00","dateModified":"2025-12-24T10:16:06+00:00","breadcrumb":{"@id":"https:\/\/navigatio.es\/index.php\/las-orillas\/actividades-especiales\/escapadas-mar-de-jubilo\/#breadcrumb"},"inLanguage":"es","potentialAction":[{"@type":"ReadAction","target":["https:\/\/navigatio.es\/index.php\/las-orillas\/actividades-especiales\/escapadas-mar-de-jubilo\/"]}]},{"@type":"BreadcrumbList","@id":"https:\/\/navigatio.es\/index.php\/las-orillas\/actividades-especiales\/escapadas-mar-de-jubilo\/#breadcrumb","itemListElement":[{"@type":"ListItem","position":1,"name":"Portada","item":"https:\/\/navigatio.es\/"},{"@type":"ListItem","position":2,"name":"Las orillas del Mar de J\u00fabilo","item":"https:\/\/navigatio.es\/index.php\/las-orillas\/"},{"@type":"ListItem","position":3,"name":"Actividades especiales","item":"https:\/\/navigatio.es\/index.php\/las-orillas\/actividades-especiales\/"},{"@type":"ListItem","position":4,"name":"Escapadas a nuestro Mar de J\u00fabilo"}]},{"@type":"WebSite","@id":"https:\/\/navigatio.es\/#website","url":"https:\/\/navigatio.es\/","name":"Navigatio","description":"","publisher":{"@id":"https:\/\/navigatio.es\/#organization"},"potentialAction":[{"@type":"SearchAction","target":{"@type":"EntryPoint","urlTemplate":"https:\/\/navigatio.es\/?s={search_term_string}"},"query-input":{"@type":"PropertyValueSpecification","valueRequired":true,"valueName":"search_term_string"}}],"inLanguage":"es"},{"@type":"Organization","@id":"https:\/\/navigatio.es\/#organization","name":"Navigatio","url":"https:\/\/navigatio.es\/","logo":{"@type":"ImageObject","inLanguage":"es","@id":"https:\/\/navigatio.es\/#\/schema\/logo\/image\/","url":"https:\/\/navigatio.es\/wp-content\/uploads\/2025\/12\/Logo-def-vectorizado_page-0001-e1765543556822.jpg","contentUrl":"https:\/\/navigatio.es\/wp-content\/uploads\/2025\/12\/Logo-def-vectorizado_page-0001-e1765543556822.jpg","width":728,"height":722,"caption":"Navigatio"},"image":{"@id":"https:\/\/navigatio.es\/#\/schema\/logo\/image\/"}}]}},"_links":{"self":[{"href":"https:\/\/navigatio.es\/index.php\/wp-json\/wp\/v2\/pages\/349","targetHints":{"allow":["GET"]}}],"collection":[{"href":"https:\/\/navigatio.es\/index.php\/wp-json\/wp\/v2\/pages"}],"about":[{"href":"https:\/\/navigatio.es\/index.php\/wp-json\/wp\/v2\/types\/page"}],"author":[{"embeddable":true,"href":"https:\/\/navigatio.es\/index.php\/wp-json\/wp\/v2\/users\/1"}],"replies":[{"embeddable":true,"href":"https:\/\/navigatio.es\/index.php\/wp-json\/wp\/v2\/comments?post=349"}],"version-history":[{"count":13,"href":"https:\/\/navigatio.es\/index.php\/wp-json\/wp\/v2\/pages\/349\/revisions"}],"predecessor-version":[{"id":888,"href":"https:\/\/navigatio.es\/index.php\/wp-json\/wp\/v2\/pages\/349\/revisions\/888"}],"up":[{"embeddable":true,"href":"https:\/\/navigatio.es\/index.php\/wp-json\/wp\/v2\/pages\/311"}],"wp:attachment":[{"href":"https:\/\/navigatio.es\/index.php\/wp-json\/wp\/v2\/media?parent=349"}],"curies":[{"name":"wp","href":"https:\/\/api.w.org\/{rel}","templated":true}]}}