{"id":380,"date":"2025-12-16T08:46:58","date_gmt":"2025-12-16T07:46:58","guid":{"rendered":"https:\/\/navigatio.es\/?page_id=380"},"modified":"2025-12-24T11:14:37","modified_gmt":"2025-12-24T10:14:37","slug":"cursos-2","status":"publish","type":"page","link":"https:\/\/navigatio.es\/index.php\/las-orillas\/actividades-especiales\/cursos-2\/","title":{"rendered":"Cursos de iniciaci\u00f3n"},"content":{"rendered":"\t\t<div data-elementor-type=\"wp-page\" data-elementor-id=\"380\" class=\"elementor elementor-380\" data-elementor-post-type=\"page\">\n\t\t\t\t<div class=\"elementor-element elementor-element-326b9c6d e-con-full e-flex e-con e-parent\" data-id=\"326b9c6d\" data-element_type=\"container\" data-e-type=\"container\" data-settings=\"{&quot;background_background&quot;:&quot;classic&quot;}\">\n\t\t<div class=\"elementor-element elementor-element-235dcb22 e-con-full e-flex e-con e-child\" data-id=\"235dcb22\" data-element_type=\"container\" data-e-type=\"container\">\n\t\t\t\t<div class=\"elementor-element elementor-element-65fa13dd elementor-widget elementor-widget-heading\" data-id=\"65fa13dd\" data-element_type=\"widget\" data-e-type=\"widget\" data-widget_type=\"heading.default\">\n\t\t\t\t\t<p class=\"elementor-heading-title elementor-size-default\">Catorce a\u00f1os de compromiso con la Bah\u00eda de Santander,  tradici\u00f3n y acci\u00f3n en el medio marino.<\/p>\t\t\t\t<\/div>\n\t\t\t\t<div class=\"elementor-element elementor-element-319602da elementor-widget elementor-widget-heading\" data-id=\"319602da\" data-element_type=\"widget\" data-e-type=\"widget\" data-widget_type=\"heading.default\">\n\t\t\t\t\t<h1 class=\"elementor-heading-title elementor-size-default\">Cursos de iniciaci\u00f3n<\/h1>\t\t\t\t<\/div>\n\t\t\t\t<div class=\"elementor-element elementor-element-7cfb6aec elementor-widget elementor-widget-text-editor\" data-id=\"7cfb6aec\" data-element_type=\"widget\" data-e-type=\"widget\" data-widget_type=\"text-editor.default\">\n\t\t\t\t\t\t\t\t\t<p>La Asociaci\u00f3n Navigatio Bah\u00eda de Santander es una organizaci\u00f3n sin \u00e1nimo de lucro cuyos promotores trabajan desde hace catorce a\u00f1os con la ciudadan\u00eda que quiere convertirse en personas de acci\u00f3n desde la diversidad y la integraci\u00f3n en el medio marino.<\/p>\t\t\t\t\t\t\t\t<\/div>\n\t\t\t\t<div class=\"elementor-element elementor-element-c04b5a6 elementor-widget elementor-widget-button\" data-id=\"c04b5a6\" data-element_type=\"widget\" data-e-type=\"widget\" data-widget_type=\"button.default\">\n\t\t\t\t\t\t\t\t\t\t<a class=\"elementor-button elementor-button-link elementor-size-sm\" href=\"https:\/\/navigatio.es\/index.php\/actividades-especiales\">\n\t\t\t\t\t\t<span class=\"elementor-button-content-wrapper\">\n\t\t\t\t\t\t\t\t\t<span class=\"elementor-button-text\">Conoce m\u00e1s actividades<\/span>\n\t\t\t\t\t<\/span>\n\t\t\t\t\t<\/a>\n\t\t\t\t\t\t\t\t<\/div>\n\t\t\t\t<\/div>\n\t\t\t\t<\/div>\n\t\t<div class=\"elementor-element elementor-element-19217372 e-con-full e-flex e-con e-parent\" data-id=\"19217372\" data-element_type=\"container\" data-e-type=\"container\">\n\t\t<div class=\"elementor-element elementor-element-3b0f619c e-flex e-con-boxed e-con e-child\" data-id=\"3b0f619c\" data-element_type=\"container\" data-e-type=\"container\">\n\t\t\t\t\t<div class=\"e-con-inner\">\n\t\t\t\t<div class=\"elementor-element elementor-element-3a7128a4 elementor-widget elementor-widget-heading\" data-id=\"3a7128a4\" data-element_type=\"widget\" data-e-type=\"widget\" data-widget_type=\"heading.default\">\n\t\t\t\t\t<h2 class=\"elementor-heading-title elementor-size-default\">Cursos de Iniciaci\u00f3n cada mes<\/h2>\t\t\t\t<\/div>\n\t\t\t\t<div class=\"elementor-element elementor-element-1838bc81 elementor-widget elementor-widget-heading\" data-id=\"1838bc81\" data-element_type=\"widget\" data-e-type=\"widget\" data-widget_type=\"heading.default\">\n\t\t\t\t\t<p class=\"elementor-heading-title elementor-size-default\">Las pr\u00f3ximas fechas que tenemos disponibles son para mayo y junio.<\/p>\t\t\t\t<\/div>\n\t\t<div class=\"elementor-element elementor-element-4988927 e-con-full e-flex e-con e-child\" data-id=\"4988927\" data-element_type=\"container\" data-e-type=\"container\" data-settings=\"{&quot;background_background&quot;:&quot;classic&quot;}\">\n\t\t\t\t<div class=\"elementor-element elementor-element-2821462 elementor-widget elementor-widget-heading\" data-id=\"2821462\" data-element_type=\"widget\" data-e-type=\"widget\" data-widget_type=\"heading.default\">\n\t\t\t\t\t<h3 class=\"elementor-heading-title elementor-size-default\">Incluye:<\/h3>\t\t\t\t<\/div>\n\t\t\t\t<div class=\"elementor-element elementor-element-24b29f2 elementor-widget elementor-widget-text-editor\" data-id=\"24b29f2\" data-element_type=\"widget\" data-e-type=\"widget\" data-widget_type=\"text-editor.default\">\n\t\t\t\t\t\t\t\t\t<ul><li>2 sesiones para sentar las bases del remo y hacer tus primeras experiencias con la trainera\u00a0 por la bah\u00eda<br \/><br \/><\/li><li>La realizaci\u00f3n de este curso te da acceso a formar parte del \u00abCub de remo Voga y Vela Navigatio\u00bb<br \/><br \/><\/li><li>Grupos peque\u00f1os y cupos limitados<\/li><\/ul>\t\t\t\t\t\t\t\t<\/div>\n\t\t\t\t<\/div>\n\t\t\t\t\t<\/div>\n\t\t\t\t<\/div>\n\t\t\t\t<div class=\"elementor-element elementor-element-6005fb4 elementor-widget-divider--view-line elementor-widget elementor-widget-divider\" data-id=\"6005fb4\" data-element_type=\"widget\" data-e-type=\"widget\" data-widget_type=\"divider.default\">\n\t\t\t\t\t\t\t<div class=\"elementor-divider\">\n\t\t\t<span class=\"elementor-divider-separator\">\n\t\t\t\t\t\t<\/span>\n\t\t<\/div>\n\t\t\t\t\t\t<\/div>\n\t\t<div class=\"elementor-element elementor-element-35adca1 e-flex e-con-boxed e-con e-child\" data-id=\"35adca1\" data-element_type=\"container\" data-e-type=\"container\">\n\t\t\t\t\t<div class=\"e-con-inner\">\n\t\t\t\t<div class=\"elementor-element elementor-element-7620f31 elementor-widget elementor-widget-heading\" data-id=\"7620f31\" data-element_type=\"widget\" data-e-type=\"widget\" data-widget_type=\"heading.default\">\n\t\t\t\t\t<h2 class=\"elementor-heading-title elementor-size-default\">Experiencia batelera<\/h2>\t\t\t\t<\/div>\n\t\t\t\t<div class=\"elementor-element elementor-element-3cf0bc8 elementor-widget elementor-widget-heading\" data-id=\"3cf0bc8\" data-element_type=\"widget\" data-e-type=\"widget\" data-widget_type=\"heading.default\">\n\t\t\t\t\t<p class=\"elementor-heading-title elementor-size-default\">Las pr\u00f3ximas fechas que tenemos disponibles son para mayo y junio.<\/p>\t\t\t\t<\/div>\n\t\t<div class=\"elementor-element elementor-element-4eb1f42 e-con-full e-flex e-con e-child\" data-id=\"4eb1f42\" data-element_type=\"container\" data-e-type=\"container\" data-settings=\"{&quot;background_background&quot;:&quot;classic&quot;}\">\n\t\t\t\t<div class=\"elementor-element elementor-element-492c93b elementor-widget elementor-widget-heading\" data-id=\"492c93b\" data-element_type=\"widget\" data-e-type=\"widget\" data-widget_type=\"heading.default\">\n\t\t\t\t\t<h3 class=\"elementor-heading-title elementor-size-default\">Incluye:<\/h3>\t\t\t\t<\/div>\n\t\t\t\t<div class=\"elementor-element elementor-element-0315b79 elementor-widget elementor-widget-text-editor\" data-id=\"0315b79\" data-element_type=\"widget\" data-e-type=\"widget\" data-widget_type=\"text-editor.default\">\n\t\t\t\t\t\t\t\t\t<ul><li>Para peque\u00f1os grupos que deseen realizar una experiencia de introducci\u00f3n al mundo del remo en trainera<br \/><br \/><\/li><li>Para peque\u00f1os grupos que ya tienen experiencia en remo y les gustar\u00eda recorrer la bah\u00eda con nosotros<br \/><br \/><\/li><li>Como experiencia para grupos de incentivo de empresas<\/li><\/ul>\t\t\t\t\t\t\t\t<\/div>\n\t\t\t\t<\/div>\n\t\t\t\t\t<\/div>\n\t\t\t\t<\/div>\n\t\t\t\t<\/div>\n\t\t<div class=\"elementor-element elementor-element-1527cad e-con-full e-flex e-con e-parent\" data-id=\"1527cad\" data-element_type=\"container\" data-e-type=\"container\" data-settings=\"{&quot;background_background&quot;:&quot;classic&quot;}\">\n\t\t<div class=\"elementor-element elementor-element-43e4c38 e-con-full e-flex e-con e-child\" data-id=\"43e4c38\" data-element_type=\"container\" data-e-type=\"container\">\n\t\t\t\t<div class=\"elementor-element elementor-element-c7b2cd0 elementor-widget elementor-widget-heading\" data-id=\"c7b2cd0\" data-element_type=\"widget\" data-e-type=\"widget\" data-widget_type=\"heading.default\">\n\t\t\t\t\t<p class=\"elementor-heading-title elementor-size-default\">Te ayudamos tambi\u00e9n a gestionar tu alojamiento, pregunta sin compromiso.<\/p>\t\t\t\t<\/div>\n\t\t\t\t<div class=\"elementor-element elementor-element-44469ca elementor-widget elementor-widget-heading\" data-id=\"44469ca\" data-element_type=\"widget\" data-e-type=\"widget\" data-widget_type=\"heading.default\">\n\t\t\t\t\t<h2 class=\"elementor-heading-title elementor-size-default\">Solicita m\u00e1s informaci\u00f3n<\/h2>\t\t\t\t<\/div>\n\t\t\t\t<div class=\"elementor-element elementor-element-fe41bb9 elementor-widget__width-initial elementor-widget-mobile__width-initial elementor-button-align-stretch elementor-widget elementor-widget-form\" data-id=\"fe41bb9\" data-element_type=\"widget\" data-e-type=\"widget\" data-settings=\"{&quot;step_next_label&quot;:&quot;Next&quot;,&quot;step_previous_label&quot;:&quot;Previous&quot;,&quot;button_width&quot;:&quot;100&quot;,&quot;step_type&quot;:&quot;number_text&quot;,&quot;step_icon_shape&quot;:&quot;circle&quot;}\" data-widget_type=\"form.default\">\n\t\t\t\t\t\t\t<form class=\"elementor-form\" method=\"post\" name=\"cursos\" aria-label=\"cursos\">\n\t\t\t<input type=\"hidden\" name=\"post_id\" value=\"380\"\/>\n\t\t\t<input type=\"hidden\" name=\"form_id\" value=\"fe41bb9\"\/>\n\t\t\t<input type=\"hidden\" name=\"referer_title\" value=\"Navigatio\" \/>\n\n\t\t\t\n\t\t\t<div class=\"elementor-form-fields-wrapper elementor-labels-\">\n\t\t\t\t\t\t\t\t<div class=\"elementor-field-type-text elementor-field-group elementor-column elementor-field-group-name elementor-col-100\">\n\t\t\t\t\t\t\t\t\t\t\t\t\t<input size=\"1\" type=\"text\" name=\"form_fields[name]\" id=\"form-field-name\" class=\"elementor-field elementor-size-sm  elementor-field-textual\" placeholder=\"Nombre\">\n\t\t\t\t\t\t\t\t\t\t\t<\/div>\n\t\t\t\t\t\t\t\t<div class=\"elementor-field-type-email elementor-field-group elementor-column elementor-field-group-email elementor-col-100 elementor-field-required\">\n\t\t\t\t\t\t\t\t\t\t\t\t<label for=\"form-field-email\" class=\"elementor-field-label elementor-screen-only\">\n\t\t\t\t\t\t\t\tEmail\t\t\t\t\t\t\t<\/label>\n\t\t\t\t\t\t\t\t\t\t\t\t\t\t<input size=\"1\" type=\"email\" name=\"form_fields[email]\" id=\"form-field-email\" class=\"elementor-field elementor-size-sm  elementor-field-textual\" placeholder=\"Email\" required=\"required\">\n\t\t\t\t\t\t\t\t\t\t\t<\/div>\n\t\t\t\t\t\t\t\t<div class=\"elementor-field-type-textarea elementor-field-group elementor-column elementor-field-group-message elementor-col-100\">\n\t\t\t\t\t<textarea class=\"elementor-field-textual elementor-field  elementor-size-sm\" name=\"form_fields[message]\" id=\"form-field-message\" rows=\"4\" placeholder=\"Mensaje\"><\/textarea>\t\t\t\t<\/div>\n\t\t\t\t\t\t\t\t<div class=\"elementor-field-type-acceptance elementor-field-group elementor-column elementor-field-group-field_54a212c elementor-col-100 elementor-field-required\">\n\t\t\t\t\t\t\t<div class=\"elementor-field-subgroup\">\n\t\t\t<span class=\"elementor-field-option\">\n\t\t\t\t<input type=\"checkbox\" name=\"form_fields[field_54a212c]\" id=\"form-field-field_54a212c\" class=\"elementor-field elementor-size-sm  elementor-acceptance-field\" required=\"required\">\n\t\t\t\t<label for=\"form-field-field_54a212c\">Aceptar los t\u00e9rminos de nuestra pol\u00edtica de uso de datos.<\/label>\t\t\t<\/span>\n\t\t<\/div>\n\t\t\t\t\t\t<\/div>\n\t\t\t\t\t\t\t\t<div class=\"elementor-field-group elementor-column elementor-field-type-submit elementor-col-100 e-form__buttons\">\n\t\t\t\t\t<button class=\"elementor-button elementor-size-sm\" type=\"submit\">\n\t\t\t\t\t\t<span class=\"elementor-button-content-wrapper\">\n\t\t\t\t\t\t\t\t\t\t\t\t\t\t\t\t\t\t\t\t\t\t<span class=\"elementor-button-text\">Enviar<\/span>\n\t\t\t\t\t\t\t\t\t\t\t\t\t<\/span>\n\t\t\t\t\t<\/button>\n\t\t\t\t<\/div>\n\t\t\t<\/div>\n\t\t<\/form>\n\t\t\t\t\t\t<\/div>\n\t\t\t\t<\/div>\n\t\t\t\t<\/div>\n\t\t\t\t<\/div>\n\t\t","protected":false},"excerpt":{"rendered":"<p>Catorce a\u00f1os de compromiso con la Bah\u00eda de Santander, tradici\u00f3n y acci\u00f3n en el medio marino. Cursos de iniciaci\u00f3n La Asociaci\u00f3n Navigatio Bah\u00eda de Santander es una organizaci\u00f3n sin \u00e1nimo de lucro cuyos promotores trabajan desde hace catorce a\u00f1os con la ciudadan\u00eda que quiere convertirse en personas de acci\u00f3n desde la diversidad y la integraci\u00f3n [&hellip;]<\/p>\n","protected":false},"author":1,"featured_media":0,"parent":311,"menu_order":0,"comment_status":"closed","ping_status":"closed","template":"elementor_header_footer","meta":{"footnotes":""},"class_list":["post-380","page","type-page","status-publish","hentry"],"yoast_head":"<!-- This site is optimized with the Yoast SEO plugin v27.4 - https:\/\/yoast.com\/product\/yoast-seo-wordpress\/ -->\n<title>Cursos de iniciaci\u00f3n - Navigatio<\/title>\n<meta name=\"robots\" content=\"index, follow, max-snippet:-1, max-image-preview:large, max-video-preview:-1\" \/>\n<link rel=\"canonical\" href=\"https:\/\/navigatio.es\/index.php\/las-orillas\/actividades-especiales\/cursos-2\/\" \/>\n<meta property=\"og:locale\" content=\"es_ES\" \/>\n<meta property=\"og:type\" content=\"article\" \/>\n<meta property=\"og:title\" content=\"Cursos de iniciaci\u00f3n - Navigatio\" \/>\n<meta property=\"og:description\" content=\"Catorce a\u00f1os de compromiso con la Bah\u00eda de Santander, tradici\u00f3n y acci\u00f3n en el medio marino. Cursos de iniciaci\u00f3n La Asociaci\u00f3n Navigatio Bah\u00eda de Santander es una organizaci\u00f3n sin \u00e1nimo de lucro cuyos promotores trabajan desde hace catorce a\u00f1os con la ciudadan\u00eda que quiere convertirse en personas de acci\u00f3n desde la diversidad y la integraci\u00f3n [&hellip;]\" \/>\n<meta property=\"og:url\" content=\"https:\/\/navigatio.es\/index.php\/las-orillas\/actividades-especiales\/cursos-2\/\" \/>\n<meta property=\"og:site_name\" content=\"Navigatio\" \/>\n<meta property=\"article:modified_time\" content=\"2025-12-24T10:14:37+00:00\" \/>\n<meta name=\"twitter:card\" content=\"summary_large_image\" \/>\n<meta name=\"twitter:label1\" content=\"Tiempo de lectura\" \/>\n\t<meta name=\"twitter:data1\" content=\"1 minuto\" \/>\n<script type=\"application\/ld+json\" class=\"yoast-schema-graph\">{\"@context\":\"https:\\\/\\\/schema.org\",\"@graph\":[{\"@type\":\"WebPage\",\"@id\":\"https:\\\/\\\/navigatio.es\\\/index.php\\\/las-orillas\\\/actividades-especiales\\\/cursos-2\\\/\",\"url\":\"https:\\\/\\\/navigatio.es\\\/index.php\\\/las-orillas\\\/actividades-especiales\\\/cursos-2\\\/\",\"name\":\"Cursos de iniciaci\u00f3n - Navigatio\",\"isPartOf\":{\"@id\":\"https:\\\/\\\/navigatio.es\\\/#website\"},\"datePublished\":\"2025-12-16T07:46:58+00:00\",\"dateModified\":\"2025-12-24T10:14:37+00:00\",\"breadcrumb\":{\"@id\":\"https:\\\/\\\/navigatio.es\\\/index.php\\\/las-orillas\\\/actividades-especiales\\\/cursos-2\\\/#breadcrumb\"},\"inLanguage\":\"es\",\"potentialAction\":[{\"@type\":\"ReadAction\",\"target\":[\"https:\\\/\\\/navigatio.es\\\/index.php\\\/las-orillas\\\/actividades-especiales\\\/cursos-2\\\/\"]}]},{\"@type\":\"BreadcrumbList\",\"@id\":\"https:\\\/\\\/navigatio.es\\\/index.php\\\/las-orillas\\\/actividades-especiales\\\/cursos-2\\\/#breadcrumb\",\"itemListElement\":[{\"@type\":\"ListItem\",\"position\":1,\"name\":\"Portada\",\"item\":\"https:\\\/\\\/navigatio.es\\\/\"},{\"@type\":\"ListItem\",\"position\":2,\"name\":\"Las orillas del Mar de J\u00fabilo\",\"item\":\"https:\\\/\\\/navigatio.es\\\/index.php\\\/las-orillas\\\/\"},{\"@type\":\"ListItem\",\"position\":3,\"name\":\"Actividades especiales\",\"item\":\"https:\\\/\\\/navigatio.es\\\/index.php\\\/las-orillas\\\/actividades-especiales\\\/\"},{\"@type\":\"ListItem\",\"position\":4,\"name\":\"Cursos de iniciaci\u00f3n\"}]},{\"@type\":\"WebSite\",\"@id\":\"https:\\\/\\\/navigatio.es\\\/#website\",\"url\":\"https:\\\/\\\/navigatio.es\\\/\",\"name\":\"Navigatio\",\"description\":\"\",\"publisher\":{\"@id\":\"https:\\\/\\\/navigatio.es\\\/#organization\"},\"potentialAction\":[{\"@type\":\"SearchAction\",\"target\":{\"@type\":\"EntryPoint\",\"urlTemplate\":\"https:\\\/\\\/navigatio.es\\\/?s={search_term_string}\"},\"query-input\":{\"@type\":\"PropertyValueSpecification\",\"valueRequired\":true,\"valueName\":\"search_term_string\"}}],\"inLanguage\":\"es\"},{\"@type\":\"Organization\",\"@id\":\"https:\\\/\\\/navigatio.es\\\/#organization\",\"name\":\"Navigatio\",\"url\":\"https:\\\/\\\/navigatio.es\\\/\",\"logo\":{\"@type\":\"ImageObject\",\"inLanguage\":\"es\",\"@id\":\"https:\\\/\\\/navigatio.es\\\/#\\\/schema\\\/logo\\\/image\\\/\",\"url\":\"https:\\\/\\\/navigatio.es\\\/wp-content\\\/uploads\\\/2025\\\/12\\\/Logo-def-vectorizado_page-0001-e1765543556822.jpg\",\"contentUrl\":\"https:\\\/\\\/navigatio.es\\\/wp-content\\\/uploads\\\/2025\\\/12\\\/Logo-def-vectorizado_page-0001-e1765543556822.jpg\",\"width\":728,\"height\":722,\"caption\":\"Navigatio\"},\"image\":{\"@id\":\"https:\\\/\\\/navigatio.es\\\/#\\\/schema\\\/logo\\\/image\\\/\"}}]}<\/script>\n<!-- \/ Yoast SEO plugin. -->","yoast_head_json":{"title":"Cursos de iniciaci\u00f3n - Navigatio","robots":{"index":"index","follow":"follow","max-snippet":"max-snippet:-1","max-image-preview":"max-image-preview:large","max-video-preview":"max-video-preview:-1"},"canonical":"https:\/\/navigatio.es\/index.php\/las-orillas\/actividades-especiales\/cursos-2\/","og_locale":"es_ES","og_type":"article","og_title":"Cursos de iniciaci\u00f3n - Navigatio","og_description":"Catorce a\u00f1os de compromiso con la Bah\u00eda de Santander, tradici\u00f3n y acci\u00f3n en el medio marino. Cursos de iniciaci\u00f3n La Asociaci\u00f3n Navigatio Bah\u00eda de Santander es una organizaci\u00f3n sin \u00e1nimo de lucro cuyos promotores trabajan desde hace catorce a\u00f1os con la ciudadan\u00eda que quiere convertirse en personas de acci\u00f3n desde la diversidad y la integraci\u00f3n [&hellip;]","og_url":"https:\/\/navigatio.es\/index.php\/las-orillas\/actividades-especiales\/cursos-2\/","og_site_name":"Navigatio","article_modified_time":"2025-12-24T10:14:37+00:00","twitter_card":"summary_large_image","twitter_misc":{"Tiempo de lectura":"1 minuto"},"schema":{"@context":"https:\/\/schema.org","@graph":[{"@type":"WebPage","@id":"https:\/\/navigatio.es\/index.php\/las-orillas\/actividades-especiales\/cursos-2\/","url":"https:\/\/navigatio.es\/index.php\/las-orillas\/actividades-especiales\/cursos-2\/","name":"Cursos de iniciaci\u00f3n - Navigatio","isPartOf":{"@id":"https:\/\/navigatio.es\/#website"},"datePublished":"2025-12-16T07:46:58+00:00","dateModified":"2025-12-24T10:14:37+00:00","breadcrumb":{"@id":"https:\/\/navigatio.es\/index.php\/las-orillas\/actividades-especiales\/cursos-2\/#breadcrumb"},"inLanguage":"es","potentialAction":[{"@type":"ReadAction","target":["https:\/\/navigatio.es\/index.php\/las-orillas\/actividades-especiales\/cursos-2\/"]}]},{"@type":"BreadcrumbList","@id":"https:\/\/navigatio.es\/index.php\/las-orillas\/actividades-especiales\/cursos-2\/#breadcrumb","itemListElement":[{"@type":"ListItem","position":1,"name":"Portada","item":"https:\/\/navigatio.es\/"},{"@type":"ListItem","position":2,"name":"Las orillas del Mar de J\u00fabilo","item":"https:\/\/navigatio.es\/index.php\/las-orillas\/"},{"@type":"ListItem","position":3,"name":"Actividades especiales","item":"https:\/\/navigatio.es\/index.php\/las-orillas\/actividades-especiales\/"},{"@type":"ListItem","position":4,"name":"Cursos de iniciaci\u00f3n"}]},{"@type":"WebSite","@id":"https:\/\/navigatio.es\/#website","url":"https:\/\/navigatio.es\/","name":"Navigatio","description":"","publisher":{"@id":"https:\/\/navigatio.es\/#organization"},"potentialAction":[{"@type":"SearchAction","target":{"@type":"EntryPoint","urlTemplate":"https:\/\/navigatio.es\/?s={search_term_string}"},"query-input":{"@type":"PropertyValueSpecification","valueRequired":true,"valueName":"search_term_string"}}],"inLanguage":"es"},{"@type":"Organization","@id":"https:\/\/navigatio.es\/#organization","name":"Navigatio","url":"https:\/\/navigatio.es\/","logo":{"@type":"ImageObject","inLanguage":"es","@id":"https:\/\/navigatio.es\/#\/schema\/logo\/image\/","url":"https:\/\/navigatio.es\/wp-content\/uploads\/2025\/12\/Logo-def-vectorizado_page-0001-e1765543556822.jpg","contentUrl":"https:\/\/navigatio.es\/wp-content\/uploads\/2025\/12\/Logo-def-vectorizado_page-0001-e1765543556822.jpg","width":728,"height":722,"caption":"Navigatio"},"image":{"@id":"https:\/\/navigatio.es\/#\/schema\/logo\/image\/"}}]}},"_links":{"self":[{"href":"https:\/\/navigatio.es\/index.php\/wp-json\/wp\/v2\/pages\/380","targetHints":{"allow":["GET"]}}],"collection":[{"href":"https:\/\/navigatio.es\/index.php\/wp-json\/wp\/v2\/pages"}],"about":[{"href":"https:\/\/navigatio.es\/index.php\/wp-json\/wp\/v2\/types\/page"}],"author":[{"embeddable":true,"href":"https:\/\/navigatio.es\/index.php\/wp-json\/wp\/v2\/users\/1"}],"replies":[{"embeddable":true,"href":"https:\/\/navigatio.es\/index.php\/wp-json\/wp\/v2\/comments?post=380"}],"version-history":[{"count":19,"href":"https:\/\/navigatio.es\/index.php\/wp-json\/wp\/v2\/pages\/380\/revisions"}],"predecessor-version":[{"id":880,"href":"https:\/\/navigatio.es\/index.php\/wp-json\/wp\/v2\/pages\/380\/revisions\/880"}],"up":[{"embeddable":true,"href":"https:\/\/navigatio.es\/index.php\/wp-json\/wp\/v2\/pages\/311"}],"wp:attachment":[{"href":"https:\/\/navigatio.es\/index.php\/wp-json\/wp\/v2\/media?parent=380"}],"curies":[{"name":"wp","href":"https:\/\/api.w.org\/{rel}","templated":true}]}}