{"id":405,"date":"2025-12-16T09:02:59","date_gmt":"2025-12-16T08:02:59","guid":{"rendered":"https:\/\/navigatio.es\/?page_id=405"},"modified":"2025-12-24T11:16:18","modified_gmt":"2025-12-24T10:16:18","slug":"escapadas-con-remo","status":"publish","type":"page","link":"https:\/\/navigatio.es\/index.php\/las-orillas\/actividades-especiales\/escapadas-con-remo\/","title":{"rendered":"Escapadas con Remo"},"content":{"rendered":"\t\t<div data-elementor-type=\"wp-page\" data-elementor-id=\"405\" class=\"elementor elementor-405\" data-elementor-post-type=\"page\">\n\t\t\t\t<div class=\"elementor-element elementor-element-9209acc e-con-full e-flex e-con e-parent\" data-id=\"9209acc\" data-element_type=\"container\" data-e-type=\"container\" data-settings=\"{&quot;background_background&quot;:&quot;classic&quot;}\">\n\t\t<div class=\"elementor-element elementor-element-7f4e0a41 e-con-full e-flex e-con e-child\" data-id=\"7f4e0a41\" data-element_type=\"container\" data-e-type=\"container\">\n\t\t\t\t<div class=\"elementor-element elementor-element-26a6c045 elementor-widget elementor-widget-heading\" data-id=\"26a6c045\" data-element_type=\"widget\" data-e-type=\"widget\" data-widget_type=\"heading.default\">\n\t\t\t\t\t<p class=\"elementor-heading-title elementor-size-default\">Experiencias \u00fanicas que combinan mar, naturaleza y cultura en destinos llenos de historia.<\/p>\t\t\t\t<\/div>\n\t\t\t\t<div class=\"elementor-element elementor-element-4b2ef46b elementor-widget elementor-widget-heading\" data-id=\"4b2ef46b\" data-element_type=\"widget\" data-e-type=\"widget\" data-widget_type=\"heading.default\">\n\t\t\t\t\t<h1 class=\"elementor-heading-title elementor-size-default\">Escapadas con Remo<\/h1>\t\t\t\t<\/div>\n\t\t\t\t<div class=\"elementor-element elementor-element-28db827b elementor-widget elementor-widget-text-editor\" data-id=\"28db827b\" data-element_type=\"widget\" data-e-type=\"widget\" data-widget_type=\"text-editor.default\">\n\t\t\t\t\t\t\t\t\t<p>Escapadas pensadas para disfrutar con calma, descubrir lugares especiales y conectar con el entorno desde una perspectiva diferente. Propuestas que unen navegaci\u00f3n tradicional, paisajes singulares y tiempo para saborear cada destino. Una invitaci\u00f3n a viajar, compartir y vivir el mar m\u00e1s all\u00e1 de la orilla.<\/p>\t\t\t\t\t\t\t\t<\/div>\n\t\t\t\t<div class=\"elementor-element elementor-element-ade63a8 elementor-widget elementor-widget-button\" data-id=\"ade63a8\" data-element_type=\"widget\" data-e-type=\"widget\" data-widget_type=\"button.default\">\n\t\t\t\t\t\t\t\t\t\t<a class=\"elementor-button elementor-button-link elementor-size-sm\" href=\"https:\/\/navigatio.es\/index.php\/actividades-especiales\">\n\t\t\t\t\t\t<span class=\"elementor-button-content-wrapper\">\n\t\t\t\t\t\t\t\t\t<span class=\"elementor-button-text\">Conoce m\u00e1s actividades<\/span>\n\t\t\t\t\t<\/span>\n\t\t\t\t\t<\/a>\n\t\t\t\t\t\t\t\t<\/div>\n\t\t\t\t<\/div>\n\t\t\t\t<\/div>\n\t\t<div class=\"elementor-element elementor-element-71ce24af e-con-full e-flex e-con e-parent\" data-id=\"71ce24af\" data-element_type=\"container\" data-e-type=\"container\">\n\t\t<div class=\"elementor-element elementor-element-22061627 e-flex e-con-boxed e-con e-child\" data-id=\"22061627\" data-element_type=\"container\" data-e-type=\"container\">\n\t\t\t\t\t<div class=\"e-con-inner\">\n\t\t\t\t<div class=\"elementor-element elementor-element-7b8e38e1 elementor-widget elementor-widget-heading\" data-id=\"7b8e38e1\" data-element_type=\"widget\" data-e-type=\"widget\" data-widget_type=\"heading.default\">\n\t\t\t\t\t<h2 class=\"elementor-heading-title elementor-size-default\">Santo Toribio en Ria\u00f1o, Castilla Le\u00f3n<\/h2>\t\t\t\t<\/div>\n\t\t\t\t<div class=\"elementor-element elementor-element-3cd6ad8d elementor-widget elementor-widget-heading\" data-id=\"3cd6ad8d\" data-element_type=\"widget\" data-e-type=\"widget\" data-widget_type=\"heading.default\">\n\t\t\t\t\t<p class=\"elementor-heading-title elementor-size-default\">Una traves\u00eda \u00fanica que une mar y monta\u00f1a recorriendo los escenarios del Jubileo con una trainera como protagonista. Vive el legado hist\u00f3rico de Li\u00e9bana mientras remas hacia el imponente entorno del lago de Ria\u00f1o y los Picos de Europa. Una escapada que combina cultura, naturaleza y tradici\u00f3n mar\u00edtima.<\/p>\t\t\t\t<\/div>\n\t\t<div class=\"elementor-element elementor-element-b434aab e-con-full e-flex e-con e-child\" data-id=\"b434aab\" data-element_type=\"container\" data-e-type=\"container\" data-settings=\"{&quot;background_background&quot;:&quot;classic&quot;}\">\n\t\t\t\t<div class=\"elementor-element elementor-element-a3f6c61 elementor-widget elementor-widget-text-editor\" data-id=\"a3f6c61\" data-element_type=\"widget\" data-e-type=\"widget\" data-widget_type=\"text-editor.default\">\n\t\t\t\t\t\t\t\t\t<p>Ria\u00f1o ser\u00e1 el escenario para dar cierre al A\u00f1o Jubilar que di\u00f3 su inicio el pasado 16 de abril con la apertura de la Puerta del Perd\u00f3n en el Monasterio de Santo Toribio de Li\u00e9bana.<br \/><br \/>En abril de 2023 realizamos una traves\u00eda simb\u00f3lica, que recordaba el camino que tantos peregrinos hicieron en anta\u00f1o por tierra y mar para dirigirse hacia el Monasterio de Santo Toribio. En esta ocasi\u00f3n y con esta traves\u00eda daremos entonces cierre a este a\u00f1o de Jubileo tan especial.<\/p><p>Ria\u00f1o es un un peque\u00f1o pueblo de Le\u00f3n rodeado por un lago incre\u00edble y los magn\u00edficos Picos de Europa.<\/p>\t\t\t\t\t\t\t\t<\/div>\n\t\t\t\t<\/div>\n\t\t<div class=\"elementor-element elementor-element-f07138f e-con-full e-flex e-con e-child\" data-id=\"f07138f\" data-element_type=\"container\" data-e-type=\"container\" data-settings=\"{&quot;background_background&quot;:&quot;classic&quot;}\">\n\t\t\t\t<div class=\"elementor-element elementor-element-d5880f5 elementor-widget elementor-widget-gallery\" data-id=\"d5880f5\" data-element_type=\"widget\" data-e-type=\"widget\" data-settings=\"{&quot;gallery_layout&quot;:&quot;justified&quot;,&quot;ideal_row_height&quot;:{&quot;unit&quot;:&quot;px&quot;,&quot;size&quot;:166,&quot;sizes&quot;:[]},&quot;gap&quot;:{&quot;unit&quot;:&quot;px&quot;,&quot;size&quot;:8,&quot;sizes&quot;:[]},&quot;lazyload&quot;:&quot;yes&quot;,&quot;ideal_row_height_tablet&quot;:{&quot;unit&quot;:&quot;px&quot;,&quot;size&quot;:150,&quot;sizes&quot;:[]},&quot;ideal_row_height_mobile&quot;:{&quot;unit&quot;:&quot;px&quot;,&quot;size&quot;:150,&quot;sizes&quot;:[]},&quot;gap_tablet&quot;:{&quot;unit&quot;:&quot;px&quot;,&quot;size&quot;:10,&quot;sizes&quot;:[]},&quot;gap_mobile&quot;:{&quot;unit&quot;:&quot;px&quot;,&quot;size&quot;:10,&quot;sizes&quot;:[]},&quot;link_to&quot;:&quot;file&quot;,&quot;overlay_background&quot;:&quot;yes&quot;,&quot;content_hover_animation&quot;:&quot;fade-in&quot;}\" data-widget_type=\"gallery.default\">\n\t\t\t\t\t\t\t<div class=\"elementor-gallery__container\">\n\t\t\t\t\t\t\t<a class=\"e-gallery-item elementor-gallery-item elementor-animated-content\" href=\"https:\/\/navigatio.es\/wp-content\/uploads\/2025\/12\/santo-toribio-000.avif\" data-elementor-open-lightbox=\"yes\" data-elementor-lightbox-slideshow=\"d5880f5\" data-elementor-lightbox-title=\"santo-toribio-000\" data-e-action-hash=\"#elementor-action%3Aaction%3Dlightbox%26settings%3DeyJpZCI6NDE4LCJ1cmwiOiJodHRwczpcL1wvbmF2aWdhdGlvLmVzXC93cC1jb250ZW50XC91cGxvYWRzXC8yMDI1XC8xMlwvc2FudG8tdG9yaWJpby0wMDAuYXZpZiIsInNsaWRlc2hvdyI6ImQ1ODgwZjUifQ%3D%3D\">\n\t\t\t\t\t<div class=\"e-gallery-image elementor-gallery-item__image\" data-thumbnail=\"https:\/\/navigatio.es\/wp-content\/uploads\/2025\/12\/santo-toribio-000-300x211.jpg\" data-width=\"300\" data-height=\"211\" aria-label=\"\" role=\"img\" ><\/div>\n\t\t\t\t\t\t\t\t\t\t\t<div class=\"elementor-gallery-item__overlay\"><\/div>\n\t\t\t\t\t\t\t\t\t\t\t\t\t\t<\/a>\n\t\t\t\t\t\t\t<a class=\"e-gallery-item elementor-gallery-item elementor-animated-content\" href=\"https:\/\/navigatio.es\/wp-content\/uploads\/2025\/12\/santo-toribio-001.avif\" data-elementor-open-lightbox=\"yes\" data-elementor-lightbox-slideshow=\"d5880f5\" data-elementor-lightbox-title=\"santo-toribio-001\" data-e-action-hash=\"#elementor-action%3Aaction%3Dlightbox%26settings%3DeyJpZCI6NDE5LCJ1cmwiOiJodHRwczpcL1wvbmF2aWdhdGlvLmVzXC93cC1jb250ZW50XC91cGxvYWRzXC8yMDI1XC8xMlwvc2FudG8tdG9yaWJpby0wMDEuYXZpZiIsInNsaWRlc2hvdyI6ImQ1ODgwZjUifQ%3D%3D\">\n\t\t\t\t\t<div class=\"e-gallery-image elementor-gallery-item__image\" data-thumbnail=\"https:\/\/navigatio.es\/wp-content\/uploads\/2025\/12\/santo-toribio-001-300x211.jpg\" data-width=\"300\" data-height=\"211\" aria-label=\"\" role=\"img\" ><\/div>\n\t\t\t\t\t\t\t\t\t\t\t<div class=\"elementor-gallery-item__overlay\"><\/div>\n\t\t\t\t\t\t\t\t\t\t\t\t\t\t<\/a>\n\t\t\t\t\t\t\t<a class=\"e-gallery-item elementor-gallery-item elementor-animated-content\" href=\"https:\/\/navigatio.es\/wp-content\/uploads\/2025\/12\/santo-toribio-002.avif\" data-elementor-open-lightbox=\"yes\" data-elementor-lightbox-slideshow=\"d5880f5\" data-elementor-lightbox-title=\"santo-toribio-002\" data-e-action-hash=\"#elementor-action%3Aaction%3Dlightbox%26settings%3DeyJpZCI6NDIwLCJ1cmwiOiJodHRwczpcL1wvbmF2aWdhdGlvLmVzXC93cC1jb250ZW50XC91cGxvYWRzXC8yMDI1XC8xMlwvc2FudG8tdG9yaWJpby0wMDIuYXZpZiIsInNsaWRlc2hvdyI6ImQ1ODgwZjUifQ%3D%3D\">\n\t\t\t\t\t<div class=\"e-gallery-image elementor-gallery-item__image\" data-thumbnail=\"https:\/\/navigatio.es\/wp-content\/uploads\/2025\/12\/santo-toribio-002-300x211.jpg\" data-width=\"300\" data-height=\"211\" aria-label=\"\" role=\"img\" ><\/div>\n\t\t\t\t\t\t\t\t\t\t\t<div class=\"elementor-gallery-item__overlay\"><\/div>\n\t\t\t\t\t\t\t\t\t\t\t\t\t\t<\/a>\n\t\t\t\t\t<\/div>\n\t\t\t\t\t<\/div>\n\t\t\t\t<\/div>\n\t\t\t\t\t<\/div>\n\t\t\t\t<\/div>\n\t\t\t\t<div class=\"elementor-element elementor-element-bf0196c elementor-widget-divider--view-line elementor-widget elementor-widget-divider\" data-id=\"bf0196c\" data-element_type=\"widget\" data-e-type=\"widget\" data-widget_type=\"divider.default\">\n\t\t\t\t\t\t\t<div class=\"elementor-divider\">\n\t\t\t<span class=\"elementor-divider-separator\">\n\t\t\t\t\t\t<\/span>\n\t\t<\/div>\n\t\t\t\t\t\t<\/div>\n\t\t<div class=\"elementor-element elementor-element-83e6c12 e-flex e-con-boxed e-con e-child\" data-id=\"83e6c12\" data-element_type=\"container\" data-e-type=\"container\">\n\t\t\t\t\t<div class=\"e-con-inner\">\n\t\t\t\t<div class=\"elementor-element elementor-element-8ad35cc elementor-widget elementor-widget-heading\" data-id=\"8ad35cc\" data-element_type=\"widget\" data-e-type=\"widget\" data-widget_type=\"heading.default\">\n\t\t\t\t\t<h2 class=\"elementor-heading-title elementor-size-default\">Vogalonga, Venecia<\/h2>\t\t\t\t<\/div>\n\t\t\t\t<div class=\"elementor-element elementor-element-a04bdab elementor-widget elementor-widget-heading\" data-id=\"a04bdab\" data-element_type=\"widget\" data-e-type=\"widget\" data-widget_type=\"heading.default\">\n\t\t\t\t\t<p class=\"elementor-heading-title elementor-size-default\">Participa en la emblem\u00e1tica regata de la Vogalonga en Venecia, una celebraci\u00f3n internacional del remo tradicional. Adem\u00e1s de navegar por el Gran Canal, descubrir\u00e1s la cultura veneciana, su patrimonio naval y los paisajes ic\u00f3nicos de la ciudad. Una experiencia mar\u00edtima y cultural inolvidable.<\/p>\t\t\t\t<\/div>\n\t\t<div class=\"elementor-element elementor-element-6d4780a e-con-full e-flex e-con e-child\" data-id=\"6d4780a\" data-element_type=\"container\" data-e-type=\"container\" data-settings=\"{&quot;background_background&quot;:&quot;classic&quot;}\">\n\t\t\t\t<div class=\"elementor-element elementor-element-166c8bc elementor-widget elementor-widget-text-editor\" data-id=\"166c8bc\" data-element_type=\"widget\" data-e-type=\"widget\" data-widget_type=\"text-editor.default\">\n\t\t\t\t\t\t\t\t\t<p>Escapada del 17 al 20 de mayo para participar en regata de La Vogalonga. Descenderemos desde San Giuliano y entrando por el Gran Canal llegaremos a San Marcos para tomar la salida de regata a las 9 en punto de la ma\u00f1ana. Es un momento indescriptible cuando despu\u00e9s del ca\u00f1onazo empiezan a sonar todas las campana de Venecia en medio de las ovaciones de aproximadamente 18.000 remeros. La regata dura todo el d\u00eda.<\/p><p>El viaje ofrecer\u00e1 tambi\u00e9n un acercamiento en clave de interpretaci\u00f3n a los siguientes temas:<\/p><ul><li>\u00a0Embarcaciones tradicionales venecianas y su voga v\u00e9neta.<br \/>\u00a0<\/li><li>Astilleros tradicionales (squeros) y artesanos (f\u00f3rcolas, remos etc)<br \/>\u00a0<\/li><li>Bares tradicionales de vinos de sombra a pie de canal (aqu\u00ed tambi\u00e9n hay tapas).<br \/>\u00a0<\/li><li>Escenarios de la Biennale (Arsenale y Giardini), y por supuesto los grandes iconos venecianos (Gran Canal, Rialto, la Pescheria, La Salute, San Marcos)<br \/><br \/><\/li><\/ul><p>En defintiva, una experiencia inolvidable que no a la que no se tiene la oportunidad de participar todos los d\u00edas.<\/p>\t\t\t\t\t\t\t\t<\/div>\n\t\t\t\t<\/div>\n\t\t<div class=\"elementor-element elementor-element-e7cb022 e-con-full e-flex e-con e-child\" data-id=\"e7cb022\" data-element_type=\"container\" data-e-type=\"container\" data-settings=\"{&quot;background_background&quot;:&quot;classic&quot;}\">\n\t\t\t\t<div class=\"elementor-element elementor-element-fc4d55c elementor-widget elementor-widget-gallery\" data-id=\"fc4d55c\" data-element_type=\"widget\" data-e-type=\"widget\" data-settings=\"{&quot;gallery_layout&quot;:&quot;justified&quot;,&quot;ideal_row_height&quot;:{&quot;unit&quot;:&quot;px&quot;,&quot;size&quot;:166,&quot;sizes&quot;:[]},&quot;gap&quot;:{&quot;unit&quot;:&quot;px&quot;,&quot;size&quot;:8,&quot;sizes&quot;:[]},&quot;lazyload&quot;:&quot;yes&quot;,&quot;ideal_row_height_tablet&quot;:{&quot;unit&quot;:&quot;px&quot;,&quot;size&quot;:150,&quot;sizes&quot;:[]},&quot;ideal_row_height_mobile&quot;:{&quot;unit&quot;:&quot;px&quot;,&quot;size&quot;:150,&quot;sizes&quot;:[]},&quot;gap_tablet&quot;:{&quot;unit&quot;:&quot;px&quot;,&quot;size&quot;:10,&quot;sizes&quot;:[]},&quot;gap_mobile&quot;:{&quot;unit&quot;:&quot;px&quot;,&quot;size&quot;:10,&quot;sizes&quot;:[]},&quot;link_to&quot;:&quot;file&quot;,&quot;overlay_background&quot;:&quot;yes&quot;,&quot;content_hover_animation&quot;:&quot;fade-in&quot;}\" data-widget_type=\"gallery.default\">\n\t\t\t\t\t\t\t<div class=\"elementor-gallery__container\">\n\t\t\t\t\t\t\t<a class=\"e-gallery-item elementor-gallery-item elementor-animated-content\" href=\"https:\/\/navigatio.es\/wp-content\/uploads\/2025\/12\/venecia-000.avif\" data-elementor-open-lightbox=\"yes\" data-elementor-lightbox-slideshow=\"fc4d55c\" data-elementor-lightbox-title=\"venecia-000\" data-e-action-hash=\"#elementor-action%3Aaction%3Dlightbox%26settings%3DeyJpZCI6NDIxLCJ1cmwiOiJodHRwczpcL1wvbmF2aWdhdGlvLmVzXC93cC1jb250ZW50XC91cGxvYWRzXC8yMDI1XC8xMlwvdmVuZWNpYS0wMDAuYXZpZiIsInNsaWRlc2hvdyI6ImZjNGQ1NWMifQ%3D%3D\">\n\t\t\t\t\t<div class=\"e-gallery-image elementor-gallery-item__image\" data-thumbnail=\"https:\/\/navigatio.es\/wp-content\/uploads\/2025\/12\/venecia-000-300x206.jpg\" data-width=\"300\" data-height=\"206\" aria-label=\"\" role=\"img\" ><\/div>\n\t\t\t\t\t\t\t\t\t\t\t<div class=\"elementor-gallery-item__overlay\"><\/div>\n\t\t\t\t\t\t\t\t\t\t\t\t\t\t<\/a>\n\t\t\t\t\t\t\t<a class=\"e-gallery-item elementor-gallery-item elementor-animated-content\" href=\"https:\/\/navigatio.es\/wp-content\/uploads\/2025\/12\/venecia-001.avif\" data-elementor-open-lightbox=\"yes\" data-elementor-lightbox-slideshow=\"fc4d55c\" data-elementor-lightbox-title=\"venecia-001\" data-e-action-hash=\"#elementor-action%3Aaction%3Dlightbox%26settings%3DeyJpZCI6NDIyLCJ1cmwiOiJodHRwczpcL1wvbmF2aWdhdGlvLmVzXC93cC1jb250ZW50XC91cGxvYWRzXC8yMDI1XC8xMlwvdmVuZWNpYS0wMDEuYXZpZiIsInNsaWRlc2hvdyI6ImZjNGQ1NWMifQ%3D%3D\">\n\t\t\t\t\t<div class=\"e-gallery-image elementor-gallery-item__image\" data-thumbnail=\"https:\/\/navigatio.es\/wp-content\/uploads\/2025\/12\/venecia-001-300x206.jpg\" data-width=\"300\" data-height=\"206\" aria-label=\"\" role=\"img\" ><\/div>\n\t\t\t\t\t\t\t\t\t\t\t<div class=\"elementor-gallery-item__overlay\"><\/div>\n\t\t\t\t\t\t\t\t\t\t\t\t\t\t<\/a>\n\t\t\t\t\t<\/div>\n\t\t\t\t\t<\/div>\n\t\t\t\t<\/div>\n\t\t\t\t\t<\/div>\n\t\t\t\t<\/div>\n\t\t\t\t<\/div>\n\t\t\t\t<\/div>\n\t\t","protected":false},"excerpt":{"rendered":"<p>Experiencias \u00fanicas que combinan mar, naturaleza y cultura en destinos llenos de historia. Escapadas con Remo Escapadas pensadas para disfrutar con calma, descubrir lugares especiales y conectar con el entorno desde una perspectiva diferente. Propuestas que unen navegaci\u00f3n tradicional, paisajes singulares y tiempo para saborear cada destino. Una invitaci\u00f3n a viajar, compartir y vivir el [&hellip;]<\/p>\n","protected":false},"author":1,"featured_media":0,"parent":311,"menu_order":0,"comment_status":"closed","ping_status":"closed","template":"elementor_header_footer","meta":{"footnotes":""},"class_list":["post-405","page","type-page","status-publish","hentry"],"yoast_head":"<!-- This site is optimized with the Yoast SEO plugin v27.4 - https:\/\/yoast.com\/product\/yoast-seo-wordpress\/ -->\n<title>Escapadas con Remo - Navigatio<\/title>\n<meta name=\"robots\" content=\"index, follow, max-snippet:-1, max-image-preview:large, max-video-preview:-1\" \/>\n<link rel=\"canonical\" href=\"https:\/\/navigatio.es\/index.php\/las-orillas\/actividades-especiales\/escapadas-con-remo\/\" \/>\n<meta property=\"og:locale\" content=\"es_ES\" \/>\n<meta property=\"og:type\" content=\"article\" \/>\n<meta property=\"og:title\" content=\"Escapadas con Remo - Navigatio\" \/>\n<meta property=\"og:description\" content=\"Experiencias \u00fanicas que combinan mar, naturaleza y cultura en destinos llenos de historia. Escapadas con Remo Escapadas pensadas para disfrutar con calma, descubrir lugares especiales y conectar con el entorno desde una perspectiva diferente. Propuestas que unen navegaci\u00f3n tradicional, paisajes singulares y tiempo para saborear cada destino. Una invitaci\u00f3n a viajar, compartir y vivir el [&hellip;]\" \/>\n<meta property=\"og:url\" content=\"https:\/\/navigatio.es\/index.php\/las-orillas\/actividades-especiales\/escapadas-con-remo\/\" \/>\n<meta property=\"og:site_name\" content=\"Navigatio\" \/>\n<meta property=\"article:modified_time\" content=\"2025-12-24T10:16:18+00:00\" \/>\n<meta name=\"twitter:card\" content=\"summary_large_image\" \/>\n<script type=\"application\/ld+json\" class=\"yoast-schema-graph\">{\"@context\":\"https:\\\/\\\/schema.org\",\"@graph\":[{\"@type\":\"WebPage\",\"@id\":\"https:\\\/\\\/navigatio.es\\\/index.php\\\/las-orillas\\\/actividades-especiales\\\/escapadas-con-remo\\\/\",\"url\":\"https:\\\/\\\/navigatio.es\\\/index.php\\\/las-orillas\\\/actividades-especiales\\\/escapadas-con-remo\\\/\",\"name\":\"Escapadas con Remo - Navigatio\",\"isPartOf\":{\"@id\":\"https:\\\/\\\/navigatio.es\\\/#website\"},\"datePublished\":\"2025-12-16T08:02:59+00:00\",\"dateModified\":\"2025-12-24T10:16:18+00:00\",\"breadcrumb\":{\"@id\":\"https:\\\/\\\/navigatio.es\\\/index.php\\\/las-orillas\\\/actividades-especiales\\\/escapadas-con-remo\\\/#breadcrumb\"},\"inLanguage\":\"es\",\"potentialAction\":[{\"@type\":\"ReadAction\",\"target\":[\"https:\\\/\\\/navigatio.es\\\/index.php\\\/las-orillas\\\/actividades-especiales\\\/escapadas-con-remo\\\/\"]}]},{\"@type\":\"BreadcrumbList\",\"@id\":\"https:\\\/\\\/navigatio.es\\\/index.php\\\/las-orillas\\\/actividades-especiales\\\/escapadas-con-remo\\\/#breadcrumb\",\"itemListElement\":[{\"@type\":\"ListItem\",\"position\":1,\"name\":\"Portada\",\"item\":\"https:\\\/\\\/navigatio.es\\\/\"},{\"@type\":\"ListItem\",\"position\":2,\"name\":\"Las orillas del Mar de J\u00fabilo\",\"item\":\"https:\\\/\\\/navigatio.es\\\/index.php\\\/las-orillas\\\/\"},{\"@type\":\"ListItem\",\"position\":3,\"name\":\"Actividades especiales\",\"item\":\"https:\\\/\\\/navigatio.es\\\/index.php\\\/las-orillas\\\/actividades-especiales\\\/\"},{\"@type\":\"ListItem\",\"position\":4,\"name\":\"Escapadas con Remo\"}]},{\"@type\":\"WebSite\",\"@id\":\"https:\\\/\\\/navigatio.es\\\/#website\",\"url\":\"https:\\\/\\\/navigatio.es\\\/\",\"name\":\"Navigatio\",\"description\":\"\",\"publisher\":{\"@id\":\"https:\\\/\\\/navigatio.es\\\/#organization\"},\"potentialAction\":[{\"@type\":\"SearchAction\",\"target\":{\"@type\":\"EntryPoint\",\"urlTemplate\":\"https:\\\/\\\/navigatio.es\\\/?s={search_term_string}\"},\"query-input\":{\"@type\":\"PropertyValueSpecification\",\"valueRequired\":true,\"valueName\":\"search_term_string\"}}],\"inLanguage\":\"es\"},{\"@type\":\"Organization\",\"@id\":\"https:\\\/\\\/navigatio.es\\\/#organization\",\"name\":\"Navigatio\",\"url\":\"https:\\\/\\\/navigatio.es\\\/\",\"logo\":{\"@type\":\"ImageObject\",\"inLanguage\":\"es\",\"@id\":\"https:\\\/\\\/navigatio.es\\\/#\\\/schema\\\/logo\\\/image\\\/\",\"url\":\"https:\\\/\\\/navigatio.es\\\/wp-content\\\/uploads\\\/2025\\\/12\\\/Logo-def-vectorizado_page-0001-e1765543556822.jpg\",\"contentUrl\":\"https:\\\/\\\/navigatio.es\\\/wp-content\\\/uploads\\\/2025\\\/12\\\/Logo-def-vectorizado_page-0001-e1765543556822.jpg\",\"width\":728,\"height\":722,\"caption\":\"Navigatio\"},\"image\":{\"@id\":\"https:\\\/\\\/navigatio.es\\\/#\\\/schema\\\/logo\\\/image\\\/\"}}]}<\/script>\n<!-- \/ Yoast SEO plugin. -->","yoast_head_json":{"title":"Escapadas con Remo - Navigatio","robots":{"index":"index","follow":"follow","max-snippet":"max-snippet:-1","max-image-preview":"max-image-preview:large","max-video-preview":"max-video-preview:-1"},"canonical":"https:\/\/navigatio.es\/index.php\/las-orillas\/actividades-especiales\/escapadas-con-remo\/","og_locale":"es_ES","og_type":"article","og_title":"Escapadas con Remo - Navigatio","og_description":"Experiencias \u00fanicas que combinan mar, naturaleza y cultura en destinos llenos de historia. Escapadas con Remo Escapadas pensadas para disfrutar con calma, descubrir lugares especiales y conectar con el entorno desde una perspectiva diferente. Propuestas que unen navegaci\u00f3n tradicional, paisajes singulares y tiempo para saborear cada destino. Una invitaci\u00f3n a viajar, compartir y vivir el [&hellip;]","og_url":"https:\/\/navigatio.es\/index.php\/las-orillas\/actividades-especiales\/escapadas-con-remo\/","og_site_name":"Navigatio","article_modified_time":"2025-12-24T10:16:18+00:00","twitter_card":"summary_large_image","schema":{"@context":"https:\/\/schema.org","@graph":[{"@type":"WebPage","@id":"https:\/\/navigatio.es\/index.php\/las-orillas\/actividades-especiales\/escapadas-con-remo\/","url":"https:\/\/navigatio.es\/index.php\/las-orillas\/actividades-especiales\/escapadas-con-remo\/","name":"Escapadas con Remo - Navigatio","isPartOf":{"@id":"https:\/\/navigatio.es\/#website"},"datePublished":"2025-12-16T08:02:59+00:00","dateModified":"2025-12-24T10:16:18+00:00","breadcrumb":{"@id":"https:\/\/navigatio.es\/index.php\/las-orillas\/actividades-especiales\/escapadas-con-remo\/#breadcrumb"},"inLanguage":"es","potentialAction":[{"@type":"ReadAction","target":["https:\/\/navigatio.es\/index.php\/las-orillas\/actividades-especiales\/escapadas-con-remo\/"]}]},{"@type":"BreadcrumbList","@id":"https:\/\/navigatio.es\/index.php\/las-orillas\/actividades-especiales\/escapadas-con-remo\/#breadcrumb","itemListElement":[{"@type":"ListItem","position":1,"name":"Portada","item":"https:\/\/navigatio.es\/"},{"@type":"ListItem","position":2,"name":"Las orillas del Mar de J\u00fabilo","item":"https:\/\/navigatio.es\/index.php\/las-orillas\/"},{"@type":"ListItem","position":3,"name":"Actividades especiales","item":"https:\/\/navigatio.es\/index.php\/las-orillas\/actividades-especiales\/"},{"@type":"ListItem","position":4,"name":"Escapadas con Remo"}]},{"@type":"WebSite","@id":"https:\/\/navigatio.es\/#website","url":"https:\/\/navigatio.es\/","name":"Navigatio","description":"","publisher":{"@id":"https:\/\/navigatio.es\/#organization"},"potentialAction":[{"@type":"SearchAction","target":{"@type":"EntryPoint","urlTemplate":"https:\/\/navigatio.es\/?s={search_term_string}"},"query-input":{"@type":"PropertyValueSpecification","valueRequired":true,"valueName":"search_term_string"}}],"inLanguage":"es"},{"@type":"Organization","@id":"https:\/\/navigatio.es\/#organization","name":"Navigatio","url":"https:\/\/navigatio.es\/","logo":{"@type":"ImageObject","inLanguage":"es","@id":"https:\/\/navigatio.es\/#\/schema\/logo\/image\/","url":"https:\/\/navigatio.es\/wp-content\/uploads\/2025\/12\/Logo-def-vectorizado_page-0001-e1765543556822.jpg","contentUrl":"https:\/\/navigatio.es\/wp-content\/uploads\/2025\/12\/Logo-def-vectorizado_page-0001-e1765543556822.jpg","width":728,"height":722,"caption":"Navigatio"},"image":{"@id":"https:\/\/navigatio.es\/#\/schema\/logo\/image\/"}}]}},"_links":{"self":[{"href":"https:\/\/navigatio.es\/index.php\/wp-json\/wp\/v2\/pages\/405","targetHints":{"allow":["GET"]}}],"collection":[{"href":"https:\/\/navigatio.es\/index.php\/wp-json\/wp\/v2\/pages"}],"about":[{"href":"https:\/\/navigatio.es\/index.php\/wp-json\/wp\/v2\/types\/page"}],"author":[{"embeddable":true,"href":"https:\/\/navigatio.es\/index.php\/wp-json\/wp\/v2\/users\/1"}],"replies":[{"embeddable":true,"href":"https:\/\/navigatio.es\/index.php\/wp-json\/wp\/v2\/comments?post=405"}],"version-history":[{"count":10,"href":"https:\/\/navigatio.es\/index.php\/wp-json\/wp\/v2\/pages\/405\/revisions"}],"predecessor-version":[{"id":892,"href":"https:\/\/navigatio.es\/index.php\/wp-json\/wp\/v2\/pages\/405\/revisions\/892"}],"up":[{"embeddable":true,"href":"https:\/\/navigatio.es\/index.php\/wp-json\/wp\/v2\/pages\/311"}],"wp:attachment":[{"href":"https:\/\/navigatio.es\/index.php\/wp-json\/wp\/v2\/media?parent=405"}],"curies":[{"name":"wp","href":"https:\/\/api.w.org\/{rel}","templated":true}]}}