{"id":734,"date":"2025-12-19T09:23:36","date_gmt":"2025-12-19T08:23:36","guid":{"rendered":"https:\/\/navigatio.es\/?page_id=734"},"modified":"2025-12-24T11:17:28","modified_gmt":"2025-12-24T10:17:28","slug":"editorial","status":"publish","type":"page","link":"https:\/\/navigatio.es\/index.php\/liceo-maritimo\/editorial\/","title":{"rendered":"Editorial"},"content":{"rendered":"\t\t<div data-elementor-type=\"wp-page\" data-elementor-id=\"734\" class=\"elementor elementor-734\" data-elementor-post-type=\"page\">\n\t\t\t\t<div class=\"elementor-element elementor-element-5cc0de79 e-con-full e-flex e-con e-parent\" data-id=\"5cc0de79\" data-element_type=\"container\" data-e-type=\"container\" data-settings=\"{&quot;background_background&quot;:&quot;classic&quot;}\">\n\t\t<div class=\"elementor-element elementor-element-653d7438 e-con-full e-flex e-con e-child\" data-id=\"653d7438\" data-element_type=\"container\" data-e-type=\"container\">\n\t\t\t\t<div class=\"elementor-element elementor-element-43a4dab5 elementor-widget elementor-widget-heading\" data-id=\"43a4dab5\" data-element_type=\"widget\" data-e-type=\"widget\" data-widget_type=\"heading.default\">\n\t\t\t\t\t<p class=\"elementor-heading-title elementor-size-default\">Beneficios, contenidos y experiencias reservadas a quienes forman parte de la tripulaci\u00f3n Navigatio.<\/p>\t\t\t\t<\/div>\n\t\t\t\t<div class=\"elementor-element elementor-element-516557db elementor-widget elementor-widget-heading\" data-id=\"516557db\" data-element_type=\"widget\" data-e-type=\"widget\" data-widget_type=\"heading.default\">\n\t\t\t\t\t<h1 class=\"elementor-heading-title elementor-size-default\">Editorial<\/h1>\t\t\t\t<\/div>\n\t\t\t\t<div class=\"elementor-element elementor-element-13080ff2 elementor-widget elementor-widget-text-editor\" data-id=\"13080ff2\" data-element_type=\"widget\" data-e-type=\"widget\" data-widget_type=\"text-editor.default\">\n\t\t\t\t\t\t\t\t\t<p>Ser mareante significa formar parte de una comunidad que vive el mar desde dentro. Este espacio est\u00e1 dise\u00f1ado para ofrecer beneficios \u00fanicos, acceso a contenidos especiales y la posibilidad de participar en actividades reservadas.<\/p>\t\t\t\t\t\t\t\t<\/div>\n\t\t\t\t<div class=\"elementor-element elementor-element-409e4074 elementor-widget elementor-widget-button\" data-id=\"409e4074\" data-element_type=\"widget\" data-e-type=\"widget\" data-widget_type=\"button.default\">\n\t\t\t\t\t\t\t\t\t\t<a class=\"elementor-button elementor-button-link elementor-size-sm\" href=\"#\">\n\t\t\t\t\t\t<span class=\"elementor-button-content-wrapper\">\n\t\t\t\t\t\t\t\t\t<span class=\"elementor-button-text\">Conoce m\u00e1s<\/span>\n\t\t\t\t\t<\/span>\n\t\t\t\t\t<\/a>\n\t\t\t\t\t\t\t\t<\/div>\n\t\t\t\t<\/div>\n\t\t\t\t<\/div>\n\t\t<div class=\"elementor-element elementor-element-692e050 e-flex e-con-boxed e-con e-parent\" data-id=\"692e050\" data-element_type=\"container\" data-e-type=\"container\">\n\t\t\t\t\t<div class=\"e-con-inner\">\n\t\t\t\t<div class=\"elementor-element elementor-element-a2b0093 elementor-widget elementor-widget-text-editor\" data-id=\"a2b0093\" data-element_type=\"widget\" data-e-type=\"widget\" data-widget_type=\"text-editor.default\">\n\t\t\t\t\t\t\t\t\t<nav class=\"breadcrumb\" aria-label=\"Breadcrumb\"><ol><li style=\"list-style-type: none;\"><ol><li><a href=\"https:\/\/navigatio.es\/\">Inicio<\/a><\/li><li><a href=\"https:\/\/navigatio.es\/index.php\/liceo-maritimo\/\">Liceo Mar\u00edtimo<\/a><\/li><li class=\"current\" aria-current=\"page\">Editorial<\/li><\/ol><\/li><\/ol><\/nav>\t\t\t\t\t\t\t\t<\/div>\n\t\t\t\t\t<\/div>\n\t\t\t\t<\/div>\n\t\t<div class=\"elementor-element elementor-element-8558273 e-flex e-con-boxed e-con e-parent\" data-id=\"8558273\" data-element_type=\"container\" data-e-type=\"container\">\n\t\t\t\t\t<div class=\"e-con-inner\">\n\t\t<div class=\"elementor-element elementor-element-771da1f e-con-full e-flex e-con e-child\" data-id=\"771da1f\" data-element_type=\"container\" data-e-type=\"container\">\n\t\t\t\t<div class=\"elementor-element elementor-element-551dbea elementor-widget elementor-widget-heading\" data-id=\"551dbea\" data-element_type=\"widget\" data-e-type=\"widget\" data-widget_type=\"heading.default\">\n\t\t\t\t\t<p class=\"elementor-heading-title elementor-size-default\">Proyectos educativos europeos<\/p>\t\t\t\t<\/div>\n\t\t\t\t<div class=\"elementor-element elementor-element-dec92b6 elementor-align-start elementor-icon-list--layout-traditional elementor-list-item-link-full_width elementor-widget elementor-widget-icon-list\" data-id=\"dec92b6\" data-element_type=\"widget\" data-e-type=\"widget\" data-widget_type=\"icon-list.default\">\n\t\t\t\t\t\t\t<ul class=\"elementor-icon-list-items\">\n\t\t\t\t\t\t\t<li class=\"elementor-icon-list-item\">\n\t\t\t\t\t\t\t\t\t\t\t<span class=\"elementor-icon-list-icon\">\n\t\t\t\t\t\t\t<svg aria-hidden=\"true\" class=\"e-font-icon-svg e-fas-check\" viewBox=\"0 0 512 512\" xmlns=\"http:\/\/www.w3.org\/2000\/svg\"><path d=\"M173.898 439.404l-166.4-166.4c-9.997-9.997-9.997-26.206 0-36.204l36.203-36.204c9.997-9.998 26.207-9.998 36.204 0L192 312.69 432.095 72.596c9.997-9.997 26.207-9.997 36.204 0l36.203 36.204c9.997 9.997 9.997 26.206 0 36.204l-294.4 294.401c-9.998 9.997-26.207 9.997-36.204-.001z\"><\/path><\/svg>\t\t\t\t\t\t<\/span>\n\t\t\t\t\t\t\t\t\t\t<span class=\"elementor-icon-list-text\"><\/span>\n\t\t\t\t\t\t\t\t\t<\/li>\n\t\t\t\t\t\t\t\t<li class=\"elementor-icon-list-item\">\n\t\t\t\t\t\t\t\t\t\t\t<span class=\"elementor-icon-list-icon\">\n\t\t\t\t\t\t\t<svg aria-hidden=\"true\" class=\"e-font-icon-svg e-fas-check\" viewBox=\"0 0 512 512\" xmlns=\"http:\/\/www.w3.org\/2000\/svg\"><path d=\"M173.898 439.404l-166.4-166.4c-9.997-9.997-9.997-26.206 0-36.204l36.203-36.204c9.997-9.998 26.207-9.998 36.204 0L192 312.69 432.095 72.596c9.997-9.997 26.207-9.997 36.204 0l36.203 36.204c9.997 9.997 9.997 26.206 0 36.204l-294.4 294.401c-9.998 9.997-26.207 9.997-36.204-.001z\"><\/path><\/svg>\t\t\t\t\t\t<\/span>\n\t\t\t\t\t\t\t\t\t\t<span class=\"elementor-icon-list-text\"><\/span>\n\t\t\t\t\t\t\t\t\t<\/li>\n\t\t\t\t\t\t\t\t<li class=\"elementor-icon-list-item\">\n\t\t\t\t\t\t\t\t\t\t\t<span class=\"elementor-icon-list-icon\">\n\t\t\t\t\t\t\t<svg aria-hidden=\"true\" class=\"e-font-icon-svg e-fas-check\" viewBox=\"0 0 512 512\" xmlns=\"http:\/\/www.w3.org\/2000\/svg\"><path d=\"M173.898 439.404l-166.4-166.4c-9.997-9.997-9.997-26.206 0-36.204l36.203-36.204c9.997-9.998 26.207-9.998 36.204 0L192 312.69 432.095 72.596c9.997-9.997 26.207-9.997 36.204 0l36.203 36.204c9.997 9.997 9.997 26.206 0 36.204l-294.4 294.401c-9.998 9.997-26.207 9.997-36.204-.001z\"><\/path><\/svg>\t\t\t\t\t\t<\/span>\n\t\t\t\t\t\t\t\t\t\t<span class=\"elementor-icon-list-text\"><\/span>\n\t\t\t\t\t\t\t\t\t<\/li>\n\t\t\t\t\t\t<\/ul>\n\t\t\t\t\t\t<\/div>\n\t\t\t\t<\/div>\n\t\t<div class=\"elementor-element elementor-element-ad54d4b e-con-full e-flex e-con e-child\" data-id=\"ad54d4b\" data-element_type=\"container\" data-e-type=\"container\">\n\t\t\t\t<div class=\"elementor-element elementor-element-b286ac6 elementor-widget elementor-widget-heading\" data-id=\"b286ac6\" data-element_type=\"widget\" data-e-type=\"widget\" data-widget_type=\"heading.default\">\n\t\t\t\t\t<p class=\"elementor-heading-title elementor-size-default\">Eventos y campa\u00f1as oce\u00e1nicas<\/p>\t\t\t\t<\/div>\n\t\t\t\t<div class=\"elementor-element elementor-element-3eb3226 elementor-align-start elementor-icon-list--layout-traditional elementor-list-item-link-full_width elementor-widget elementor-widget-icon-list\" data-id=\"3eb3226\" data-element_type=\"widget\" data-e-type=\"widget\" data-widget_type=\"icon-list.default\">\n\t\t\t\t\t\t\t<ul class=\"elementor-icon-list-items\">\n\t\t\t\t\t\t\t<li class=\"elementor-icon-list-item\">\n\t\t\t\t\t\t\t\t\t\t\t<span class=\"elementor-icon-list-icon\">\n\t\t\t\t\t\t\t<svg aria-hidden=\"true\" class=\"e-font-icon-svg e-fas-check\" viewBox=\"0 0 512 512\" xmlns=\"http:\/\/www.w3.org\/2000\/svg\"><path d=\"M173.898 439.404l-166.4-166.4c-9.997-9.997-9.997-26.206 0-36.204l36.203-36.204c9.997-9.998 26.207-9.998 36.204 0L192 312.69 432.095 72.596c9.997-9.997 26.207-9.997 36.204 0l36.203 36.204c9.997 9.997 9.997 26.206 0 36.204l-294.4 294.401c-9.998 9.997-26.207 9.997-36.204-.001z\"><\/path><\/svg>\t\t\t\t\t\t<\/span>\n\t\t\t\t\t\t\t\t\t\t<span class=\"elementor-icon-list-text\"><\/span>\n\t\t\t\t\t\t\t\t\t<\/li>\n\t\t\t\t\t\t\t\t<li class=\"elementor-icon-list-item\">\n\t\t\t\t\t\t\t\t\t\t\t<span class=\"elementor-icon-list-icon\">\n\t\t\t\t\t\t\t<svg aria-hidden=\"true\" class=\"e-font-icon-svg e-fas-check\" viewBox=\"0 0 512 512\" xmlns=\"http:\/\/www.w3.org\/2000\/svg\"><path d=\"M173.898 439.404l-166.4-166.4c-9.997-9.997-9.997-26.206 0-36.204l36.203-36.204c9.997-9.998 26.207-9.998 36.204 0L192 312.69 432.095 72.596c9.997-9.997 26.207-9.997 36.204 0l36.203 36.204c9.997 9.997 9.997 26.206 0 36.204l-294.4 294.401c-9.998 9.997-26.207 9.997-36.204-.001z\"><\/path><\/svg>\t\t\t\t\t\t<\/span>\n\t\t\t\t\t\t\t\t\t\t<span class=\"elementor-icon-list-text\"><\/span>\n\t\t\t\t\t\t\t\t\t<\/li>\n\t\t\t\t\t\t\t\t<li class=\"elementor-icon-list-item\">\n\t\t\t\t\t\t\t\t\t\t\t<span class=\"elementor-icon-list-icon\">\n\t\t\t\t\t\t\t<svg aria-hidden=\"true\" class=\"e-font-icon-svg e-fas-check\" viewBox=\"0 0 512 512\" xmlns=\"http:\/\/www.w3.org\/2000\/svg\"><path d=\"M173.898 439.404l-166.4-166.4c-9.997-9.997-9.997-26.206 0-36.204l36.203-36.204c9.997-9.998 26.207-9.998 36.204 0L192 312.69 432.095 72.596c9.997-9.997 26.207-9.997 36.204 0l36.203 36.204c9.997 9.997 9.997 26.206 0 36.204l-294.4 294.401c-9.998 9.997-26.207 9.997-36.204-.001z\"><\/path><\/svg>\t\t\t\t\t\t<\/span>\n\t\t\t\t\t\t\t\t\t\t<span class=\"elementor-icon-list-text\"><\/span>\n\t\t\t\t\t\t\t\t\t<\/li>\n\t\t\t\t\t\t<\/ul>\n\t\t\t\t\t\t<\/div>\n\t\t\t\t<\/div>\n\t\t\t\t\t<\/div>\n\t\t\t\t<\/div>\n\t\t<div class=\"elementor-element elementor-element-8d0b99b e-con-full video-center e-flex e-con e-parent\" data-id=\"8d0b99b\" data-element_type=\"container\" data-e-type=\"container\" data-settings=\"{&quot;background_background&quot;:&quot;classic&quot;}\">\n\t\t<div class=\"elementor-element elementor-element-ad3b6f0 e-flex e-con-boxed e-con e-child\" data-id=\"ad3b6f0\" data-element_type=\"container\" data-e-type=\"container\">\n\t\t\t\t\t<div class=\"e-con-inner\">\n\t\t\t\t<div class=\"elementor-element elementor-element-40db7ac elementor-widget elementor-widget-heading\" data-id=\"40db7ac\" data-element_type=\"widget\" data-e-type=\"widget\" data-widget_type=\"heading.default\">\n\t\t\t\t\t<p class=\"elementor-heading-title elementor-size-default\">Forma parte de nuestra comunidad y descubre el mar desde otra perspectiva.<\/p>\t\t\t\t<\/div>\n\t\t\t\t<div class=\"elementor-element elementor-element-0f72b6b elementor-widget elementor-widget-heading\" data-id=\"0f72b6b\" data-element_type=\"widget\" data-e-type=\"widget\" data-widget_type=\"heading.default\">\n\t\t\t\t\t<h1 class=\"elementor-heading-title elementor-size-default\">\u00danete a Navigatio<\/h1>\t\t\t\t<\/div>\n\t\t<div class=\"elementor-element elementor-element-6b7c909 e-con-full e-flex e-con e-child\" data-id=\"6b7c909\" data-element_type=\"container\" data-e-type=\"container\">\n\t\t\t\t<div class=\"elementor-element elementor-element-3299839 elementor-widget elementor-widget-button\" data-id=\"3299839\" data-element_type=\"widget\" data-e-type=\"widget\" data-widget_type=\"button.default\">\n\t\t\t\t\t\t\t\t\t\t<a class=\"elementor-button elementor-button-link elementor-size-sm\" href=\"https:\/\/navigatio.es\/index.php\/actividades-especiales\">\n\t\t\t\t\t\t<span class=\"elementor-button-content-wrapper\">\n\t\t\t\t\t\t\t\t\t<span class=\"elementor-button-text\">Participa<\/span>\n\t\t\t\t\t<\/span>\n\t\t\t\t\t<\/a>\n\t\t\t\t\t\t\t\t<\/div>\n\t\t\t\t<\/div>\n\t\t\t\t\t<\/div>\n\t\t\t\t<\/div>\n\t\t\t\t<\/div>\n\t\t\t\t<\/div>\n\t\t","protected":false},"excerpt":{"rendered":"<p>Beneficios, contenidos y experiencias reservadas a quienes forman parte de la tripulaci\u00f3n Navigatio. Editorial Ser mareante significa formar parte de una comunidad que vive el mar desde dentro. Este espacio est\u00e1 dise\u00f1ado para ofrecer beneficios \u00fanicos, acceso a contenidos especiales y la posibilidad de participar en actividades reservadas. Conoce m\u00e1s Inicio Liceo Mar\u00edtimo Editorial Proyectos [&hellip;]<\/p>\n","protected":false},"author":1,"featured_media":0,"parent":606,"menu_order":0,"comment_status":"closed","ping_status":"closed","template":"elementor_header_footer","meta":{"footnotes":""},"class_list":["post-734","page","type-page","status-publish","hentry"],"yoast_head":"<!-- This site is optimized with the Yoast SEO plugin v27.4 - https:\/\/yoast.com\/product\/yoast-seo-wordpress\/ -->\n<title>Editorial - Navigatio<\/title>\n<meta name=\"robots\" content=\"index, follow, max-snippet:-1, max-image-preview:large, max-video-preview:-1\" \/>\n<link rel=\"canonical\" href=\"https:\/\/navigatio.es\/index.php\/liceo-maritimo\/editorial\/\" \/>\n<meta property=\"og:locale\" content=\"es_ES\" \/>\n<meta property=\"og:type\" content=\"article\" \/>\n<meta property=\"og:title\" content=\"Editorial - Navigatio\" \/>\n<meta property=\"og:description\" content=\"Beneficios, contenidos y experiencias reservadas a quienes forman parte de la tripulaci\u00f3n Navigatio. Editorial Ser mareante significa formar parte de una comunidad que vive el mar desde dentro. Este espacio est\u00e1 dise\u00f1ado para ofrecer beneficios \u00fanicos, acceso a contenidos especiales y la posibilidad de participar en actividades reservadas. Conoce m\u00e1s Inicio Liceo Mar\u00edtimo Editorial Proyectos [&hellip;]\" \/>\n<meta property=\"og:url\" content=\"https:\/\/navigatio.es\/index.php\/liceo-maritimo\/editorial\/\" \/>\n<meta property=\"og:site_name\" content=\"Navigatio\" \/>\n<meta property=\"article:modified_time\" content=\"2025-12-24T10:17:28+00:00\" \/>\n<meta name=\"twitter:card\" content=\"summary_large_image\" \/>\n<meta name=\"twitter:label1\" content=\"Tiempo de lectura\" \/>\n\t<meta name=\"twitter:data1\" content=\"1 minuto\" \/>\n<script type=\"application\/ld+json\" class=\"yoast-schema-graph\">{\"@context\":\"https:\\\/\\\/schema.org\",\"@graph\":[{\"@type\":\"WebPage\",\"@id\":\"https:\\\/\\\/navigatio.es\\\/index.php\\\/liceo-maritimo\\\/editorial\\\/\",\"url\":\"https:\\\/\\\/navigatio.es\\\/index.php\\\/liceo-maritimo\\\/editorial\\\/\",\"name\":\"Editorial - Navigatio\",\"isPartOf\":{\"@id\":\"https:\\\/\\\/navigatio.es\\\/#website\"},\"datePublished\":\"2025-12-19T08:23:36+00:00\",\"dateModified\":\"2025-12-24T10:17:28+00:00\",\"breadcrumb\":{\"@id\":\"https:\\\/\\\/navigatio.es\\\/index.php\\\/liceo-maritimo\\\/editorial\\\/#breadcrumb\"},\"inLanguage\":\"es\",\"potentialAction\":[{\"@type\":\"ReadAction\",\"target\":[\"https:\\\/\\\/navigatio.es\\\/index.php\\\/liceo-maritimo\\\/editorial\\\/\"]}]},{\"@type\":\"BreadcrumbList\",\"@id\":\"https:\\\/\\\/navigatio.es\\\/index.php\\\/liceo-maritimo\\\/editorial\\\/#breadcrumb\",\"itemListElement\":[{\"@type\":\"ListItem\",\"position\":1,\"name\":\"Portada\",\"item\":\"https:\\\/\\\/navigatio.es\\\/\"},{\"@type\":\"ListItem\",\"position\":2,\"name\":\"Liceo Mar\u00edtimo\",\"item\":\"https:\\\/\\\/navigatio.es\\\/index.php\\\/liceo-maritimo\\\/\"},{\"@type\":\"ListItem\",\"position\":3,\"name\":\"Editorial\"}]},{\"@type\":\"WebSite\",\"@id\":\"https:\\\/\\\/navigatio.es\\\/#website\",\"url\":\"https:\\\/\\\/navigatio.es\\\/\",\"name\":\"Navigatio\",\"description\":\"\",\"publisher\":{\"@id\":\"https:\\\/\\\/navigatio.es\\\/#organization\"},\"potentialAction\":[{\"@type\":\"SearchAction\",\"target\":{\"@type\":\"EntryPoint\",\"urlTemplate\":\"https:\\\/\\\/navigatio.es\\\/?s={search_term_string}\"},\"query-input\":{\"@type\":\"PropertyValueSpecification\",\"valueRequired\":true,\"valueName\":\"search_term_string\"}}],\"inLanguage\":\"es\"},{\"@type\":\"Organization\",\"@id\":\"https:\\\/\\\/navigatio.es\\\/#organization\",\"name\":\"Navigatio\",\"url\":\"https:\\\/\\\/navigatio.es\\\/\",\"logo\":{\"@type\":\"ImageObject\",\"inLanguage\":\"es\",\"@id\":\"https:\\\/\\\/navigatio.es\\\/#\\\/schema\\\/logo\\\/image\\\/\",\"url\":\"https:\\\/\\\/navigatio.es\\\/wp-content\\\/uploads\\\/2025\\\/12\\\/Logo-def-vectorizado_page-0001-e1765543556822.jpg\",\"contentUrl\":\"https:\\\/\\\/navigatio.es\\\/wp-content\\\/uploads\\\/2025\\\/12\\\/Logo-def-vectorizado_page-0001-e1765543556822.jpg\",\"width\":728,\"height\":722,\"caption\":\"Navigatio\"},\"image\":{\"@id\":\"https:\\\/\\\/navigatio.es\\\/#\\\/schema\\\/logo\\\/image\\\/\"}}]}<\/script>\n<!-- \/ Yoast SEO plugin. -->","yoast_head_json":{"title":"Editorial - Navigatio","robots":{"index":"index","follow":"follow","max-snippet":"max-snippet:-1","max-image-preview":"max-image-preview:large","max-video-preview":"max-video-preview:-1"},"canonical":"https:\/\/navigatio.es\/index.php\/liceo-maritimo\/editorial\/","og_locale":"es_ES","og_type":"article","og_title":"Editorial - Navigatio","og_description":"Beneficios, contenidos y experiencias reservadas a quienes forman parte de la tripulaci\u00f3n Navigatio. Editorial Ser mareante significa formar parte de una comunidad que vive el mar desde dentro. Este espacio est\u00e1 dise\u00f1ado para ofrecer beneficios \u00fanicos, acceso a contenidos especiales y la posibilidad de participar en actividades reservadas. Conoce m\u00e1s Inicio Liceo Mar\u00edtimo Editorial Proyectos [&hellip;]","og_url":"https:\/\/navigatio.es\/index.php\/liceo-maritimo\/editorial\/","og_site_name":"Navigatio","article_modified_time":"2025-12-24T10:17:28+00:00","twitter_card":"summary_large_image","twitter_misc":{"Tiempo de lectura":"1 minuto"},"schema":{"@context":"https:\/\/schema.org","@graph":[{"@type":"WebPage","@id":"https:\/\/navigatio.es\/index.php\/liceo-maritimo\/editorial\/","url":"https:\/\/navigatio.es\/index.php\/liceo-maritimo\/editorial\/","name":"Editorial - Navigatio","isPartOf":{"@id":"https:\/\/navigatio.es\/#website"},"datePublished":"2025-12-19T08:23:36+00:00","dateModified":"2025-12-24T10:17:28+00:00","breadcrumb":{"@id":"https:\/\/navigatio.es\/index.php\/liceo-maritimo\/editorial\/#breadcrumb"},"inLanguage":"es","potentialAction":[{"@type":"ReadAction","target":["https:\/\/navigatio.es\/index.php\/liceo-maritimo\/editorial\/"]}]},{"@type":"BreadcrumbList","@id":"https:\/\/navigatio.es\/index.php\/liceo-maritimo\/editorial\/#breadcrumb","itemListElement":[{"@type":"ListItem","position":1,"name":"Portada","item":"https:\/\/navigatio.es\/"},{"@type":"ListItem","position":2,"name":"Liceo Mar\u00edtimo","item":"https:\/\/navigatio.es\/index.php\/liceo-maritimo\/"},{"@type":"ListItem","position":3,"name":"Editorial"}]},{"@type":"WebSite","@id":"https:\/\/navigatio.es\/#website","url":"https:\/\/navigatio.es\/","name":"Navigatio","description":"","publisher":{"@id":"https:\/\/navigatio.es\/#organization"},"potentialAction":[{"@type":"SearchAction","target":{"@type":"EntryPoint","urlTemplate":"https:\/\/navigatio.es\/?s={search_term_string}"},"query-input":{"@type":"PropertyValueSpecification","valueRequired":true,"valueName":"search_term_string"}}],"inLanguage":"es"},{"@type":"Organization","@id":"https:\/\/navigatio.es\/#organization","name":"Navigatio","url":"https:\/\/navigatio.es\/","logo":{"@type":"ImageObject","inLanguage":"es","@id":"https:\/\/navigatio.es\/#\/schema\/logo\/image\/","url":"https:\/\/navigatio.es\/wp-content\/uploads\/2025\/12\/Logo-def-vectorizado_page-0001-e1765543556822.jpg","contentUrl":"https:\/\/navigatio.es\/wp-content\/uploads\/2025\/12\/Logo-def-vectorizado_page-0001-e1765543556822.jpg","width":728,"height":722,"caption":"Navigatio"},"image":{"@id":"https:\/\/navigatio.es\/#\/schema\/logo\/image\/"}}]}},"_links":{"self":[{"href":"https:\/\/navigatio.es\/index.php\/wp-json\/wp\/v2\/pages\/734","targetHints":{"allow":["GET"]}}],"collection":[{"href":"https:\/\/navigatio.es\/index.php\/wp-json\/wp\/v2\/pages"}],"about":[{"href":"https:\/\/navigatio.es\/index.php\/wp-json\/wp\/v2\/types\/page"}],"author":[{"embeddable":true,"href":"https:\/\/navigatio.es\/index.php\/wp-json\/wp\/v2\/users\/1"}],"replies":[{"embeddable":true,"href":"https:\/\/navigatio.es\/index.php\/wp-json\/wp\/v2\/comments?post=734"}],"version-history":[{"count":16,"href":"https:\/\/navigatio.es\/index.php\/wp-json\/wp\/v2\/pages\/734\/revisions"}],"predecessor-version":[{"id":904,"href":"https:\/\/navigatio.es\/index.php\/wp-json\/wp\/v2\/pages\/734\/revisions\/904"}],"up":[{"embeddable":true,"href":"https:\/\/navigatio.es\/index.php\/wp-json\/wp\/v2\/pages\/606"}],"wp:attachment":[{"href":"https:\/\/navigatio.es\/index.php\/wp-json\/wp\/v2\/media?parent=734"}],"curies":[{"name":"wp","href":"https:\/\/api.w.org\/{rel}","templated":true}]}}